{"id":741803,"date":"2025-08-28T00:57:10","date_gmt":"2025-08-27T21:57:10","guid":{"rendered":"https:\/\/roveyayinevi.com.tr\/index.php\/urun\/geliboluda-ruslar\/"},"modified":"2026-04-16T02:52:54","modified_gmt":"2026-04-15T23:52:54","slug":"geliboluda-ruslar","status":"publish","type":"product","link":"https:\/\/roveyayinevi.com.tr\/index.php\/urun\/geliboluda-ruslar\/","title":{"rendered":"Gelibolu\u2019da Ruslar"},"content":{"rendered":"<p>1920 Ekiminde, i\u00e7 sava\u015f sonunda Bol\u015feviklere yenik d\u00fc\u015fen ve K\u0131r\u0131m\u2019\u0131 terk etmek zorunda kalan \u00c7ar ordusunun bir b\u00f6l\u00fcm\u00fcn\u00fc olu\u015fturan 1. Kolordu\u2019nun, Frans\u0131zlarca yerle\u015ftirildikleri Gelibolu\u2019daki ya\u015famlar\u0131n\u0131 konu alan bu kitap, bizzat burada ya\u015fayanlar taraf\u0131ndan haz\u0131rlanm\u0131\u015ft\u0131r. Bu kitap, ayr\u0131nt\u0131l\u0131 ve yak\u0131n tarihimizin bilinmeyen veya \u00e7ok az bilinen bir olay\u0131na \u0131\u015f\u0131k tutacak bir bi\u00e7imde, yorum kat\u0131lmadan, yazarlar\u0131n g\u00f6r\u00fc\u015flerine ba\u011fl\u0131 kal\u0131narak derlenmi\u015ftir.   <\/p>\n","protected":false},"excerpt":{"rendered":"<p>1920 Ekiminde, i\u00e7 sava\u015f sonunda Bol\u015feviklere yenik d\u00fc\u015fen ve K\u0131r\u0131m\u2019\u0131 terk etmek zorunda kalan \u00c7ar ordusunun bir b\u00f6l\u00fcm\u00fcn\u00fc olu\u015fturan 1. Kolordu\u2019nun, Frans\u0131zlarca yerle\u015ftirildikleri Gelibolu\u2019daki ya\u015famlar\u0131n\u0131 konu<span class=\"excerpt-hellip\"> [\u2026]<\/span><\/p>\n","protected":false},"featured_media":0,"template":"","meta":{"_monsterinsights_skip_tracking":false,"_monsterinsights_sitenote_active":false,"_monsterinsights_sitenote_note":"","_monsterinsights_sitenote_category":0},"product_brand":[],"product_cat":[12312,12304],"product_tag":[],"class_list":{"0":"post-741803","1":"product","2":"type-product","3":"status-publish","5":"product_cat-diger","6":"product_cat-tarih","7":"pa_cilt-ciltsiz","8":"pa_tur-kitap","9":"pa_yayinevi-toz-yayinlari","10":"pa_yazar-g-fyodorovic-volosin-petricenko","12":"first","13":"instock","14":"sale","15":"shipping-taxable","16":"purchasable","17":"product-type-simple"},"_links":{"self":[{"href":"https:\/\/roveyayinevi.com.tr\/index.php\/wp-json\/wp\/v2\/product\/741803","targetHints":{"allow":["GET"]}}],"collection":[{"href":"https:\/\/roveyayinevi.com.tr\/index.php\/wp-json\/wp\/v2\/product"}],"about":[{"href":"https:\/\/roveyayinevi.com.tr\/index.php\/wp-json\/wp\/v2\/types\/product"}],"wp:attachment":[{"href":"https:\/\/roveyayinevi.com.tr\/index.php\/wp-json\/wp\/v2\/media?parent=741803"}],"wp:term":[{"taxonomy":"product_brand","embeddable":true,"href":"https:\/\/roveyayinevi.com.tr\/index.php\/wp-json\/wp\/v2\/product_brand?post=741803"},{"taxonomy":"product_cat","embeddable":true,"href":"https:\/\/roveyayinevi.com.tr\/index.php\/wp-json\/wp\/v2\/product_cat?post=741803"},{"taxonomy":"product_tag","embeddable":true,"href":"https:\/\/roveyayinevi.com.tr\/index.php\/wp-json\/wp\/v2\/product_tag?post=741803"}],"curies":[{"name":"wp","href":"https:\/\/api.w.org\/{rel}","templated":true}]}}