{"id":741800,"date":"2025-08-28T00:57:07","date_gmt":"2025-08-27T21:57:07","guid":{"rendered":"https:\/\/roveyayinevi.com.tr\/index.php\/urun\/ejderhayi-sakin-uyandirma\/"},"modified":"2026-04-16T02:52:54","modified_gmt":"2026-04-15T23:52:54","slug":"ejderhayi-sakin-uyandirma","status":"publish","type":"product","link":"https:\/\/roveyayinevi.com.tr\/index.php\/urun\/ejderhayi-sakin-uyandirma\/","title":{"rendered":"Ejderhay\u0131 Sak\u0131n Uyand\u0131rma"},"content":{"rendered":"<p>\u015e\u015f\u015ft! \u00c7ok sessiz ol.   Yaramaz ejderha nihayet uyudu. Sayfalar\u0131 yava\u015f\u00e7a \u00e7evir ki ejderha uyanmas\u0131n. Sonra da kitab\u0131 nazik\u00e7e sallay\u0131p ejderhay\u0131 p\u0131\u015fp\u0131\u015fla. Ve ne yaparsan yap ama ejderhay\u0131 sak\u0131n uyand\u0131rma!   EJDERHAYI SAKIN UYANDIRMA minik ejderhalar\u0131 uykuya haz\u0131rlayacak, interaktif bir uyku masal\u0131.   <\/p>\n","protected":false},"excerpt":{"rendered":"<p>\u015e\u015f\u015ft! \u00c7ok sessiz ol. Yaramaz ejderha nihayet uyudu. Sayfalar\u0131 yava\u015f\u00e7a \u00e7evir ki ejderha uyanmas\u0131n. Sonra da kitab\u0131 nazik\u00e7e sallay\u0131p ejderhay\u0131 p\u0131\u015fp\u0131\u015fla. Ve ne yaparsan yap ama<span class=\"excerpt-hellip\"> [\u2026]<\/span><\/p>\n","protected":false},"featured_media":0,"template":"","meta":{"_monsterinsights_skip_tracking":false,"_monsterinsights_sitenote_active":false,"_monsterinsights_sitenote_note":"","_monsterinsights_sitenote_category":0},"product_brand":[],"product_cat":[12274,12284],"product_tag":[],"class_list":{"0":"post-741800","1":"product","2":"type-product","3":"status-publish","5":"product_cat-cocuk-ve-genclik-kitaplari","6":"product_cat-hikayeler","7":"pa_cilt-ciltsiz","8":"pa_tur-kitap","9":"pa_yayinevi-beyaz-balina-yayinlari","10":"pa_yazar-bianca-schulze","12":"first","13":"instock","14":"sale","15":"shipping-taxable","16":"purchasable","17":"product-type-simple"},"_links":{"self":[{"href":"https:\/\/roveyayinevi.com.tr\/index.php\/wp-json\/wp\/v2\/product\/741800","targetHints":{"allow":["GET"]}}],"collection":[{"href":"https:\/\/roveyayinevi.com.tr\/index.php\/wp-json\/wp\/v2\/product"}],"about":[{"href":"https:\/\/roveyayinevi.com.tr\/index.php\/wp-json\/wp\/v2\/types\/product"}],"wp:attachment":[{"href":"https:\/\/roveyayinevi.com.tr\/index.php\/wp-json\/wp\/v2\/media?parent=741800"}],"wp:term":[{"taxonomy":"product_brand","embeddable":true,"href":"https:\/\/roveyayinevi.com.tr\/index.php\/wp-json\/wp\/v2\/product_brand?post=741800"},{"taxonomy":"product_cat","embeddable":true,"href":"https:\/\/roveyayinevi.com.tr\/index.php\/wp-json\/wp\/v2\/product_cat?post=741800"},{"taxonomy":"product_tag","embeddable":true,"href":"https:\/\/roveyayinevi.com.tr\/index.php\/wp-json\/wp\/v2\/product_tag?post=741800"}],"curies":[{"name":"wp","href":"https:\/\/api.w.org\/{rel}","templated":true}]}}