{"id":741799,"date":"2025-08-28T00:57:06","date_gmt":"2025-08-27T21:57:06","guid":{"rendered":"https:\/\/roveyayinevi.com.tr\/index.php\/urun\/azimli-kucuk-kelebek\/"},"modified":"2026-04-16T02:52:54","modified_gmt":"2026-04-15T23:52:54","slug":"azimli-kucuk-kelebek","status":"publish","type":"product","link":"https:\/\/roveyayinevi.com.tr\/index.php\/urun\/azimli-kucuk-kelebek\/","title":{"rendered":"Azimli K\u00fc\u00e7\u00fck Kelebek"},"content":{"rendered":"<p>K\u00fc\u00e7\u00fck kelebe\u011fin g\u00f6\u00e7 yolculu\u011fu devam ediyor. \u00d6n\u00fcnde h\u00e2l\u00e2 uzun bir yol var. Di\u011fer kelebekler ondan bir hayli \u00f6nde ve aray\u0131 h\u0131zla a\u00e7\u0131yorlar. K\u00fc\u00e7\u00fck kelebe\u011fin de korkular\u0131n\u0131 bir kenara b\u0131rak\u0131p u\u00e7maya devam etmesi gerek. Ama nas\u0131l? Ben Sandalye De\u011filim! \u00c7orbamda Z\u00fcrafa Var ve Sab\u0131rs\u0131z T\u0131rt\u0131l kitaplar\u0131n\u0131n yazar\u0131ndan azmetmeye dair yine \u00e7ok e\u011flenceli bir hik\u00e2ye. <\/p>\n","protected":false},"excerpt":{"rendered":"<p>K\u00fc\u00e7\u00fck kelebe\u011fin g\u00f6\u00e7 yolculu\u011fu devam ediyor. \u00d6n\u00fcnde h\u00e2l\u00e2 uzun bir yol var. Di\u011fer kelebekler ondan bir hayli \u00f6nde ve aray\u0131 h\u0131zla a\u00e7\u0131yorlar. K\u00fc\u00e7\u00fck kelebe\u011fin de korkular\u0131n\u0131<span class=\"excerpt-hellip\"> [\u2026]<\/span><\/p>\n","protected":false},"featured_media":0,"template":"","meta":{"_monsterinsights_skip_tracking":false,"_monsterinsights_sitenote_active":false,"_monsterinsights_sitenote_note":"","_monsterinsights_sitenote_category":0},"product_brand":[],"product_cat":[12274,12284],"product_tag":[],"class_list":{"0":"post-741799","1":"product","2":"type-product","3":"status-publish","5":"product_cat-cocuk-ve-genclik-kitaplari","6":"product_cat-hikayeler","7":"pa_cilt-ciltsiz","8":"pa_tur-kitap","9":"pa_yayinevi-beyaz-balina-yayinlari","10":"pa_yazar-ross-burach","12":"first","13":"instock","14":"sale","15":"shipping-taxable","16":"purchasable","17":"product-type-simple"},"_links":{"self":[{"href":"https:\/\/roveyayinevi.com.tr\/index.php\/wp-json\/wp\/v2\/product\/741799","targetHints":{"allow":["GET"]}}],"collection":[{"href":"https:\/\/roveyayinevi.com.tr\/index.php\/wp-json\/wp\/v2\/product"}],"about":[{"href":"https:\/\/roveyayinevi.com.tr\/index.php\/wp-json\/wp\/v2\/types\/product"}],"wp:attachment":[{"href":"https:\/\/roveyayinevi.com.tr\/index.php\/wp-json\/wp\/v2\/media?parent=741799"}],"wp:term":[{"taxonomy":"product_brand","embeddable":true,"href":"https:\/\/roveyayinevi.com.tr\/index.php\/wp-json\/wp\/v2\/product_brand?post=741799"},{"taxonomy":"product_cat","embeddable":true,"href":"https:\/\/roveyayinevi.com.tr\/index.php\/wp-json\/wp\/v2\/product_cat?post=741799"},{"taxonomy":"product_tag","embeddable":true,"href":"https:\/\/roveyayinevi.com.tr\/index.php\/wp-json\/wp\/v2\/product_tag?post=741799"}],"curies":[{"name":"wp","href":"https:\/\/api.w.org\/{rel}","templated":true}]}}