{"id":741798,"date":"2025-08-28T00:57:05","date_gmt":"2025-08-27T21:57:05","guid":{"rendered":"https:\/\/roveyayinevi.com.tr\/index.php\/urun\/sirat-koprusu-bu-dunya\/"},"modified":"2026-04-16T02:52:54","modified_gmt":"2026-04-15T23:52:54","slug":"sirat-koprusu-bu-dunya","status":"publish","type":"product","link":"https:\/\/roveyayinevi.com.tr\/index.php\/urun\/sirat-koprusu-bu-dunya\/","title":{"rendered":"S\u0131rat K\u00f6pr\u00fcs\u00fc Bu D\u00fcnya"},"content":{"rendered":"<p>\u015eiir, bir tefekk\u00fcr, tasar\u0131m ve g\u00f6n\u00fcl i\u015fidir. Ak\u0131lda ba\u015flayan fikir, y\u00fcrekten gelen co\u015fku, sevgi ve en hasbi duygularla bir araya gelerek sanki bir nehir olup da ak\u0131p gider. Ula\u015f\u0131r m\u0131 denize, var\u0131r m\u0131 menzile? \u0130\u015fte bu bilinmez. \u015eairin hedefe nedir? \u015eair neyi hedefler? \u0130\u015fte bu \u00e7ok a\u00e7\u0131k de\u011fildir. \u015eair bir ki\u015fi i\u00e7in mi yazar? Bin ki\u015fi i\u00e7in mi hayk\u0131r\u0131r? Ya da t\u00fcm D\u00fcnya\u2019ya m\u0131 mesaj verir? Yoksa yaln\u0131zca kendi kendisiyle hasbih\u00e2l \u00fczere mi \u015fiir yazar. Bunlar elbette \u015fairden \u015faire de\u011fi\u015fir. \u015eiirlerimi, \u00f6ncelikle kendi kendimle hasbih\u00e2l ile olu\u015ftururum. Hasbihalimde y\u00fcre\u011fim ve zihnim birlikte hareket eder. Y\u00fcre\u011fime do\u011fan, zihnime d\u00fc\u015fen bir hususu sanki bir hamur yo\u011furur gibi yo\u011furur, hamurun f\u0131r\u0131na sunulmas\u0131 gibi en sonunda s\u00f6zlerimi yaz\u0131ya d\u00f6ker, f\u0131r\u0131ndan ekmek \u00e7\u0131kart\u0131r gibi \u015fiir kitaplar\u0131m\u0131 matbaadan \u00e7\u0131kart\u0131r\u0131m. Bu y\u00f6n\u00fcyle \u015fair bir f\u0131r\u0131nc\u0131ya benzer.  Ekmek bedenin doyurulmas\u0131 i\u00e7indir. \u015eiir de ruhun doyurulmas\u0131 i\u00e7indir. Neticede hem ekmek, hem \u015fiir birer vas\u0131tad\u0131r. Bir de \u015funu hat\u0131rlatmak isterim. Bir \u015fiir dilde yaz\u0131l\u0131r ise dilde kal\u0131r, kalbe girmez. Kalpte yaz\u0131l\u0131r ise kalbe yerle\u015fir ve oradan ba\u015fka yere gitmez. \u0130n\u015fallah \u015fiirlerim kalpte yaz\u0131ld\u0131 ve kalplere girer ve orada yerle\u015fir. \u015eiirlerimin kalplere hitap etmesini y\u00fcrekten diliyorum. \u0130n\u015fallah olur. Bir de \u015fu hususu belirtmek isterim: Bu kitaptaki \u015fiirlerim daha farkl\u0131 ve daha \u00f6zeldir.  \u00d6zellikle bir k\u0131sm\u0131 \u015fekilde \u015fiir olsa da, \u00f6z\u00fcnde dua ve bir taleptir. Kabul ola, in\u015fallah. Kitaptaki bir beyit halindeki k\u00fc\u00e7\u00fck \u015fiirim \u00e7ok \u00e7ok farkl\u0131d\u0131r. Bu beyit r\u00fcyamda yazd\u0131r\u0131ld\u0131. O da ayr\u0131 bir hikmete sahiptir. Esas\u0131nda \u015fiir yazd\u0131r\u0131l\u0131r. Yaz\u0131lmaz. \u00d6zellikle \u0130slam\u00ee Yolda y\u00fcr\u00fcyen \u201cBiz \u015eairler\u201d i\u00e7in ge\u00e7erlidir bu s\u00f6z. \u015eiir yaz\u0131lmaz, yazd\u0131r\u0131l\u0131r. Elhamd\u00fclillah. Allah Yolu\u2019nda y\u00fcr\u00fcyen \u015eairler Adn Cenneti\u2019nde bulu\u015fur. \u0130n\u015fallah. Bu \u015fiir kitab\u0131m\u0131 Hazreti Adem\u2019den k\u0131yamete kadar gelmi\u015f ve gelecek t\u00fcm masumlara ve mazlumlara arma\u011fan ediyorum. Ahmet Sandal <\/p>\n","protected":false},"excerpt":{"rendered":"<p>\u015eiir, bir tefekk\u00fcr, tasar\u0131m ve g\u00f6n\u00fcl i\u015fidir. Ak\u0131lda ba\u015flayan fikir, y\u00fcrekten gelen co\u015fku, sevgi ve en hasbi duygularla bir araya gelerek sanki bir nehir olup da<span class=\"excerpt-hellip\"> [\u2026]<\/span><\/p>\n","protected":false},"featured_media":0,"template":"","meta":{"_monsterinsights_skip_tracking":false,"_monsterinsights_sitenote_active":false,"_monsterinsights_sitenote_note":"","_monsterinsights_sitenote_category":0},"product_brand":[],"product_cat":[12291,12509],"product_tag":[],"class_list":{"0":"post-741798","1":"product","2":"type-product","3":"status-publish","5":"product_cat-edebiyat","6":"product_cat-siir","7":"pa_cilt-ciltsiz","8":"pa_tur-kitap","9":"pa_yayinevi-gulnar-yayinlari","10":"pa_yazar-ahmet-sandal","12":"first","13":"instock","14":"sale","15":"shipping-taxable","16":"purchasable","17":"product-type-simple"},"_links":{"self":[{"href":"https:\/\/roveyayinevi.com.tr\/index.php\/wp-json\/wp\/v2\/product\/741798","targetHints":{"allow":["GET"]}}],"collection":[{"href":"https:\/\/roveyayinevi.com.tr\/index.php\/wp-json\/wp\/v2\/product"}],"about":[{"href":"https:\/\/roveyayinevi.com.tr\/index.php\/wp-json\/wp\/v2\/types\/product"}],"wp:attachment":[{"href":"https:\/\/roveyayinevi.com.tr\/index.php\/wp-json\/wp\/v2\/media?parent=741798"}],"wp:term":[{"taxonomy":"product_brand","embeddable":true,"href":"https:\/\/roveyayinevi.com.tr\/index.php\/wp-json\/wp\/v2\/product_brand?post=741798"},{"taxonomy":"product_cat","embeddable":true,"href":"https:\/\/roveyayinevi.com.tr\/index.php\/wp-json\/wp\/v2\/product_cat?post=741798"},{"taxonomy":"product_tag","embeddable":true,"href":"https:\/\/roveyayinevi.com.tr\/index.php\/wp-json\/wp\/v2\/product_tag?post=741798"}],"curies":[{"name":"wp","href":"https:\/\/api.w.org\/{rel}","templated":true}]}}