{"id":741797,"date":"2025-08-28T00:57:03","date_gmt":"2025-08-27T21:57:03","guid":{"rendered":"https:\/\/roveyayinevi.com.tr\/index.php\/urun\/istanbulda-stoudios-manastiri-tarihi-mimarisi-ve-sanati\/"},"modified":"2026-04-16T02:52:54","modified_gmt":"2026-04-15T23:52:54","slug":"istanbulda-stoudios-manastiri-tarihi-mimarisi-ve-sanati","status":"publish","type":"product","link":"https:\/\/roveyayinevi.com.tr\/index.php\/urun\/istanbulda-stoudios-manastiri-tarihi-mimarisi-ve-sanati\/","title":{"rendered":"\u0130stanbul\u2019da Stoudios Manast\u0131r\u0131: Tarihi, Mimarisi Ve Sanat\u0131"},"content":{"rendered":"<p>\u0130stanbul\u2019da Stoud\u0131os Manast\u0131r\u0131: Tarihi, Mimarisi Ve Sanat\u0131 \u0130stanbul\u2019daki Stoudios Manast\u0131r\u0131, be\u015finci y\u00fczy\u0131lda in\u015fa edilmi\u015f ve y\u00fczy\u0131llar boyunca Bizans ba\u015fkentinin en \u00f6nemli manast\u0131rlar\u0131ndan biri olmu\u015ftur. Manast\u0131r komplesindeki binalardan yaln\u0131zca Osmanl\u0131 D\u00f6nemi\u2019nde camiye \u00e7evrilen kilise yap\u0131s\u0131 g\u00fcn\u00fcm\u00fcze ula\u015fm\u0131\u015ft\u0131r.   Kitab\u0131n b\u00f6l\u00fcmleri, arkeolojik veriler ve birincil kaynaklara dayanarak Stoudios Manast\u0131r\u0131\u2019n\u0131n farkl\u0131 y\u00f6nlerine odaklanmaktad\u0131r. Esra Kudde, mimari \u00f6zellikleri ke\u015ffeder ve ayr\u0131nt\u0131l\u0131 bir belgeleme sunar; Nicholas Melvani manast\u0131r\u0131n Bizans tarihini \u00f6zenle inceler ve mimari plastik unsurlar\u0131n\u0131 de\u011ferlendirir; Tarkan Ok\u00e7uo\u011flu yap\u0131 grubunun Osmanl\u0131 tarihini aktar\u0131r.     Dr. Esra Kudde, \u0130BB K\u00fclt\u00fcrel Miras Koruma M\u00fcd\u00fcrl\u00fc\u011f\u00fc\u2019nde g\u00f6rev yap\u0131yor.   Nicholas Melvani, Johannes Gutenberg \u00dcniversitesi\u2019nde doktora sonras\u0131 ara\u015ft\u0131rmac\u0131.    Tarkan Ok\u00e7uo\u011flu, \u0130stanbul \u00dcniversitesi Sanat Tarihi B\u00f6l\u00fcm\u00fc\u2019nde T\u00fcrk ve \u0130slam Sanat\u0131 Ana Bilim Dal\u0131 ba\u015fkanl\u0131\u011f\u0131 g\u00f6revini y\u00fcr\u00fct\u00fcyor. <\/p>\n","protected":false},"excerpt":{"rendered":"<p>\u0130stanbul\u2019da Stoud\u0131os Manast\u0131r\u0131: Tarihi, Mimarisi Ve Sanat\u0131 \u0130stanbul\u2019daki Stoudios Manast\u0131r\u0131, be\u015finci y\u00fczy\u0131lda in\u015fa edilmi\u015f ve y\u00fczy\u0131llar boyunca Bizans ba\u015fkentinin en \u00f6nemli manast\u0131rlar\u0131ndan biri olmu\u015ftur. Manast\u0131r komplesindeki<span class=\"excerpt-hellip\"> [\u2026]<\/span><\/p>\n","protected":false},"featured_media":0,"template":"","meta":{"_monsterinsights_skip_tracking":false,"_monsterinsights_sitenote_active":false,"_monsterinsights_sitenote_note":"","_monsterinsights_sitenote_category":0},"product_brand":[],"product_cat":[13072,12291],"product_tag":[],"class_list":{"0":"post-741797","1":"product","2":"type-product","3":"status-publish","5":"product_cat-arastirma-inceleme-referans","6":"product_cat-edebiyat","7":"pa_cilt-ciltsiz","8":"pa_tur-kitap","9":"pa_yayinevi-koc-universitesi-yayinlari","10":"pa_yazar-koc-universitesi-yayinlari-kolektif","12":"first","13":"instock","14":"sale","15":"shipping-taxable","16":"purchasable","17":"product-type-simple"},"_links":{"self":[{"href":"https:\/\/roveyayinevi.com.tr\/index.php\/wp-json\/wp\/v2\/product\/741797","targetHints":{"allow":["GET"]}}],"collection":[{"href":"https:\/\/roveyayinevi.com.tr\/index.php\/wp-json\/wp\/v2\/product"}],"about":[{"href":"https:\/\/roveyayinevi.com.tr\/index.php\/wp-json\/wp\/v2\/types\/product"}],"wp:attachment":[{"href":"https:\/\/roveyayinevi.com.tr\/index.php\/wp-json\/wp\/v2\/media?parent=741797"}],"wp:term":[{"taxonomy":"product_brand","embeddable":true,"href":"https:\/\/roveyayinevi.com.tr\/index.php\/wp-json\/wp\/v2\/product_brand?post=741797"},{"taxonomy":"product_cat","embeddable":true,"href":"https:\/\/roveyayinevi.com.tr\/index.php\/wp-json\/wp\/v2\/product_cat?post=741797"},{"taxonomy":"product_tag","embeddable":true,"href":"https:\/\/roveyayinevi.com.tr\/index.php\/wp-json\/wp\/v2\/product_tag?post=741797"}],"curies":[{"name":"wp","href":"https:\/\/api.w.org\/{rel}","templated":true}]}}