{"id":741796,"date":"2025-08-28T00:57:02","date_gmt":"2025-08-27T21:57:02","guid":{"rendered":"https:\/\/roveyayinevi.com.tr\/index.php\/urun\/arkadasim-papi\/"},"modified":"2026-04-16T02:52:54","modified_gmt":"2026-04-15T23:52:54","slug":"arkadasim-papi","status":"publish","type":"product","link":"https:\/\/roveyayinevi.com.tr\/index.php\/urun\/arkadasim-papi\/","title":{"rendered":"Arkada\u015f\u0131m Papi"},"content":{"rendered":"<p>\u00c7ocuklar i\u00e7in yazd\u0131\u011f\u0131 ve uyarlad\u0131\u011f\u0131 kitaplarla \u00e7ok yak\u0131ndan tan\u0131d\u0131\u011f\u0131m\u0131z Bilgin Adal\u0131 bir s\u00fcrpriz yaparak, ilk kez okul \u00f6ncesi \u00e7ocuklar i\u00e7in de yazmaya ba\u015flad\u0131. Birbirine merhaba demeyi, g\u00fcvenmeyi ve ba\u011flanmay\u0131 \u00f6\u011frenen bir \u00e7ocuk ile bir papa\u011fan\u0131n \u00e7ok \u00f6zel dostluk hik\u00e2yesinin anlat\u0131ld\u0131\u011f\u0131 bu g\u00fczel kitab\u0131 Ay\u015f\u0131n Deliba\u015f Ero\u011flu resimledi. <\/p>\n","protected":false},"excerpt":{"rendered":"<p>\u00c7ocuklar i\u00e7in yazd\u0131\u011f\u0131 ve uyarlad\u0131\u011f\u0131 kitaplarla \u00e7ok yak\u0131ndan tan\u0131d\u0131\u011f\u0131m\u0131z Bilgin Adal\u0131 bir s\u00fcrpriz yaparak, ilk kez okul \u00f6ncesi \u00e7ocuklar i\u00e7in de yazmaya ba\u015flad\u0131. Birbirine merhaba demeyi,<span class=\"excerpt-hellip\"> [\u2026]<\/span><\/p>\n","protected":false},"featured_media":0,"template":"","meta":{"_monsterinsights_skip_tracking":false,"_monsterinsights_sitenote_active":false,"_monsterinsights_sitenote_note":"","_monsterinsights_sitenote_category":0},"product_brand":[],"product_cat":[12274,12284],"product_tag":[],"class_list":{"0":"post-741796","1":"product","2":"type-product","3":"status-publish","5":"product_cat-cocuk-ve-genclik-kitaplari","6":"product_cat-hikayeler","7":"pa_cilt-ciltsiz","8":"pa_tur-kitap","9":"pa_yayinevi-yapi-kredi-yayinlari","10":"pa_yazar-bilgin-adali","12":"first","13":"instock","14":"sale","15":"shipping-taxable","16":"purchasable","17":"product-type-simple"},"_links":{"self":[{"href":"https:\/\/roveyayinevi.com.tr\/index.php\/wp-json\/wp\/v2\/product\/741796","targetHints":{"allow":["GET"]}}],"collection":[{"href":"https:\/\/roveyayinevi.com.tr\/index.php\/wp-json\/wp\/v2\/product"}],"about":[{"href":"https:\/\/roveyayinevi.com.tr\/index.php\/wp-json\/wp\/v2\/types\/product"}],"wp:attachment":[{"href":"https:\/\/roveyayinevi.com.tr\/index.php\/wp-json\/wp\/v2\/media?parent=741796"}],"wp:term":[{"taxonomy":"product_brand","embeddable":true,"href":"https:\/\/roveyayinevi.com.tr\/index.php\/wp-json\/wp\/v2\/product_brand?post=741796"},{"taxonomy":"product_cat","embeddable":true,"href":"https:\/\/roveyayinevi.com.tr\/index.php\/wp-json\/wp\/v2\/product_cat?post=741796"},{"taxonomy":"product_tag","embeddable":true,"href":"https:\/\/roveyayinevi.com.tr\/index.php\/wp-json\/wp\/v2\/product_tag?post=741796"}],"curies":[{"name":"wp","href":"https:\/\/api.w.org\/{rel}","templated":true}]}}