{"id":741794,"date":"2025-08-28T00:57:00","date_gmt":"2025-08-27T21:57:00","guid":{"rendered":"https:\/\/roveyayinevi.com.tr\/index.php\/urun\/benekli-faremi-gordunuz-mu\/"},"modified":"2026-04-16T02:52:54","modified_gmt":"2026-04-15T23:52:54","slug":"benekli-faremi-gordunuz-mu","status":"publish","type":"product","link":"https:\/\/roveyayinevi.com.tr\/index.php\/urun\/benekli-faremi-gordunuz-mu\/","title":{"rendered":"Benekli Faremi G\u00f6rd\u00fcn\u00fcz M\u00fc?"},"content":{"rendered":"<p>Kitaplar\u0131 farkl\u0131 dillerde yay\u0131nlanan \u00f6zg\u00fcn \u00e7ocuk kitaplar\u0131 yazar\u0131ndan k\u00fc\u00e7\u00fckler i\u00e7in yeni bir kitap!   Pamuk t\u00fcyl\u00fc, kara benekli yavru kedi Zeytin, b\u00fcy\u00fckannesiyle dedesinin evinde masallar dinleyerek mutlu m\u0131r\u0131lt\u0131larla uykuya dalar. Fakat birden, \u00e7ok sevdi\u011fi benekli faresini kaybetti\u011fini fark eder! Tela\u015f i\u00e7inde K\u0131rm\u0131z\u0131 \u015eapkal\u0131 K\u0131z\u2019a, Fareli K\u00f6y\u00fcn Kavalc\u0131s\u0131\u2019na, Pinokyo\u2019ya; dinledi\u011fi masallar\u0131n kahramanlar\u0131n\u0131n hepsine ko\u015farak yard\u0131m ister. Neyse ki hepsi r\u00fcyad\u0131r\u2026 <\/p>\n","protected":false},"excerpt":{"rendered":"<p>Kitaplar\u0131 farkl\u0131 dillerde yay\u0131nlanan \u00f6zg\u00fcn \u00e7ocuk kitaplar\u0131 yazar\u0131ndan k\u00fc\u00e7\u00fckler i\u00e7in yeni bir kitap! Pamuk t\u00fcyl\u00fc, kara benekli yavru kedi Zeytin, b\u00fcy\u00fckannesiyle dedesinin evinde masallar dinleyerek mutlu<span class=\"excerpt-hellip\"> [\u2026]<\/span><\/p>\n","protected":false},"featured_media":0,"template":"","meta":{"_monsterinsights_skip_tracking":false,"_monsterinsights_sitenote_active":false,"_monsterinsights_sitenote_note":"","_monsterinsights_sitenote_category":0},"product_brand":[],"product_cat":[12274,12284],"product_tag":[],"class_list":{"0":"post-741794","1":"product","2":"type-product","3":"status-publish","5":"product_cat-cocuk-ve-genclik-kitaplari","6":"product_cat-hikayeler","7":"pa_cilt-ciltsiz","8":"pa_tur-kitap","9":"pa_yayinevi-yapi-kredi-yayinlari","10":"pa_yazar-feridun-oral","12":"first","13":"instock","14":"sale","15":"shipping-taxable","16":"purchasable","17":"product-type-simple"},"_links":{"self":[{"href":"https:\/\/roveyayinevi.com.tr\/index.php\/wp-json\/wp\/v2\/product\/741794","targetHints":{"allow":["GET"]}}],"collection":[{"href":"https:\/\/roveyayinevi.com.tr\/index.php\/wp-json\/wp\/v2\/product"}],"about":[{"href":"https:\/\/roveyayinevi.com.tr\/index.php\/wp-json\/wp\/v2\/types\/product"}],"wp:attachment":[{"href":"https:\/\/roveyayinevi.com.tr\/index.php\/wp-json\/wp\/v2\/media?parent=741794"}],"wp:term":[{"taxonomy":"product_brand","embeddable":true,"href":"https:\/\/roveyayinevi.com.tr\/index.php\/wp-json\/wp\/v2\/product_brand?post=741794"},{"taxonomy":"product_cat","embeddable":true,"href":"https:\/\/roveyayinevi.com.tr\/index.php\/wp-json\/wp\/v2\/product_cat?post=741794"},{"taxonomy":"product_tag","embeddable":true,"href":"https:\/\/roveyayinevi.com.tr\/index.php\/wp-json\/wp\/v2\/product_tag?post=741794"}],"curies":[{"name":"wp","href":"https:\/\/api.w.org\/{rel}","templated":true}]}}