{"id":741792,"date":"2025-08-28T00:56:57","date_gmt":"2025-08-27T21:56:57","guid":{"rendered":"https:\/\/roveyayinevi.com.tr\/index.php\/urun\/gezegenimi-kurtarmaya-hakkim-var\/"},"modified":"2026-04-16T02:52:53","modified_gmt":"2026-04-15T23:52:53","slug":"gezegenimi-kurtarmaya-hakkim-var","status":"publish","type":"product","link":"https:\/\/roveyayinevi.com.tr\/index.php\/urun\/gezegenimi-kurtarmaya-hakkim-var\/","title":{"rendered":"Gezegenimi Kurtarmaya Hakk\u0131m Var"},"content":{"rendered":"<p>D\u00fcnyaya gelen her \u00e7ocu\u011fun \u015fefkate, sa\u011fl\u0131kl\u0131 yiyeceklere, iyi bir e\u011fitim almaya hakk\u0131 vard\u0131r\u2026 Peki ama \u00e7ocuklar\u0131n sa\u011fl\u0131kl\u0131 bir gezegende ya\u015fama hakk\u0131 olmad\u0131ktan sonra b\u00fct\u00fcn bunlar\u0131n ne anlam\u0131 kal\u0131r?   \u0130\u015fte o zaman \u00e7ocuklar\u0131n bu gidi\u015fata \u201cDur!\u201d deme hakk\u0131 olur.   \u00c7ocuk Olmaya Hakk\u0131m Var kitab\u0131n\u0131n sevilen yazar\u0131 Alain Serres\u2019in bize yuva olan gezegenimize iyi bakman\u0131n \u00f6nemini anlatt\u0131\u011f\u0131 bu etkileyici hik\u00e2yeyi Aur\u00e9lia Fronty resimledi, Korkut Erdur \u00e7evirdi. <\/p>\n","protected":false},"excerpt":{"rendered":"<p>D\u00fcnyaya gelen her \u00e7ocu\u011fun \u015fefkate, sa\u011fl\u0131kl\u0131 yiyeceklere, iyi bir e\u011fitim almaya hakk\u0131 vard\u0131r\u2026 Peki ama \u00e7ocuklar\u0131n sa\u011fl\u0131kl\u0131 bir gezegende ya\u015fama hakk\u0131 olmad\u0131ktan sonra b\u00fct\u00fcn bunlar\u0131n ne<span class=\"excerpt-hellip\"> [\u2026]<\/span><\/p>\n","protected":false},"featured_media":0,"template":"","meta":{"_monsterinsights_skip_tracking":false,"_monsterinsights_sitenote_active":false,"_monsterinsights_sitenote_note":"","_monsterinsights_sitenote_category":0},"product_brand":[],"product_cat":[12274,12284],"product_tag":[],"class_list":{"0":"post-741792","1":"product","2":"type-product","3":"status-publish","5":"product_cat-cocuk-ve-genclik-kitaplari","6":"product_cat-hikayeler","7":"pa_cilt-ciltsiz","8":"pa_tur-kitap","9":"pa_yayinevi-yapi-kredi-yayinlari","10":"pa_yazar-alain-serres","12":"first","13":"instock","14":"sale","15":"shipping-taxable","16":"purchasable","17":"product-type-simple"},"_links":{"self":[{"href":"https:\/\/roveyayinevi.com.tr\/index.php\/wp-json\/wp\/v2\/product\/741792","targetHints":{"allow":["GET"]}}],"collection":[{"href":"https:\/\/roveyayinevi.com.tr\/index.php\/wp-json\/wp\/v2\/product"}],"about":[{"href":"https:\/\/roveyayinevi.com.tr\/index.php\/wp-json\/wp\/v2\/types\/product"}],"wp:attachment":[{"href":"https:\/\/roveyayinevi.com.tr\/index.php\/wp-json\/wp\/v2\/media?parent=741792"}],"wp:term":[{"taxonomy":"product_brand","embeddable":true,"href":"https:\/\/roveyayinevi.com.tr\/index.php\/wp-json\/wp\/v2\/product_brand?post=741792"},{"taxonomy":"product_cat","embeddable":true,"href":"https:\/\/roveyayinevi.com.tr\/index.php\/wp-json\/wp\/v2\/product_cat?post=741792"},{"taxonomy":"product_tag","embeddable":true,"href":"https:\/\/roveyayinevi.com.tr\/index.php\/wp-json\/wp\/v2\/product_tag?post=741792"}],"curies":[{"name":"wp","href":"https:\/\/api.w.org\/{rel}","templated":true}]}}