{"id":741791,"date":"2025-08-28T00:56:55","date_gmt":"2025-08-27T21:56:55","guid":{"rendered":"https:\/\/roveyayinevi.com.tr\/index.php\/urun\/siirin-retorigi\/"},"modified":"2026-04-16T02:52:53","modified_gmt":"2026-04-15T23:52:53","slug":"siirin-retorigi","status":"publish","type":"product","link":"https:\/\/roveyayinevi.com.tr\/index.php\/urun\/siirin-retorigi\/","title":{"rendered":"\u015eiirin Retori\u011fi"},"content":{"rendered":"<p>\u015eiirin Retori\u011fi, Mehmet Can Do\u011fan\u2019\u0131n dille yarat\u0131lan d\u00fcnyalar\u0131n yap\u0131s\u0131yla ilgilenen ve poetik g\u00f6r\u00fc\u015flerini de i\u00e7eren bir kitap. \u0130ki b\u00f6l\u00fcmden olu\u015fan kitab\u0131n Ufuk Yaz\u0131lar b\u00f6l\u00fcm\u00fcnde \u015fiirin yap\u0131s\u0131, varolu\u015fu, ideolojisi, dili, ele\u015ftirisi ba\u011flam\u0131nda i\u00e7 sorunlar\u0131 ve sinema, folklor, pop\u00fcler k\u00fclt\u00fcr ba\u011flam\u0131nda \u00e7evresel ili\u015fkileri tart\u0131\u015f\u0131l\u0131yor. Ufuk Sorular b\u00f6l\u00fcm\u00fcndeyse \u015fairle yap\u0131lm\u0131\u015f s\u00f6yle\u015fi ve soru\u015fturmalar var. Do\u011fan, kendi \u015fiirinin \u00fcretimi, ortaya \u00e7\u0131k\u0131\u015f\u0131 ve al\u0131mlan\u0131\u015f\u0131 \u00fcst\u00fcnden \u015fiir ortam\u0131n\u0131n genel e\u011filimlerine, sorunlar\u0131na de\u011finiyor.    \u201cBa\u015fkalar\u0131n\u0131n tecr\u00fcbesinden de kendi tecr\u00fcbemden de \u00e7\u0131kard\u0131\u011f\u0131m sonu\u00e7, \u015fiirin \u00e7al\u0131\u015f\u0131larak kurulan bir yap\u0131 oldu\u011fudur. Bu yap\u0131 tasarlan\u0131rken i\u015flev de g\u00f6zetilebilir g\u00fczellik de; ikisinin birden g\u00f6zetilmesi de m\u00fcmk\u00fcnd\u00fcr. Cins \u015fair, poetik tutumu belirmi\u015f \u015fair, neyi g\u00f6zetirse g\u00f6zetsin kurdu\u011fu yap\u0131 sa\u011flam olur; kusursuzu ama\u00e7lar o, kimi zaman bile isteye kusura da yer a\u00e7arak. Bir \u015fairin tecr\u00fcbesi, her alandaki tecr\u00fcbe gibi ba\u015fkalar\u0131 i\u00e7in \u00f6\u011freticidir; elbette, talip olan \u00e7\u0131karsa. Talibin \u00e7\u0131k\u0131p \u00e7\u0131kmamas\u0131, \u015fairin tecr\u00fcbesinin d\u0131\u015f\u0131ndad\u0131r; o i\u015fine bakar.\u201d   \u015eiirin olu\u015fum ve bi\u00e7imleni\u015f s\u00fcre\u00e7lerini d\u00fc\u015f\u00fcnenlerin kitab\u0131 \u015eiirin Retori\u011fi. <\/p>\n","protected":false},"excerpt":{"rendered":"<p>\u015eiirin Retori\u011fi, Mehmet Can Do\u011fan\u2019\u0131n dille yarat\u0131lan d\u00fcnyalar\u0131n yap\u0131s\u0131yla ilgilenen ve poetik g\u00f6r\u00fc\u015flerini de i\u00e7eren bir kitap. \u0130ki b\u00f6l\u00fcmden olu\u015fan kitab\u0131n Ufuk Yaz\u0131lar b\u00f6l\u00fcm\u00fcnde \u015fiirin yap\u0131s\u0131,<span class=\"excerpt-hellip\"> [\u2026]<\/span><\/p>\n","protected":false},"featured_media":0,"template":"","meta":{"_monsterinsights_skip_tracking":false,"_monsterinsights_sitenote_active":false,"_monsterinsights_sitenote_note":"","_monsterinsights_sitenote_category":0},"product_brand":[],"product_cat":[12777,12291],"product_tag":[],"class_list":{"0":"post-741791","1":"product","2":"type-product","3":"status-publish","5":"product_cat-deneme","6":"product_cat-edebiyat","7":"pa_cilt-ciltsiz","8":"pa_tur-kitap","9":"pa_yayinevi-yapi-kredi-yayinlari","10":"pa_yazar-mehmet-can-dogan","12":"first","13":"instock","14":"sale","15":"shipping-taxable","16":"purchasable","17":"product-type-simple"},"_links":{"self":[{"href":"https:\/\/roveyayinevi.com.tr\/index.php\/wp-json\/wp\/v2\/product\/741791","targetHints":{"allow":["GET"]}}],"collection":[{"href":"https:\/\/roveyayinevi.com.tr\/index.php\/wp-json\/wp\/v2\/product"}],"about":[{"href":"https:\/\/roveyayinevi.com.tr\/index.php\/wp-json\/wp\/v2\/types\/product"}],"wp:attachment":[{"href":"https:\/\/roveyayinevi.com.tr\/index.php\/wp-json\/wp\/v2\/media?parent=741791"}],"wp:term":[{"taxonomy":"product_brand","embeddable":true,"href":"https:\/\/roveyayinevi.com.tr\/index.php\/wp-json\/wp\/v2\/product_brand?post=741791"},{"taxonomy":"product_cat","embeddable":true,"href":"https:\/\/roveyayinevi.com.tr\/index.php\/wp-json\/wp\/v2\/product_cat?post=741791"},{"taxonomy":"product_tag","embeddable":true,"href":"https:\/\/roveyayinevi.com.tr\/index.php\/wp-json\/wp\/v2\/product_tag?post=741791"}],"curies":[{"name":"wp","href":"https:\/\/api.w.org\/{rel}","templated":true}]}}