{"id":741789,"date":"2025-08-28T00:56:52","date_gmt":"2025-08-27T21:56:52","guid":{"rendered":"https:\/\/roveyayinevi.com.tr\/index.php\/urun\/dracula-5\/"},"modified":"2026-04-12T02:57:12","modified_gmt":"2026-04-11T23:57:12","slug":"dracula-5","status":"publish","type":"product","link":"https:\/\/roveyayinevi.com.tr\/index.php\/urun\/dracula-5\/","title":{"rendered":"Dracula"},"content":{"rendered":"<p>Gotik roman t\u00fcr\u00fcn\u00fcn en \u00f6nemli \u00f6rneklerinden biri olan Dracula, \u0130ngiliz avukat Jonathan Harker\u2019\u0131n Transilvanya\u2019ya yapt\u0131\u011f\u0131 i\u015f ziyaretiyle a\u00e7\u0131l\u0131r. Harker, Londra\u2019da ev almak isteyen Kont Dracula\u2019n\u0131n \u015fatosunda ge\u00e7irdi\u011fi g\u00fcnlerde m\u00fc\u015fterisi hakk\u0131nda deh\u015fet verici ke\u015fiflerde bulunur. Bu ziyaretin \u00fcst\u00fcnden \u00e7ok ge\u00e7meden \u0130ngiltere\u2019de bir dizi a\u00e7\u0131klanamayan olay meydana gelir: T\u00fcm m\u00fcrettebat\u0131 ortadan kaybolmu\u015f, gizemli kutular ta\u015f\u0131yan bir gemi karaya vurur; uyurgezer gen\u00e7 bir kad\u0131n boynunda di\u015f izleri ke\u015ffeder; bir ak\u0131l hastanesinin sakinlerinden biri, \u201cEfendi\u201d ad\u0131n\u0131 verdi\u011fi bir ki\u015fiden s\u00f6z etmeye ba\u015flar; gazetelerde, hayvanat bah\u00e7esinden ka\u00e7an kurtlar ve bir kad\u0131n\u0131n pe\u015finden gidip bir s\u00fcreli\u011fine kay\u0131plara kar\u0131\u015fan \u00e7ocuklar hakk\u0131nda haberler yay\u0131mlan\u0131r. Bu da\u011f\u0131n\u0131k ipu\u00e7lar\u0131, \u00e7o\u011fu birbirini tan\u0131mayan bir grup insan\u0131 tek bir ama\u00e7 do\u011frultusunda bir araya getirecektir: Jonathan ve e\u015fi Mina Harker, ruh doktoru Dr. Seward, Arthur Holmwood, Hollandal\u0131 bilim adam\u0131 Van Helsing ve Amerikal\u0131 Quincey Morris \u00e7ok eski \u00e7a\u011flardan beri var olmu\u015f bir d\u00fc\u015fmana kar\u015f\u0131 amans\u0131z bir sava\u015fa haz\u0131rlan\u0131rlar.   Bram Stoker\u2019\u0131n g\u00fcnl\u00fckler, mektuplar ve gazete haberleri \u00fcst\u00fcnden ilerleyen roman\u0131, 1897 y\u0131l\u0131nda ilk kez yay\u0131mlanmas\u0131n\u0131n ard\u0131ndan k\u0131sa s\u00fcrede yarat\u0131c\u0131s\u0131n\u0131n ad\u0131n\u0131 g\u00f6lgede b\u0131rakacak bir \u00fcne kavu\u015ftu, ilham verdi\u011fi bir\u00e7ok sinema filminin de katk\u0131s\u0131yla vampir hik\u00e2yelerinin en pop\u00fcleri ve \u201cvampir miti\u201dnin temel kayna\u011f\u0131 haline geldi. Bug\u00fcn edebiyat kuramlar\u0131n\u0131n sundu\u011fu yeni perspektifler \u0131\u015f\u0131\u011f\u0131nda, Avrupa d\u0131\u015f\u0131ndan gelen \u00d6teki\u2019nin yol a\u00e7t\u0131\u011f\u0131 korkular\u0131n ve Victoria D\u00f6nemi\u2019nde cinselli\u011fe ili\u015fkin kayg\u0131 ve arzular\u0131n sahnelendi\u011fi bir metin olarak da okunan Dracula, pop\u00fclerli\u011fini ve \u00fcrperticili\u011fini korumaya devam ediyor. <\/p>\n","protected":false},"excerpt":{"rendered":"<p>Gotik roman t\u00fcr\u00fcn\u00fcn en \u00f6nemli \u00f6rneklerinden biri olan Dracula, \u0130ngiliz avukat Jonathan Harker\u2019\u0131n Transilvanya\u2019ya yapt\u0131\u011f\u0131 i\u015f ziyaretiyle a\u00e7\u0131l\u0131r. Harker, Londra\u2019da ev almak isteyen Kont Dracula\u2019n\u0131n \u015fatosunda<span class=\"excerpt-hellip\"> [\u2026]<\/span><\/p>\n","protected":false},"featured_media":0,"template":"","meta":{"_monsterinsights_skip_tracking":false,"_monsterinsights_sitenote_active":false,"_monsterinsights_sitenote_note":"","_monsterinsights_sitenote_category":0},"product_brand":[],"product_cat":[12291,12711],"product_tag":[],"class_list":{"0":"post-741789","1":"product","2":"type-product","3":"status-publish","5":"product_cat-edebiyat","6":"product_cat-roman-oyku","7":"pa_cilt-ciltsiz","8":"pa_tur-kitap","9":"pa_yayinevi-yapi-kredi-yayinlari","10":"pa_yazar-bram-stoker","12":"first","13":"instock","14":"sale","15":"shipping-taxable","16":"purchasable","17":"product-type-simple"},"_links":{"self":[{"href":"https:\/\/roveyayinevi.com.tr\/index.php\/wp-json\/wp\/v2\/product\/741789","targetHints":{"allow":["GET"]}}],"collection":[{"href":"https:\/\/roveyayinevi.com.tr\/index.php\/wp-json\/wp\/v2\/product"}],"about":[{"href":"https:\/\/roveyayinevi.com.tr\/index.php\/wp-json\/wp\/v2\/types\/product"}],"wp:attachment":[{"href":"https:\/\/roveyayinevi.com.tr\/index.php\/wp-json\/wp\/v2\/media?parent=741789"}],"wp:term":[{"taxonomy":"product_brand","embeddable":true,"href":"https:\/\/roveyayinevi.com.tr\/index.php\/wp-json\/wp\/v2\/product_brand?post=741789"},{"taxonomy":"product_cat","embeddable":true,"href":"https:\/\/roveyayinevi.com.tr\/index.php\/wp-json\/wp\/v2\/product_cat?post=741789"},{"taxonomy":"product_tag","embeddable":true,"href":"https:\/\/roveyayinevi.com.tr\/index.php\/wp-json\/wp\/v2\/product_tag?post=741789"}],"curies":[{"name":"wp","href":"https:\/\/api.w.org\/{rel}","templated":true}]}}