{"id":741784,"date":"2025-08-28T00:56:47","date_gmt":"2025-08-27T21:56:47","guid":{"rendered":"https:\/\/roveyayinevi.com.tr\/index.php\/urun\/erken-cocukluk-doneminde-oyun-gelisimi-ve-oyun-materyalleri\/"},"modified":"2025-10-14T07:52:58","modified_gmt":"2025-10-14T04:52:58","slug":"erken-cocukluk-doneminde-oyun-gelisimi-ve-oyun-materyalleri","status":"publish","type":"product","link":"https:\/\/roveyayinevi.com.tr\/index.php\/urun\/erken-cocukluk-doneminde-oyun-gelisimi-ve-oyun-materyalleri\/","title":{"rendered":"Erken \u00c7ocukluk D\u00f6neminde Oyun Geli\u015fimi Ve Oyun Materyalleri"},"content":{"rendered":"<p>\u00c7ocuklar\u0131n erken d\u00f6nemdeki oyunlar\u0131 ve kulland\u0131klar\u0131 materyallerin \u00f6nemi alandaki \u00e7al\u0131\u015fmalarda vurgulanm\u0131\u015ft\u0131r. Bir\u00e7ok ara\u015ft\u0131rmac\u0131n\u0131n ve ara\u015ft\u0131rma alan\u0131n\u0131n ilgi oda\u011f\u0131 olan oyun ve oyuncaklarla ilgili ara\u015ft\u0131rmalar literat\u00fcre s\u00fcrpriz sonu\u00e7lar sunmu\u015ftur. Oyunlar ve oyun materyalleri erken d\u00f6nemde bili\u015fsel, dil, sosyal duygusal, fiziksel ve \u00f6zbak\u0131m becerilerini olumlu y\u00f6nde desteklemektedir. Erken d\u00f6nemde \u00e7ocuklarda var olan potansiyelin a\u00e7\u0131\u011fa \u00e7\u0131kabilmesi, yeni becerilerin \u00f6\u011frenilmesi i\u00e7in oyunun ve oyun materyallerinin geli\u015fimdeki yeri g\u00f6z \u00f6n\u00fcnde bulunmal\u0131d\u0131r. Bu kitapta oyunun tan\u0131m\u0131, tarihteki d\u00fc\u015f\u00fcn\u00fcrlerin oyun hakk\u0131ndaki g\u00f6r\u00fc\u015fleri, oyun teorileri, oyun t\u00fcrleri, oyun materyalleri ve oyuncaklar, erken \u00e7ocukluk d\u00f6neminde ya\u015flara g\u00f6re oyuncak ve oyun materyalleri, oyun t\u00fcrlerinde oyun materyalleri ve oyuncaklar, baz\u0131 erken \u00e7ocukluk e\u011fitim yakla\u015f\u0131m\u0131nda oyun materyalleri ve oyuncaklar, \u00f6zel gereksinimli \u00e7ocuklar i\u00e7in oyun ve oyun materyalleri konular\u0131 irdelenmi\u015ftir.<\/p>\n","protected":false},"excerpt":{"rendered":"<p>\u00c7ocuklar\u0131n erken d\u00f6nemdeki oyunlar\u0131 ve kulland\u0131klar\u0131 materyallerin \u00f6nemi alandaki \u00e7al\u0131\u015fmalarda vurgulanm\u0131\u015ft\u0131r. Bir\u00e7ok ara\u015ft\u0131rmac\u0131n\u0131n ve ara\u015ft\u0131rma alan\u0131n\u0131n ilgi oda\u011f\u0131 olan oyun ve oyuncaklarla ilgili ara\u015ft\u0131rmalar literat\u00fcre s\u00fcrpriz<span class=\"excerpt-hellip\"> [\u2026]<\/span><\/p>\n","protected":false},"featured_media":0,"template":"","meta":{"_monsterinsights_skip_tracking":false,"_monsterinsights_sitenote_active":false,"_monsterinsights_sitenote_note":"","_monsterinsights_sitenote_category":0},"product_brand":[],"product_cat":[12573,12566],"product_tag":[],"class_list":{"0":"post-741784","1":"product","2":"type-product","3":"status-publish","5":"product_cat-akademik-kitaplar","6":"product_cat-egitim","7":"pa_cilt-ciltsiz","8":"pa_tur-kitap","9":"pa_yayinevi-egiten-kitap","10":"pa_yazar-zeynep-dere","12":"first","13":"instock","14":"sale","15":"shipping-taxable","16":"purchasable","17":"product-type-simple"},"_links":{"self":[{"href":"https:\/\/roveyayinevi.com.tr\/index.php\/wp-json\/wp\/v2\/product\/741784","targetHints":{"allow":["GET"]}}],"collection":[{"href":"https:\/\/roveyayinevi.com.tr\/index.php\/wp-json\/wp\/v2\/product"}],"about":[{"href":"https:\/\/roveyayinevi.com.tr\/index.php\/wp-json\/wp\/v2\/types\/product"}],"wp:attachment":[{"href":"https:\/\/roveyayinevi.com.tr\/index.php\/wp-json\/wp\/v2\/media?parent=741784"}],"wp:term":[{"taxonomy":"product_brand","embeddable":true,"href":"https:\/\/roveyayinevi.com.tr\/index.php\/wp-json\/wp\/v2\/product_brand?post=741784"},{"taxonomy":"product_cat","embeddable":true,"href":"https:\/\/roveyayinevi.com.tr\/index.php\/wp-json\/wp\/v2\/product_cat?post=741784"},{"taxonomy":"product_tag","embeddable":true,"href":"https:\/\/roveyayinevi.com.tr\/index.php\/wp-json\/wp\/v2\/product_tag?post=741784"}],"curies":[{"name":"wp","href":"https:\/\/api.w.org\/{rel}","templated":true}]}}