{"id":741782,"date":"2025-08-28T00:56:46","date_gmt":"2025-08-27T21:56:46","guid":{"rendered":"https:\/\/roveyayinevi.com.tr\/index.php\/urun\/erken-cocuklukta-tasarim-odakli-stem-egitimi\/"},"modified":"2026-04-16T02:52:53","modified_gmt":"2026-04-15T23:52:53","slug":"erken-cocuklukta-tasarim-odakli-stem-egitimi","status":"publish","type":"product","link":"https:\/\/roveyayinevi.com.tr\/index.php\/urun\/erken-cocuklukta-tasarim-odakli-stem-egitimi\/","title":{"rendered":"Erken \u00c7ocuklukta Tasar\u0131m Odakl\u0131 STEM E\u011fitimi"},"content":{"rendered":"<p>STEM e\u011fitimi, gelece\u011fin bilim insanlar\u0131n\u0131n \u00e7ekilece\u011fi yetenek havuzunu olu\u015fturman\u0131n yollar\u0131ndan biridir. Erken \u00e7ocukluk e\u011fitimcilerinin bilgi ve becerilerini aktarmada, \u00e7ocuklara ilham vermede ve cesaretlendirmede, gelecek nesil giri\u015fimcilerimizin \u015fekillendirilmesinde muazzam bir g\u00f6revi vard\u0131r. Bilim ve teknolojideki geli\u015fmeler, de\u011fi\u015fen \u00e7a\u011f\u0131 yakalamam\u0131z\u0131 zorunlu k\u0131l\u0131yor&#8230;   Erken \u00e7ocukluk e\u011fitimcilerinin arac\u0131l\u0131\u011f\u0131 ile \u00e7ocuklara bilim konusunda fizik, m\u00fchendislik, teknoloji ve matemati\u011fe olan ilgilerini artt\u0131rarak kendi yeteneklerini ke\u015ffetmelerine yard\u0131mc\u0131 olabilmektir bu kitab\u0131n temel hedeflerinden biridir.<\/p>\n","protected":false},"excerpt":{"rendered":"<p>STEM e\u011fitimi, gelece\u011fin bilim insanlar\u0131n\u0131n \u00e7ekilece\u011fi yetenek havuzunu olu\u015fturman\u0131n yollar\u0131ndan biridir. Erken \u00e7ocukluk e\u011fitimcilerinin bilgi ve becerilerini aktarmada, \u00e7ocuklara ilham vermede ve cesaretlendirmede, gelecek nesil giri\u015fimcilerimizin<span class=\"excerpt-hellip\"> [\u2026]<\/span><\/p>\n","protected":false},"featured_media":0,"template":"","meta":{"_monsterinsights_skip_tracking":false,"_monsterinsights_sitenote_active":false,"_monsterinsights_sitenote_note":"","_monsterinsights_sitenote_category":0},"product_brand":[],"product_cat":[12573,12566],"product_tag":[],"class_list":{"0":"post-741782","1":"product","2":"type-product","3":"status-publish","5":"product_cat-akademik-kitaplar","6":"product_cat-egitim","7":"pa_cilt-ciltsiz","8":"pa_tur-kitap","9":"pa_yayinevi-egiten-kitap","10":"pa_yazar-vakkas-yalcin-sule-erden","12":"first","13":"instock","14":"sale","15":"shipping-taxable","16":"purchasable","17":"product-type-simple"},"_links":{"self":[{"href":"https:\/\/roveyayinevi.com.tr\/index.php\/wp-json\/wp\/v2\/product\/741782","targetHints":{"allow":["GET"]}}],"collection":[{"href":"https:\/\/roveyayinevi.com.tr\/index.php\/wp-json\/wp\/v2\/product"}],"about":[{"href":"https:\/\/roveyayinevi.com.tr\/index.php\/wp-json\/wp\/v2\/types\/product"}],"wp:attachment":[{"href":"https:\/\/roveyayinevi.com.tr\/index.php\/wp-json\/wp\/v2\/media?parent=741782"}],"wp:term":[{"taxonomy":"product_brand","embeddable":true,"href":"https:\/\/roveyayinevi.com.tr\/index.php\/wp-json\/wp\/v2\/product_brand?post=741782"},{"taxonomy":"product_cat","embeddable":true,"href":"https:\/\/roveyayinevi.com.tr\/index.php\/wp-json\/wp\/v2\/product_cat?post=741782"},{"taxonomy":"product_tag","embeddable":true,"href":"https:\/\/roveyayinevi.com.tr\/index.php\/wp-json\/wp\/v2\/product_tag?post=741782"}],"curies":[{"name":"wp","href":"https:\/\/api.w.org\/{rel}","templated":true}]}}