{"id":741781,"date":"2025-08-28T00:56:45","date_gmt":"2025-08-27T21:56:45","guid":{"rendered":"https:\/\/roveyayinevi.com.tr\/index.php\/urun\/kuramsal-ve-uygulama-ornekleri-ile-dijitallesme-ve-egitim\/"},"modified":"2026-04-16T02:52:53","modified_gmt":"2026-04-15T23:52:53","slug":"kuramsal-ve-uygulama-ornekleri-ile-dijitallesme-ve-egitim","status":"publish","type":"product","link":"https:\/\/roveyayinevi.com.tr\/index.php\/urun\/kuramsal-ve-uygulama-ornekleri-ile-dijitallesme-ve-egitim\/","title":{"rendered":"Kuramsal Ve Uygulama \u00d6rnekleri \u0130le Dijitalle\u015fme Ve E\u011fitim"},"content":{"rendered":"<p>Dinamik bir yap\u0131ya sahip teknolojik geli\u015fmelerin ve Web.2.0 ara\u00e7lar\u0131n\u0131n, \u00f6zellikle e\u011fitim yakla\u015f\u0131mlar\u0131, \u00f6\u011frenme ve \u00f6\u011fretme teknikleri, \u00f6l\u00e7me-de\u011ferlendirme ara\u00e7lar\u0131 gibi e\u011fitimin ana bile\u015fenleri \u00fczerindeki yans\u0131malar\u0131 merak konusudur. Bu motivasyondan hareketle kitab\u0131m\u0131z\u0131n konusu, teknolojik ve dijital ara\u00e7lar\u0131n e\u011fitim-\u00f6\u011fretime g\u00fcncel yans\u0131malar\u0131d\u0131r.   Konu ba\u011flam\u0131nda, ge\u00e7mi\u015ften g\u00fcn\u00fcm\u00fcze e\u011fitim uygulamalar\u0131nda yer alan uzaktan e\u011fitim, bilgisayar destekli e\u011fitim, e-\u00f6\u011frenme gibi teknoloji temelli \u00f6\u011frenme alanlar\u0131na, teknoloji ve dijital ara\u00e7lar\u0131n kullan\u0131lmas\u0131n\u0131n ka\u00e7\u0131n\u0131lmaz oldu\u011fu yabanc\u0131 dil e\u011fitimine, g\u00fcncel pop\u00fcler STEM, STEM+A yakla\u015f\u0131mlar\u0131na ve \u00f6l\u00e7me-de\u011ferlendirmeye de\u011finilmi\u015ftir. Teknoloji ve dijital ile ilgili temel kavramlar, E\u011fitim 1.0\u2019dan 4.0\u2019a e\u011fitimde dijital d\u00f6n\u00fc\u015f\u00fcm, e\u011fitimde kullan\u0131lan ileri teknolojiler, \u00f6\u011frenme-\u00f6\u011fretme ve \u00f6l\u00e7me-de\u011ferlendirme arac\u0131 olarak dijital ara\u00e7lar ve uygulama \u00f6rnekleri kitab\u0131m\u0131zda yer almaktad\u0131r.<\/p>\n","protected":false},"excerpt":{"rendered":"<p>Dinamik bir yap\u0131ya sahip teknolojik geli\u015fmelerin ve Web.2.0 ara\u00e7lar\u0131n\u0131n, \u00f6zellikle e\u011fitim yakla\u015f\u0131mlar\u0131, \u00f6\u011frenme ve \u00f6\u011fretme teknikleri, \u00f6l\u00e7me-de\u011ferlendirme ara\u00e7lar\u0131 gibi e\u011fitimin ana bile\u015fenleri \u00fczerindeki yans\u0131malar\u0131 merak konusudur.<span class=\"excerpt-hellip\"> [\u2026]<\/span><\/p>\n","protected":false},"featured_media":0,"template":"","meta":{"_monsterinsights_skip_tracking":false,"_monsterinsights_sitenote_active":false,"_monsterinsights_sitenote_note":"","_monsterinsights_sitenote_category":0},"product_brand":[],"product_cat":[12573,12566],"product_tag":[],"class_list":{"0":"post-741781","1":"product","2":"type-product","3":"status-publish","5":"product_cat-akademik-kitaplar","6":"product_cat-egitim","7":"pa_cilt-ciltsiz","8":"pa_tur-kitap","9":"pa_yayinevi-egiten-kitap","10":"pa_yazar-nilufer-demirci-saygi-sibel-demir-kacan","12":"first","13":"instock","14":"sale","15":"shipping-taxable","16":"purchasable","17":"product-type-simple"},"_links":{"self":[{"href":"https:\/\/roveyayinevi.com.tr\/index.php\/wp-json\/wp\/v2\/product\/741781","targetHints":{"allow":["GET"]}}],"collection":[{"href":"https:\/\/roveyayinevi.com.tr\/index.php\/wp-json\/wp\/v2\/product"}],"about":[{"href":"https:\/\/roveyayinevi.com.tr\/index.php\/wp-json\/wp\/v2\/types\/product"}],"wp:attachment":[{"href":"https:\/\/roveyayinevi.com.tr\/index.php\/wp-json\/wp\/v2\/media?parent=741781"}],"wp:term":[{"taxonomy":"product_brand","embeddable":true,"href":"https:\/\/roveyayinevi.com.tr\/index.php\/wp-json\/wp\/v2\/product_brand?post=741781"},{"taxonomy":"product_cat","embeddable":true,"href":"https:\/\/roveyayinevi.com.tr\/index.php\/wp-json\/wp\/v2\/product_cat?post=741781"},{"taxonomy":"product_tag","embeddable":true,"href":"https:\/\/roveyayinevi.com.tr\/index.php\/wp-json\/wp\/v2\/product_tag?post=741781"}],"curies":[{"name":"wp","href":"https:\/\/api.w.org\/{rel}","templated":true}]}}