{"id":741779,"date":"2025-08-28T00:56:43","date_gmt":"2025-08-27T21:56:43","guid":{"rendered":"https:\/\/roveyayinevi.com.tr\/index.php\/urun\/dijital-metin-hazirlama\/"},"modified":"2026-04-16T02:52:53","modified_gmt":"2026-04-15T23:52:53","slug":"dijital-metin-hazirlama","status":"publish","type":"product","link":"https:\/\/roveyayinevi.com.tr\/index.php\/urun\/dijital-metin-hazirlama\/","title":{"rendered":"Dijital Metin Hazirlama"},"content":{"rendered":"<p>Son y\u0131llarda h\u0131zla hayat\u0131m\u0131za giren ve g\u00fcnl\u00fck ya\u015fant\u0131n\u0131n vazge\u00e7ilmezi haline gelen bilgisayar, tablet bilgisayar, ak\u0131ll\u0131 telefon gibi ara\u00e7lar dijital bir d\u00fcnyan\u0131n i\u00e7ine bizleri s\u00fcr\u00fcklemi\u015ftir. Bulundu\u011fwnuz bir\u00e7ok ortam dijitalle\u015fmi\u015f, zaman ve mekandan ba\u011f\u0131ms\u0131z olarak teknolojik ara\u00e7lar arac\u0131l\u0131\u011f\u0131yla ula\u015f\u0131labilir olmu\u015ftur. Bu de\u011fi\u015fim e\u011fitim ortamlar\u0131nda da kendisini g\u00f6stermi\u015ftir.   Bu kitapta; dijital e\u011fitim ara\u00e7lar\u0131 ve dijital metinler, dijital metin haz\u0131rlama a\u015famalar\u0131 ve \u0130lkokul \u00f6\u011frencilerine y\u00f6nelik dijital metin haz\u0131rlama ile ilgili bilgiler verilmektedir. Ayn\u0131 zamanda etkili dijital metinlerin haz\u0131rlanabilmesi i\u00e7in metin, paragraf, sayfa ve belge bi\u00e7imleri ile metine yap\u0131lacak eklemeler a\u00e7\u0131klanarak, bunlar\u0131n \u00f6zelliklerinin nas\u0131l de\u011fi\u015ftirilece\u011fi kelime i\u015flemci program\u0131n komutlar\u0131 ile g\u00f6sterilmektedir.<\/p>\n","protected":false},"excerpt":{"rendered":"<p>Son y\u0131llarda h\u0131zla hayat\u0131m\u0131za giren ve g\u00fcnl\u00fck ya\u015fant\u0131n\u0131n vazge\u00e7ilmezi haline gelen bilgisayar, tablet bilgisayar, ak\u0131ll\u0131 telefon gibi ara\u00e7lar dijital bir d\u00fcnyan\u0131n i\u00e7ine bizleri s\u00fcr\u00fcklemi\u015ftir. Bulundu\u011fwnuz bir\u00e7ok<span class=\"excerpt-hellip\"> [\u2026]<\/span><\/p>\n","protected":false},"featured_media":0,"template":"","meta":{"_monsterinsights_skip_tracking":false,"_monsterinsights_sitenote_active":false,"_monsterinsights_sitenote_note":"","_monsterinsights_sitenote_category":0},"product_brand":[],"product_cat":[12573,12566],"product_tag":[],"class_list":{"0":"post-741779","1":"product","2":"type-product","3":"status-publish","5":"product_cat-akademik-kitaplar","6":"product_cat-egitim","7":"pa_cilt-ciltsiz","8":"pa_tur-kitap","9":"pa_yayinevi-egiten-kitap","10":"pa_yazar-a-derya-isik","12":"first","13":"instock","14":"sale","15":"shipping-taxable","16":"purchasable","17":"product-type-simple"},"_links":{"self":[{"href":"https:\/\/roveyayinevi.com.tr\/index.php\/wp-json\/wp\/v2\/product\/741779","targetHints":{"allow":["GET"]}}],"collection":[{"href":"https:\/\/roveyayinevi.com.tr\/index.php\/wp-json\/wp\/v2\/product"}],"about":[{"href":"https:\/\/roveyayinevi.com.tr\/index.php\/wp-json\/wp\/v2\/types\/product"}],"wp:attachment":[{"href":"https:\/\/roveyayinevi.com.tr\/index.php\/wp-json\/wp\/v2\/media?parent=741779"}],"wp:term":[{"taxonomy":"product_brand","embeddable":true,"href":"https:\/\/roveyayinevi.com.tr\/index.php\/wp-json\/wp\/v2\/product_brand?post=741779"},{"taxonomy":"product_cat","embeddable":true,"href":"https:\/\/roveyayinevi.com.tr\/index.php\/wp-json\/wp\/v2\/product_cat?post=741779"},{"taxonomy":"product_tag","embeddable":true,"href":"https:\/\/roveyayinevi.com.tr\/index.php\/wp-json\/wp\/v2\/product_tag?post=741779"}],"curies":[{"name":"wp","href":"https:\/\/api.w.org\/{rel}","templated":true}]}}