{"id":741776,"date":"2025-08-28T00:56:40","date_gmt":"2025-08-27T21:56:40","guid":{"rendered":"https:\/\/roveyayinevi.com.tr\/index.php\/urun\/vahsi-bilinmeyen-tarot\/"},"modified":"2026-04-16T02:52:53","modified_gmt":"2026-04-15T23:52:53","slug":"vahsi-bilinmeyen-tarot","status":"publish","type":"product","link":"https:\/\/roveyayinevi.com.tr\/index.php\/urun\/vahsi-bilinmeyen-tarot\/","title":{"rendered":"Vah\u015fi Bilinmeyen Tarot"},"content":{"rendered":"<p>78 Kartl\u0131k Deste ve Rehber Kitap Kim Krans sadece yeni tarot hareketinin \u00f6ncu\u0308su\u0308 de\u011fil, ayn\u0131 zamanda yirmi birinci yu\u0308zy\u0131l i\u00e7in tarotu yeniden tan\u0131mlayan ki\u015fidir de. Vah\u015fi Bilinmeyen Tarot, \u00e7a\u011f\u0131m\u0131zda aray\u0131\u015f i\u00e7indeki \u00e7ok say\u0131da insan i\u00e7in bir tarot destesinden \u00e7ok daha fazlas\u0131d\u0131r; o insanlara say\u0131s\u0131z okumalar\u0131, d\u00f6vmeleri ve destedeki sanat \u00e7al\u0131\u015fmalar\u0131n\u0131 payla\u015fmalar\u0131 i\u00e7in ilham vererek tu\u0308m du\u0308nyada yank\u0131 bulan bir rehber oldu. Krans\u2019\u0131n Vah\u015fi Bilinmeyen Tarot destesindeki yetmi\u015f sekiz kart\u0131n her biri do\u011fal du\u0308nyan\u0131n ve hayvan krall\u0131\u011f\u0131n\u0131n gizemlerini ke\u015ffeden bir sanat \u00e7al\u0131\u015fmas\u0131d\u0131r. Bu az ve \u00f6z, minimalist stildeki \u00e7izimler ve \u00e7arp\u0131c\u0131 resimler insan\u0131 derin bir tefekku\u0308re \u00e7a\u011f\u0131r\u0131yor. Ola\u011fanu\u0308stu\u0308 bir ku\u0308lt sanat \u00e7al\u0131\u015fmas\u0131 olan Vah\u015fi Bilinmeyen Tarot\u2019un okuyuculara yetmi\u015f sekiz kart\u0131 kar\u0131\u015ft\u0131r\u0131p kesmekten, okuma yapma ve yorumlamaya kadar uzanan su\u0308re\u00e7te yol g\u00f6steren resimli bir kitap\u00e7\u0131\u011f\u0131 da mevcuttur.     Yazar Hakk\u0131nda: KIM KRANS, The New York Times&#8217;\u0131n en \u00e7ok satan kitab\u0131 The Wild Unknown Tarot&#8217;un vizyon sahibi bir sanat\u00e7\u0131s\u0131, yazar\u0131 ve yarat\u0131c\u0131s\u0131d\u0131r. Kim, BFA&#8217;s\u0131n\u0131 NYC&#8217;deki Cooper Union&#8217;da \u00e7izim alan\u0131nda, MFA&#8217;y\u0131 Hunter College&#8217;da karma medya alan\u0131nda ve California&#8217;daki Pacifica Graduate Institute&#8217;de derinlemesine psikoloji ve yarat\u0131c\u0131l\u0131k alan\u0131nda y\u00fcksek lisans derecesi ald\u0131. Aray\u0131c\u0131 kalbi onu Hindistan, Afrika, Avrupa ve Birle\u015fik Krall\u0131k&#8217;ta derinlemesine yoga ve \u015famanizm uygulamalar\u0131n\u0131 incelemeye g\u00f6t\u00fcrd\u00fc. Kim Krans, sanat, meditasyon, mistisizm ve hareket yoluyla yarat\u0131c\u0131l\u0131\u011f\u0131n ve radikal d\u00f6n\u00fc\u015f\u00fcm\u00fcn g\u00fc\u00e7lerini harekete ge\u00e7iren etkinlikler ve at\u00f6lye \u00e7al\u0131\u015fmalar\u0131 \u00f6\u011fretiyor.   Kim Krans&#8217;\u0131n daha fazla \u00e7al\u0131\u015fmas\u0131n\u0131 www.kimkrans.com&#8217;da g\u00f6r\u00fcnt\u00fcleyebilirsiniz.<\/p>\n","protected":false},"excerpt":{"rendered":"<p>78 Kartl\u0131k Deste ve Rehber Kitap Kim Krans sadece yeni tarot hareketinin \u00f6ncu\u0308su\u0308 de\u011fil, ayn\u0131 zamanda yirmi birinci yu\u0308zy\u0131l i\u00e7in tarotu yeniden tan\u0131mlayan ki\u015fidir de. Vah\u015fi<span class=\"excerpt-hellip\"> [\u2026]<\/span><\/p>\n","protected":false},"featured_media":0,"template":"","meta":{"_monsterinsights_skip_tracking":false,"_monsterinsights_sitenote_active":false,"_monsterinsights_sitenote_note":"","_monsterinsights_sitenote_category":0},"product_brand":[],"product_cat":[18082,15563],"product_tag":[],"class_list":{"0":"post-741776","1":"product","2":"type-product","3":"status-publish","5":"product_cat-astroloji-fal-ruya","6":"product_cat-hobi","7":"pa_cilt-ciltsiz","8":"pa_tur-kitap","9":"pa_yayinevi-butik-yayinlari","10":"pa_yazar-kim-krans","12":"first","13":"instock","14":"sale","15":"shipping-taxable","16":"purchasable","17":"product-type-simple"},"_links":{"self":[{"href":"https:\/\/roveyayinevi.com.tr\/index.php\/wp-json\/wp\/v2\/product\/741776","targetHints":{"allow":["GET"]}}],"collection":[{"href":"https:\/\/roveyayinevi.com.tr\/index.php\/wp-json\/wp\/v2\/product"}],"about":[{"href":"https:\/\/roveyayinevi.com.tr\/index.php\/wp-json\/wp\/v2\/types\/product"}],"wp:attachment":[{"href":"https:\/\/roveyayinevi.com.tr\/index.php\/wp-json\/wp\/v2\/media?parent=741776"}],"wp:term":[{"taxonomy":"product_brand","embeddable":true,"href":"https:\/\/roveyayinevi.com.tr\/index.php\/wp-json\/wp\/v2\/product_brand?post=741776"},{"taxonomy":"product_cat","embeddable":true,"href":"https:\/\/roveyayinevi.com.tr\/index.php\/wp-json\/wp\/v2\/product_cat?post=741776"},{"taxonomy":"product_tag","embeddable":true,"href":"https:\/\/roveyayinevi.com.tr\/index.php\/wp-json\/wp\/v2\/product_tag?post=741776"}],"curies":[{"name":"wp","href":"https:\/\/api.w.org\/{rel}","templated":true}]}}