{"id":741775,"date":"2025-08-28T00:56:40","date_gmt":"2025-08-27T21:56:40","guid":{"rendered":"https:\/\/roveyayinevi.com.tr\/index.php\/urun\/lenormand-kehanet-kartlari\/"},"modified":"2026-04-16T02:52:53","modified_gmt":"2026-04-15T23:52:53","slug":"lenormand-kehanet-kartlari","status":"publish","type":"product","link":"https:\/\/roveyayinevi.com.tr\/index.php\/urun\/lenormand-kehanet-kartlari\/","title":{"rendered":"Lenormand Kehanet Kartlar\u0131"},"content":{"rendered":"<p>LENORMAND KEHANET KARTLARI REHBER K\u0130TABI 36 Kartl\u0131k Deste ve Rehber Kitap. Lenormand destesindeki otuz alt\u0131 kart\u0131n anlamlar\u0131n\u0131 a\u00e7\u0131klayan \u00fcnl\u00fc Lenormand \u00f6\u011fretmenleri Marcus Katz ve Tali Goodwin\u2019e kat\u0131l\u0131n. Kartlarda resmedilen sembolleri anla\u015f\u0131l\u0131r bir \u015fekilde yorumlayan bu kitap, hayattaki en \u00f6nemli konularda net bir i\u00e7g\u00f6r\u00fc kazanman\u0131z i\u00e7in onlarla \u00e7al\u0131\u015fman\u0131za yard\u0131m edecektir. Bu desteyi ister kehanette bulunmak, ister ki\u015fisel geli\u015fiminiz i\u00e7in kullanmak isteyin, bu sayfalardaki basit a\u00e7\u0131klamalar size ba\u015flamak i\u00e7in harika bir temel sunacakt\u0131r. Ayr\u0131ca kitapta kademeli a\u00e7\u0131klamalar yap\u0131larak anlat\u0131lan B\u00fcy\u00fck Tablo a\u00e7\u0131l\u0131m\u0131 da yer almaktad\u0131r.   Yazarlar Hakk\u0131nda: Marcus Katz, \u0130ngiltere\u2019de Lake District\u2019te \u00e7a\u011fda\u015f bir e\u011fitim merkezi olan Far Away Centre\u2019da profesyonel Tarot \u00f6\u011fretmenidir. D\u00fcnyan\u0131n en b\u00fcy\u00fck Tarot organizasyonu olan Tarot Professionals\u2019\u0131n y\u00f6neticilerinden olan ve otuz y\u0131ld\u0131r Tarot \u00fcst\u00fcnde \u00e7al\u0131\u015fan ve \u00f6\u011freten Katz, birebir on binden fazla Tarot okumas\u0131 yapm\u0131\u015ft\u0131r. \u0130lk kitab\u0131 Tarosophy\u2019yi \u00f6nde gelen Tarot \u00f6\u011fretmenleri Tarot\u2019a \u201cb\u00fcy\u00fck bir katk\u0131\u201d olarak yorumlam\u0131\u015flard\u0131r. Marcus, ayn\u0131 zamanda d\u00fcnya \u00e7ap\u0131nda on binden fazla ki\u015finin Tarot\u2019u yeniliklere a\u00e7\u0131k bir \u015fekilde geli\u015ftirme konusunda payla\u015f\u0131mlarda bulundu\u011fu sosyal bir a\u011f olan Tarot-Town\u2019\u0131n da yarat\u0131c\u0131lar\u0131ndand\u0131r.   Tali Goodwin, d\u00fcnyan\u0131n en geni\u015f profesyonel Tarot organizasyonu olan Tarot Professionals\u2019\u0131n ortak kurucusu ve pazarlama m\u00fcd\u00fcr\u00fcd\u00fcr. Kindle\u2019da en ok satan ilk on Tarot kitab\u0131n\u0131n aras\u0131na giren Tarot Flip gibi yenilik\u00e7i ve \u00f6\u011fretici kitaplar\u0131n e\u015f yazarlar\u0131ndand\u0131r. Tali, usta bir ara\u015ft\u0131rmac\u0131d\u0131r ve Abiding in the Sanctuary: The Waite-Trinick Tarot kitab\u0131nda uzun s\u00fcredir gizli kalan Waite-Trinick Tarotu\u2019nun yay\u0131mlanmas\u0131n\u0131 sa\u011flam\u0131\u015ft\u0131r. Kendisi ayn\u0131 zamanda 2010-2011 y\u0131llar\u0131nda \u00f6nde gelen Tarot dergisi Tarosophist International\u2019\u0131n edit\u00f6rl\u00fc\u011f\u00fcn\u00fc de yapm\u0131\u015ft\u0131r. <\/p>\n","protected":false},"excerpt":{"rendered":"<p>LENORMAND KEHANET KARTLARI REHBER K\u0130TABI 36 Kartl\u0131k Deste ve Rehber Kitap. Lenormand destesindeki otuz alt\u0131 kart\u0131n anlamlar\u0131n\u0131 a\u00e7\u0131klayan \u00fcnl\u00fc Lenormand \u00f6\u011fretmenleri Marcus Katz ve Tali Goodwin\u2019e<span class=\"excerpt-hellip\"> [\u2026]<\/span><\/p>\n","protected":false},"featured_media":0,"template":"","meta":{"_monsterinsights_skip_tracking":false,"_monsterinsights_sitenote_active":false,"_monsterinsights_sitenote_note":"","_monsterinsights_sitenote_category":0},"product_brand":[],"product_cat":[18082,15563],"product_tag":[],"class_list":{"0":"post-741775","1":"product","2":"type-product","3":"status-publish","5":"product_cat-astroloji-fal-ruya","6":"product_cat-hobi","7":"pa_cilt-ciltsiz","8":"pa_tur-kitap","9":"pa_yayinevi-butik-yayinlari","10":"pa_yazar-marcuz-katz-tali-goodwin","12":"first","13":"instock","14":"sale","15":"shipping-taxable","16":"purchasable","17":"product-type-simple"},"_links":{"self":[{"href":"https:\/\/roveyayinevi.com.tr\/index.php\/wp-json\/wp\/v2\/product\/741775","targetHints":{"allow":["GET"]}}],"collection":[{"href":"https:\/\/roveyayinevi.com.tr\/index.php\/wp-json\/wp\/v2\/product"}],"about":[{"href":"https:\/\/roveyayinevi.com.tr\/index.php\/wp-json\/wp\/v2\/types\/product"}],"wp:attachment":[{"href":"https:\/\/roveyayinevi.com.tr\/index.php\/wp-json\/wp\/v2\/media?parent=741775"}],"wp:term":[{"taxonomy":"product_brand","embeddable":true,"href":"https:\/\/roveyayinevi.com.tr\/index.php\/wp-json\/wp\/v2\/product_brand?post=741775"},{"taxonomy":"product_cat","embeddable":true,"href":"https:\/\/roveyayinevi.com.tr\/index.php\/wp-json\/wp\/v2\/product_cat?post=741775"},{"taxonomy":"product_tag","embeddable":true,"href":"https:\/\/roveyayinevi.com.tr\/index.php\/wp-json\/wp\/v2\/product_tag?post=741775"}],"curies":[{"name":"wp","href":"https:\/\/api.w.org\/{rel}","templated":true}]}}