{"id":741770,"date":"2025-08-28T00:56:33","date_gmt":"2025-08-27T21:56:33","guid":{"rendered":"https:\/\/roveyayinevi.com.tr\/index.php\/urun\/holderlinin-deliligi\/"},"modified":"2026-04-16T02:52:53","modified_gmt":"2026-04-15T23:52:53","slug":"holderlinin-deliligi","status":"publish","type":"product","link":"https:\/\/roveyayinevi.com.tr\/index.php\/urun\/holderlinin-deliligi\/","title":{"rendered":"H\u00f6lderlin&#8217;in Delili\u011fi"},"content":{"rendered":"<p>\u201cH\u00f6lderlin, k\u0131rk ya\u015f\u0131nda akl\u0131n\u0131 yitirmeyi makul buldu.\u201d R. Walser H\u00f6lderlin\u2019in hayat\u0131, tam ortas\u0131nda ikiye b\u00f6lu\u0308nu\u0308r. 1770 ile 1806 aras\u0131ndaki ilk 36 y\u0131l\u0131nda gu\u0308ndelik hayattan fazlaca uzak olmaktan korksa bile, gu\u0308cu\u0308 \u00f6l\u00e7u\u0308su\u0308nde zaman\u0131n\u0131n du\u0308nyas\u0131nda ya\u015fay\u0131p o du\u0308nyan\u0131n olaylar\u0131na kat\u0131lan H\u00f6lderlin, 1807 ile 1843 aras\u0131ndaki ikinci 36 y\u0131l\u0131n\u0131 bir duvar onu d\u0131\u015f du\u0308nyadan ay\u0131r\u0131yormu\u015f\u00e7as\u0131na temastan ka\u00e7arak olaylardan uzakta ge\u00e7irir ve hayata kar\u015f\u0131 tavr\u0131n\u0131, her tu\u0308r tarihsel niteli\u011fin izlerini silmek u\u0308zerine kurar. H\u00f6lderlin\u2019in Delili\u011fi, H\u00f6lderlin\u2019in, hayat\u0131n\u0131n ikinci yar\u0131s\u0131nda delilik te\u015fhisini g\u00f6nu\u0308llu\u0308 olarak kabul etmesi u\u0308zerine Giorgio Agamben\u2019in bu durumun nedenlerine felsefi a\u00e7\u0131dan e\u011fildi\u011fi bir kroniktir. Agamben, H\u00f6lderlin\u2019de aktif ve pasif, kamusal ve \u00f6zel, ak\u0131l ve delilik, gu\u0308\u00e7 ve eylem, komik ve trajik aras\u0131ndaki kar\u015f\u0131tl\u0131\u011f\u0131 etkisiz hale getiren ve H\u00f6lderlin\u2019in Bat\u0131 du\u0308\u015fu\u0308ncesine b\u0131rakt\u0131\u011f\u0131 politik miras\u0131 temsil eden al\u0131\u015f\u0131lm\u0131\u015f bir ya\u015fam g\u00f6ru\u0308r. Al\u0131\u015f\u0131lm\u0131\u015f ya\u015fam, \u015fiirsel bir ya\u015famd\u0131r; kararla\u015ft\u0131r\u0131lamayacak veya emredilemeyecek bir \u015fekilde, insanl\u0131\u011f\u0131 \u015fiirsel olarak i\u00e7inde ya\u015fat\u0131r. Hayat\u0131n kendisi de dahil olmak u\u0308zere her sanatta ve \u00e7al\u0131\u015fmada ba\u015far\u0131s\u0131zl\u0131\u011f\u0131 tek kader olarak kabul eden bir hayat&#8230;<\/p>\n","protected":false},"excerpt":{"rendered":"<p>\u201cH\u00f6lderlin, k\u0131rk ya\u015f\u0131nda akl\u0131n\u0131 yitirmeyi makul buldu.\u201d R. Walser H\u00f6lderlin\u2019in hayat\u0131, tam ortas\u0131nda ikiye b\u00f6lu\u0308nu\u0308r. 1770 ile 1806 aras\u0131ndaki ilk 36 y\u0131l\u0131nda gu\u0308ndelik hayattan fazlaca uzak<span class=\"excerpt-hellip\"> [\u2026]<\/span><\/p>\n","protected":false},"featured_media":0,"template":"","meta":{"_monsterinsights_skip_tracking":false,"_monsterinsights_sitenote_active":false,"_monsterinsights_sitenote_note":"","_monsterinsights_sitenote_category":0},"product_brand":[],"product_cat":[12337],"product_tag":[],"class_list":{"0":"post-741770","1":"product","2":"type-product","3":"status-publish","5":"product_cat-politika-siyaset","6":"pa_cilt-ciltsiz","7":"pa_tur-kitap","8":"pa_yayinevi-ketebe-yayinlari","9":"pa_yazar-giorgio-agamben","11":"first","12":"instock","13":"sale","14":"shipping-taxable","15":"purchasable","16":"product-type-simple"},"_links":{"self":[{"href":"https:\/\/roveyayinevi.com.tr\/index.php\/wp-json\/wp\/v2\/product\/741770","targetHints":{"allow":["GET"]}}],"collection":[{"href":"https:\/\/roveyayinevi.com.tr\/index.php\/wp-json\/wp\/v2\/product"}],"about":[{"href":"https:\/\/roveyayinevi.com.tr\/index.php\/wp-json\/wp\/v2\/types\/product"}],"wp:attachment":[{"href":"https:\/\/roveyayinevi.com.tr\/index.php\/wp-json\/wp\/v2\/media?parent=741770"}],"wp:term":[{"taxonomy":"product_brand","embeddable":true,"href":"https:\/\/roveyayinevi.com.tr\/index.php\/wp-json\/wp\/v2\/product_brand?post=741770"},{"taxonomy":"product_cat","embeddable":true,"href":"https:\/\/roveyayinevi.com.tr\/index.php\/wp-json\/wp\/v2\/product_cat?post=741770"},{"taxonomy":"product_tag","embeddable":true,"href":"https:\/\/roveyayinevi.com.tr\/index.php\/wp-json\/wp\/v2\/product_tag?post=741770"}],"curies":[{"name":"wp","href":"https:\/\/api.w.org\/{rel}","templated":true}]}}