{"id":741769,"date":"2025-08-28T00:56:32","date_gmt":"2025-08-27T21:56:32","guid":{"rendered":"https:\/\/roveyayinevi.com.tr\/index.php\/urun\/fonksiyon-kavram-anlam\/"},"modified":"2026-04-16T02:52:53","modified_gmt":"2026-04-15T23:52:53","slug":"fonksiyon-kavram-anlam","status":"publish","type":"product","link":"https:\/\/roveyayinevi.com.tr\/index.php\/urun\/fonksiyon-kavram-anlam\/","title":{"rendered":"Fonksiyon, Kavram, Anlam"},"content":{"rendered":"<p>Modern matematiksel mant\u0131\u011f\u0131n kurucusu olan Gottlob Frege, Aristoteles\u2019ten sonraki zamanlar\u0131n en bu\u0308yu\u0308k mant\u0131k\u00e7\u0131s\u0131 olarak kabul edilmektedir. Eserleri kendi d\u00f6neminde \u00e7ok fazla u\u0308ne kavu\u015fmam\u0131\u015f, fikirleri daha \u00e7ok kendisinden etkilenen du\u0308\u015fu\u0308nu\u0308rler arac\u0131l\u0131\u011f\u0131 ile yay\u0131lm\u0131\u015ft\u0131r. Birbiri ard\u0131na devrim niteli\u011finde eserler ne\u015freden Frege, modern mant\u0131\u011f\u0131n geli\u015fimini mu\u0308mku\u0308n k\u0131lan temel fikirleri kendi ba\u015f\u0131na ke\u015ffetmi\u015ftir ve bu\u0308tu\u0308n disiplini adeta tek ba\u015f\u0131na kurmu\u015ftur. Matematik felsefesi, matematiksel mant\u0131k, dil felsefesi gibi alanlar\u0131 derinden etkileyen Frege\u2019nin fikirleri, Ludwig Wittgenstein ve Edmund Husserl gibi isimlere de tesir etmi\u015ftir. Bu eser, Frege\u2019nin gu\u0308nu\u0308mu\u0308zu\u0308n felsefi tart\u0131\u015fmalar\u0131nda en etkili teorilerini i\u00e7eren, matematikle alakal\u0131 meselelere \u00e7ok fazla a\u015fina olmayan okurun da kolayl\u0131kla anlayabilece\u011fi makalelerden olu\u015fmaktad\u0131r.<\/p>\n","protected":false},"excerpt":{"rendered":"<p>Modern matematiksel mant\u0131\u011f\u0131n kurucusu olan Gottlob Frege, Aristoteles\u2019ten sonraki zamanlar\u0131n en bu\u0308yu\u0308k mant\u0131k\u00e7\u0131s\u0131 olarak kabul edilmektedir. Eserleri kendi d\u00f6neminde \u00e7ok fazla u\u0308ne kavu\u015fmam\u0131\u015f, fikirleri daha \u00e7ok<span class=\"excerpt-hellip\"> [\u2026]<\/span><\/p>\n","protected":false},"featured_media":0,"template":"","meta":{"_monsterinsights_skip_tracking":false,"_monsterinsights_sitenote_active":false,"_monsterinsights_sitenote_note":"","_monsterinsights_sitenote_category":0},"product_brand":[],"product_cat":[13072,12291],"product_tag":[],"class_list":{"0":"post-741769","1":"product","2":"type-product","3":"status-publish","5":"product_cat-arastirma-inceleme-referans","6":"product_cat-edebiyat","7":"pa_cilt-ciltsiz","8":"pa_tur-kitap","9":"pa_yayinevi-ketebe-yayinlari","10":"pa_yazar-gottlob-frege","12":"first","13":"instock","14":"sale","15":"shipping-taxable","16":"purchasable","17":"product-type-simple"},"_links":{"self":[{"href":"https:\/\/roveyayinevi.com.tr\/index.php\/wp-json\/wp\/v2\/product\/741769","targetHints":{"allow":["GET"]}}],"collection":[{"href":"https:\/\/roveyayinevi.com.tr\/index.php\/wp-json\/wp\/v2\/product"}],"about":[{"href":"https:\/\/roveyayinevi.com.tr\/index.php\/wp-json\/wp\/v2\/types\/product"}],"wp:attachment":[{"href":"https:\/\/roveyayinevi.com.tr\/index.php\/wp-json\/wp\/v2\/media?parent=741769"}],"wp:term":[{"taxonomy":"product_brand","embeddable":true,"href":"https:\/\/roveyayinevi.com.tr\/index.php\/wp-json\/wp\/v2\/product_brand?post=741769"},{"taxonomy":"product_cat","embeddable":true,"href":"https:\/\/roveyayinevi.com.tr\/index.php\/wp-json\/wp\/v2\/product_cat?post=741769"},{"taxonomy":"product_tag","embeddable":true,"href":"https:\/\/roveyayinevi.com.tr\/index.php\/wp-json\/wp\/v2\/product_tag?post=741769"}],"curies":[{"name":"wp","href":"https:\/\/api.w.org\/{rel}","templated":true}]}}