{"id":741768,"date":"2025-08-28T00:56:31","date_gmt":"2025-08-27T21:56:31","guid":{"rendered":"https:\/\/roveyayinevi.com.tr\/index.php\/urun\/evliligin-estetik-gecerliligi-2\/"},"modified":"2026-04-16T02:52:52","modified_gmt":"2026-04-15T23:52:52","slug":"evliligin-estetik-gecerliligi-2","status":"publish","type":"product","link":"https:\/\/roveyayinevi.com.tr\/index.php\/urun\/evliligin-estetik-gecerliligi-2\/","title":{"rendered":"Evlili\u011fin Estetik Ge\u00e7erlili\u011fi"},"content":{"rendered":"<p>Romantik ilk a\u015fka kar\u015f\u0131n evlili\u011fin, cesarete kar\u015f\u0131 sabr\u0131n, anl\u0131k olana kar\u015f\u0131 ebedinin, tensele kar\u015f\u0131 ruhsal\u0131n, u\u00e7ar\u0131l\u0131\u011fa kar\u015f\u0131 tekdu\u0308zeli\u011fin, fethetmeye kar\u015f\u0131 sahip olman\u0131n, gurura kar\u015f\u0131 tevazuun, a\u00e7g\u00f6zlu\u0308lu\u0308\u011fe kar\u015f\u0131 r\u0131zan\u0131n, d\u0131\u015fsala kar\u015f\u0131 i\u00e7selin, zirve an\u0131n\u0131 de\u011fil su\u0308rekli olu\u015fun \u00f6vu\u0308ldu\u0308\u011fu\u0308 bu eser Ya\/Ya da\u2019n\u0131n birinci k\u0131sm\u0131na bir yan\u0131t niteli\u011findedir. Evlili\u011fin Estetik Ge\u00e7erlili\u011fi, Yarg\u0131\u00e7 Wilhelm\u2019in, Kierkegaard\u2019\u0131n ba\u015ftan \u00e7\u0131kar\u0131c\u0131s\u0131 Johannes\u2019i etik ya\u015fam\u0131n estetik ya\u015fant\u0131dan daha iyi oldu\u011funa ikna etmeye \u00e7al\u0131\u015ft\u0131\u011f\u0131 uzun bir mektuptur. Ba\u015ftan \u00c7\u0131kar\u0131c\u0131n\u0131n Gu\u0308nlu\u0308\u011fu\u0308\u2019nde Johannes\u2019in de\u011ferli buldu\u011fu anl\u0131k zevkler ve ince zekan\u0131n parlak bulu\u015flar\u0131 Yarg\u0131\u00e7 taraf\u0131ndan ele\u015ftirilir. *** Evlilikteki a\u015fk sad\u0131k, sabit, mu\u0308tevaz\u0131, sab\u0131rl\u0131, kontrollu\u0308, sebatk\u00e2r, istekli ve ne\u015felidir. Bu\u0308tu\u0308n bu erdemler bireyin i\u00e7sel \u00f6zellikleridir. Birey d\u0131\u015fsal du\u0308\u015fmanlarla mu\u0308cadele etmez. Kendi nam\u0131na, kendisi ve a\u015fk\u0131 i\u00e7in mu\u0308cadele eder. Ve \u00f6zu\u0308nde bir kerelik de\u011fil daima uyguland\u0131\u011f\u0131 i\u00e7in zamansal yetkinli\u011fe sahiptir. Ve bu erdemler yoluyla benlik d\u0131\u015f\u0131nda hi\u00e7bir \u015fey elde edilemez. Bu yu\u0308zden evlilikteki a\u015fk tek ve ayn\u0131d\u0131r; senin alay edercesine adland\u0131rd\u0131\u011f\u0131n gibi gu\u0308nlu\u0308k ve ayr\u0131ca kutsald\u0131r ve evlilikteki a\u015fk gu\u0308nlu\u0308k olma yoluyla kutsall\u0131\u011f\u0131 kazan\u0131r. Evlilikteki a\u015fk, tela\u015f ve \u00e7\u0131\u011fl\u0131klarla gelen talih ku\u015fu gibi d\u0131\u015fsal i\u015faretlerle gelmez; ahl\u00e2k\u0131 bozulmaz sessiz bir ruh olarak gelir. *** \u201cEvlili\u011fin \u2018neden\u2019ine verilebilecek en sayg\u0131n yan\u0131tlardan birisi, evlili\u011fin bir karakter okulu oldu\u011fudur. Ki\u015fi, kendi karakterini yu\u0308kseltmek ve geli\u015ftirmek i\u00e7in evlenir.\u201d<\/p>\n","protected":false},"excerpt":{"rendered":"<p>Romantik ilk a\u015fka kar\u015f\u0131n evlili\u011fin, cesarete kar\u015f\u0131 sabr\u0131n, anl\u0131k olana kar\u015f\u0131 ebedinin, tensele kar\u015f\u0131 ruhsal\u0131n, u\u00e7ar\u0131l\u0131\u011fa kar\u015f\u0131 tekdu\u0308zeli\u011fin, fethetmeye kar\u015f\u0131 sahip olman\u0131n, gurura kar\u015f\u0131 tevazuun, a\u00e7g\u00f6zlu\u0308lu\u0308\u011fe<span class=\"excerpt-hellip\"> [\u2026]<\/span><\/p>\n","protected":false},"featured_media":0,"template":"","meta":{"_monsterinsights_skip_tracking":false,"_monsterinsights_sitenote_active":false,"_monsterinsights_sitenote_note":"","_monsterinsights_sitenote_category":0},"product_brand":[],"product_cat":[12388,13555],"product_tag":[],"class_list":{"0":"post-741768","1":"product","2":"type-product","3":"status-publish","5":"product_cat-felsefe","6":"product_cat-genel-felsefe","7":"pa_cilt-ciltsiz","8":"pa_tur-kitap","9":"pa_yayinevi-ketebe-yayinlari","10":"pa_yazar-soren-kierkegaard","12":"first","13":"instock","14":"sale","15":"shipping-taxable","16":"purchasable","17":"product-type-simple"},"_links":{"self":[{"href":"https:\/\/roveyayinevi.com.tr\/index.php\/wp-json\/wp\/v2\/product\/741768","targetHints":{"allow":["GET"]}}],"collection":[{"href":"https:\/\/roveyayinevi.com.tr\/index.php\/wp-json\/wp\/v2\/product"}],"about":[{"href":"https:\/\/roveyayinevi.com.tr\/index.php\/wp-json\/wp\/v2\/types\/product"}],"wp:attachment":[{"href":"https:\/\/roveyayinevi.com.tr\/index.php\/wp-json\/wp\/v2\/media?parent=741768"}],"wp:term":[{"taxonomy":"product_brand","embeddable":true,"href":"https:\/\/roveyayinevi.com.tr\/index.php\/wp-json\/wp\/v2\/product_brand?post=741768"},{"taxonomy":"product_cat","embeddable":true,"href":"https:\/\/roveyayinevi.com.tr\/index.php\/wp-json\/wp\/v2\/product_cat?post=741768"},{"taxonomy":"product_tag","embeddable":true,"href":"https:\/\/roveyayinevi.com.tr\/index.php\/wp-json\/wp\/v2\/product_tag?post=741768"}],"curies":[{"name":"wp","href":"https:\/\/api.w.org\/{rel}","templated":true}]}}