{"id":741766,"date":"2025-08-28T00:56:28","date_gmt":"2025-08-27T21:56:28","guid":{"rendered":"https:\/\/roveyayinevi.com.tr\/index.php\/urun\/bosna-buyuk-bir-sir\/"},"modified":"2026-04-16T02:52:52","modified_gmt":"2026-04-15T23:52:52","slug":"bosna-buyuk-bir-sir","status":"publish","type":"product","link":"https:\/\/roveyayinevi.com.tr\/index.php\/urun\/bosna-buyuk-bir-sir\/","title":{"rendered":"Bosna B\u00fcy\u00fck Bir S\u0131r"},"content":{"rendered":"<p>Aliya \u0130zetbegovi\u00e7 gibi bu\u0308yu\u0308k bir liderin hapiste oldu\u011fu su\u0308re\u00e7te ya\u015fad\u0131klar\u0131n\u0131, \u00e7\u0131kt\u0131ktan sonra siyasette h\u0131zla yu\u0308kselmesini, memleketi ve halk\u0131 i\u00e7in verdi\u011fi mu\u0308cadeleyi, durup dinlenmeden su\u0308rekli \u00e7al\u0131\u015fmas\u0131n\u0131 okuyoruz Bosna Bu\u0308yu\u0308k Bir S\u0131r kitab\u0131nda. Mu\u0308lakatlardan olu\u015ftu\u011fu i\u00e7in o d\u00f6nemki siyasi atmosfere tan\u0131k olmak da kolayla\u015f\u0131yor, Aliya\u2019n\u0131n olaylara bak\u0131\u015f\u0131ndaki de\u011fi\u015fimleri g\u00f6rmek de mu\u0308mku\u0308n oluyor; hatta baz\u0131 gazetecilerin art niyetli sorular\u0131n\u0131 ustal\u0131kla geri pu\u0308sku\u0308rtu\u0308p u\u0308stu\u0308ne bir de tu\u0308m haz\u0131rcevapl\u0131\u011f\u0131yla onlar\u0131 alt etmesini seyrediyoruz keyifle. Bosna Bu\u0308yu\u0308k Bir S\u0131r, ismiyle mu\u0308semma bir eser. S\u0131rr\u0131 biraz olsun aralamak, Bosna\u2019y\u0131, Balkan co\u011frafyas\u0131n\u0131, siyasi \u00e7alkant\u0131lar\u0131, siyasilerin \u00e7eki\u015fmelerini ve Aliya \u0130zetbegovi\u00e7\u2019i okumak, \u00f6\u011frenmek ve a\u015fina olmak i\u00e7in sayfalarda gezintiye \u00e7\u0131kmal\u0131.<\/p>\n","protected":false},"excerpt":{"rendered":"<p>Aliya \u0130zetbegovi\u00e7 gibi bu\u0308yu\u0308k bir liderin hapiste oldu\u011fu su\u0308re\u00e7te ya\u015fad\u0131klar\u0131n\u0131, \u00e7\u0131kt\u0131ktan sonra siyasette h\u0131zla yu\u0308kselmesini, memleketi ve halk\u0131 i\u00e7in verdi\u011fi mu\u0308cadeleyi, durup dinlenmeden su\u0308rekli \u00e7al\u0131\u015fmas\u0131n\u0131 okuyoruz<span class=\"excerpt-hellip\"> [\u2026]<\/span><\/p>\n","protected":false},"featured_media":0,"template":"","meta":{"_monsterinsights_skip_tracking":false,"_monsterinsights_sitenote_active":false,"_monsterinsights_sitenote_note":"","_monsterinsights_sitenote_category":0},"product_brand":[],"product_cat":[12291,30969],"product_tag":[],"class_list":{"0":"post-741766","1":"product","2":"type-product","3":"status-publish","5":"product_cat-edebiyat","6":"product_cat-soylesi-edebiyat","7":"pa_cilt-ciltsiz","8":"pa_tur-kitap","9":"pa_yayinevi-ketebe-yayinlari","10":"pa_yazar-aliya-izetbegovic","12":"first","13":"instock","14":"sale","15":"shipping-taxable","16":"purchasable","17":"product-type-simple"},"_links":{"self":[{"href":"https:\/\/roveyayinevi.com.tr\/index.php\/wp-json\/wp\/v2\/product\/741766","targetHints":{"allow":["GET"]}}],"collection":[{"href":"https:\/\/roveyayinevi.com.tr\/index.php\/wp-json\/wp\/v2\/product"}],"about":[{"href":"https:\/\/roveyayinevi.com.tr\/index.php\/wp-json\/wp\/v2\/types\/product"}],"wp:attachment":[{"href":"https:\/\/roveyayinevi.com.tr\/index.php\/wp-json\/wp\/v2\/media?parent=741766"}],"wp:term":[{"taxonomy":"product_brand","embeddable":true,"href":"https:\/\/roveyayinevi.com.tr\/index.php\/wp-json\/wp\/v2\/product_brand?post=741766"},{"taxonomy":"product_cat","embeddable":true,"href":"https:\/\/roveyayinevi.com.tr\/index.php\/wp-json\/wp\/v2\/product_cat?post=741766"},{"taxonomy":"product_tag","embeddable":true,"href":"https:\/\/roveyayinevi.com.tr\/index.php\/wp-json\/wp\/v2\/product_tag?post=741766"}],"curies":[{"name":"wp","href":"https:\/\/api.w.org\/{rel}","templated":true}]}}