{"id":741765,"date":"2025-08-28T00:56:27","date_gmt":"2025-08-27T21:56:27","guid":{"rendered":"https:\/\/roveyayinevi.com.tr\/index.php\/urun\/gece-denizi\/"},"modified":"2026-04-16T02:52:52","modified_gmt":"2026-04-15T23:52:52","slug":"gece-denizi","status":"publish","type":"product","link":"https:\/\/roveyayinevi.com.tr\/index.php\/urun\/gece-denizi\/","title":{"rendered":"Gece Denizi"},"content":{"rendered":"<p>Elli \u00fc\u00e7 ya\u015f\u0131ndaki Servi\u2019ye g\u00f6re, \u015fu \u201cya\u015famak meselesi\u201d haddinden fazla abart\u0131lmaktad\u0131r. A\u011fr\u0131yan ve tutukluk eden dizlerle kendini g\u00f6stermeye ba\u015flayan ya\u015fl\u0131l\u0131k belli ki g\u00f6z\u00fcn\u00fc korkutmu\u015f, malum vakti beklemektense bir h\u00e2l \u00e7are d\u00fc\u015f\u00fcnmek daha mant\u0131kl\u0131 g\u00f6r\u00fcn\u00fcr olmu\u015ftur. Ya\u015fad\u0131\u011f\u0131 \u015fehirden \u00e7ok uzakta bir yere gidip g\u00f6\u00e7me \u00e2n\u0131nda ger\u00e7ekle\u015fti\u011fi rivayet edilen an\u0131lar g\u00f6sterimini garantiye almak istercesine bir defter tutmaya ba\u015flar. Ancak as\u0131l konu ondaki bu k\u00f6kl\u00fc g\u00fcvensizlik duygusu de\u011fil, kendini bildi bileli y\u00fczle\u015fmekten ka\u00e7\u0131nd\u0131\u011f\u0131 bir ger\u00e7ekli\u011fin g\u00f6zlerinin i\u00e7ine bakma ihtiyac\u0131d\u0131r:   \u201cKe\u015ffetti\u011fim bir \u015fey var, bence epey \u00f6nemli bir mevzu, giderayak onu masaya yat\u0131ray\u0131m diyorum: \u015eu bizim g\u00fcya \u2018biricik\u2019 hayatlar\u0131m\u0131z var ya, g\u00f6kler s\u0131k\u0131nt\u0131dan patlay\u0131p i\u00e7inden bizi \u00e7\u0131kard\u0131\u011f\u0131ndan beri \u00e7al\u0131nan tek bir plaktan m\u00fctevellitmi\u015f, onu anlad\u0131m (toprak, \u00e7amur ya da ate\u015ften ziyade, s\u0131k\u0131nt\u0131 bize daha uygun bir hammaddedir, bunu herkes bilir). Akl\u0131ma \u00e7engel gibi tak\u0131l\u0131p kalan an\u0131lar\u0131 yan yana dizdim, sonra da kutsal metinlere, efsanelere, masallara, a\u011f\u0131tlara, halk s\u00f6ylencelerine bakt\u0131m, okuyup ara\u015ft\u0131rd\u0131k\u00e7a k\u00fc\u00e7\u00fck ya da b\u00fcy\u00fck par\u00e7alar h\u00e2lindeki temsillerinde oynad\u0131\u011f\u0131m\u0131 fark ettim&#8230; Huyum kurusun, inad\u0131m tuttu mu ne yel ne de sel alabilir beni bir davadan. Yine \u00f6yle olacak, s\u0131rf bu zorbal\u0131\u011fa kafa tutmak i\u00e7in gidece\u011fim. Ama \u00f6nce bu \u00f6rt\u00fcl\u00fc oyunu bir s\u0131r olmaktan \u00e7\u0131karaca\u011f\u0131m.\u201d   \u0130stanbul\u2019da ba\u015flay\u0131p G\u00fcneydo\u011fu\u2019ya uzanan bu efsunlu \u201cdefter\u201d, ya\u015fad\u0131\u011f\u0131m\u0131z topraklara ait masallar\u0131n, mitlerin, ke\u015fiflerin ve karanl\u0131k kahkahalar\u0131n, var olu\u015fumuzdan bu yana bitimsiz bir esrimeyle dinledi\u011fimiz \u00f6yk\u00fclerin edebiyata d\u00f6n\u00fc\u015f\u00fcn\u00fc kutlayan bir metin.   \u201cDinledi\u011fim ve ruhum bile duymadan bir par\u00e7as\u0131 oldu\u011fum onca anlat\u0131n\u0131n kar\u015f\u0131l\u0131\u011f\u0131 gibi g\u00f6rece\u011fim bu defteri. Masallara kar\u0131\u015fm\u0131\u015f masal\u0131m\u0131 anlataca\u011f\u0131m. Kimse \u00e7ocu\u011funun yata\u011f\u0131na ili\u015fip okumak istemeyecek belki ama bundan bana ne, bir kere de benden sonras\u0131 tufan olsun.\u201d<\/p>\n","protected":false},"excerpt":{"rendered":"<p>Elli \u00fc\u00e7 ya\u015f\u0131ndaki Servi\u2019ye g\u00f6re, \u015fu \u201cya\u015famak meselesi\u201d haddinden fazla abart\u0131lmaktad\u0131r. A\u011fr\u0131yan ve tutukluk eden dizlerle kendini g\u00f6stermeye ba\u015flayan ya\u015fl\u0131l\u0131k belli ki g\u00f6z\u00fcn\u00fc korkutmu\u015f, malum vakti<span class=\"excerpt-hellip\"> [\u2026]<\/span><\/p>\n","protected":false},"featured_media":0,"template":"","meta":{"_monsterinsights_skip_tracking":false,"_monsterinsights_sitenote_active":false,"_monsterinsights_sitenote_note":"","_monsterinsights_sitenote_category":0},"product_brand":[],"product_cat":[12291,12711],"product_tag":[],"class_list":{"0":"post-741765","1":"product","2":"type-product","3":"status-publish","5":"product_cat-edebiyat","6":"product_cat-roman-oyku","7":"pa_cilt-ciltsiz","8":"pa_tur-kitap","9":"pa_yayinevi-kafka-yayinevi","10":"pa_yazar-sebnem-soral-tamer","12":"first","13":"instock","14":"sale","15":"shipping-taxable","16":"purchasable","17":"product-type-simple"},"_links":{"self":[{"href":"https:\/\/roveyayinevi.com.tr\/index.php\/wp-json\/wp\/v2\/product\/741765","targetHints":{"allow":["GET"]}}],"collection":[{"href":"https:\/\/roveyayinevi.com.tr\/index.php\/wp-json\/wp\/v2\/product"}],"about":[{"href":"https:\/\/roveyayinevi.com.tr\/index.php\/wp-json\/wp\/v2\/types\/product"}],"wp:attachment":[{"href":"https:\/\/roveyayinevi.com.tr\/index.php\/wp-json\/wp\/v2\/media?parent=741765"}],"wp:term":[{"taxonomy":"product_brand","embeddable":true,"href":"https:\/\/roveyayinevi.com.tr\/index.php\/wp-json\/wp\/v2\/product_brand?post=741765"},{"taxonomy":"product_cat","embeddable":true,"href":"https:\/\/roveyayinevi.com.tr\/index.php\/wp-json\/wp\/v2\/product_cat?post=741765"},{"taxonomy":"product_tag","embeddable":true,"href":"https:\/\/roveyayinevi.com.tr\/index.php\/wp-json\/wp\/v2\/product_tag?post=741765"}],"curies":[{"name":"wp","href":"https:\/\/api.w.org\/{rel}","templated":true}]}}