{"id":741764,"date":"2025-08-28T00:56:25","date_gmt":"2025-08-27T21:56:25","guid":{"rendered":"https:\/\/roveyayinevi.com.tr\/index.php\/urun\/ilkbahar-2\/"},"modified":"2026-04-16T02:52:52","modified_gmt":"2026-04-15T23:52:52","slug":"ilkbahar-2","status":"publish","type":"product","link":"https:\/\/roveyayinevi.com.tr\/index.php\/urun\/ilkbahar-2\/","title":{"rendered":"\u0130lkbahar"},"content":{"rendered":"<p>&#8220;Zaman her \u015feyi de\u011fi\u015ftirebilir. S\u0131k\u0131ca kapal\u0131 g\u00f6r\u00fcnenve a\u00e7\u0131lmayaca\u011f\u0131na inan\u0131lan kap\u0131lar bir s\u00fcre sonrakolayl\u0131kla a\u00e7\u0131l\u0131r. Bir d\u00f6nemin imk\u00e2ns\u0131z ve d\u00fc\u015f\u00fcn\u00fclemezolan\u0131, ba\u015fka bir d\u00f6nemin olmas\u0131 muhtemeli, hattas\u0131radan\u0131d\u0131r.&#8221;   Yay\u0131mland\u0131\u011f\u0131 y\u0131l Man Booker k\u0131sa listesine giren \u0130lkbahar, Smith\u2019in Mevsimler D\u00f6rtlemesi\u2019nin en s\u0131rad\u0131\u015f\u0131 kitab\u0131. Katherine Mansfield, Charlie Chaplin, Shakespeare, Rilke, Beethoven, Brexit, Trump, bug\u00fcn, ge\u00e7mi\u015f, kuzey, g\u00fcney, do\u011fu, bat\u0131, kay\u0131p zamanlar\u0131n yas\u0131n\u0131 tutan bir adam ve modern zamanlarda kapana k\u0131s\u0131lm\u0131\u015f bir kad\u0131n&#8230; Peki, b\u00fct\u00fcn bunlar\u0131 birbirine ba\u011flayan \u015fey ne mi? Elbette mevsimler gibi bu senfoninin de en h\u0131r\u00e7\u0131n ve yarat\u0131c\u0131 olan\u0131; bahar. Zaman i\u00e7inde g\u00f6\u00e7 eden bu eserde Shakespeare\u2019in Perikles\u2019inden esinle, \u201chem bizden hem de en deli\u015fmen\u201d karakterlerini yaratan Ali Smith, imk\u00e2ns\u0131z bir zaman\u0131n imk\u00e2ns\u0131z hik\u00e2yesini anlat\u0131yor.  <\/p>\n","protected":false},"excerpt":{"rendered":"<p>&#8220;Zaman her \u015feyi de\u011fi\u015ftirebilir. S\u0131k\u0131ca kapal\u0131 g\u00f6r\u00fcnenve a\u00e7\u0131lmayaca\u011f\u0131na inan\u0131lan kap\u0131lar bir s\u00fcre sonrakolayl\u0131kla a\u00e7\u0131l\u0131r. Bir d\u00f6nemin imk\u00e2ns\u0131z ve d\u00fc\u015f\u00fcn\u00fclemezolan\u0131, ba\u015fka bir d\u00f6nemin olmas\u0131 muhtemeli, hattas\u0131radan\u0131d\u0131r.&#8221; Yay\u0131mland\u0131\u011f\u0131<span class=\"excerpt-hellip\"> [\u2026]<\/span><\/p>\n","protected":false},"featured_media":0,"template":"","meta":{"_monsterinsights_skip_tracking":false,"_monsterinsights_sitenote_active":false,"_monsterinsights_sitenote_note":"","_monsterinsights_sitenote_category":0},"product_brand":[],"product_cat":[12291,12711],"product_tag":[],"class_list":{"0":"post-741764","1":"product","2":"type-product","3":"status-publish","5":"product_cat-edebiyat","6":"product_cat-roman-oyku","7":"pa_cilt-ciltsiz","8":"pa_tur-kitap","9":"pa_yayinevi-kafka-yayinevi","10":"pa_yazar-ali-smith","12":"first","13":"instock","14":"sale","15":"shipping-taxable","16":"purchasable","17":"product-type-simple"},"_links":{"self":[{"href":"https:\/\/roveyayinevi.com.tr\/index.php\/wp-json\/wp\/v2\/product\/741764","targetHints":{"allow":["GET"]}}],"collection":[{"href":"https:\/\/roveyayinevi.com.tr\/index.php\/wp-json\/wp\/v2\/product"}],"about":[{"href":"https:\/\/roveyayinevi.com.tr\/index.php\/wp-json\/wp\/v2\/types\/product"}],"wp:attachment":[{"href":"https:\/\/roveyayinevi.com.tr\/index.php\/wp-json\/wp\/v2\/media?parent=741764"}],"wp:term":[{"taxonomy":"product_brand","embeddable":true,"href":"https:\/\/roveyayinevi.com.tr\/index.php\/wp-json\/wp\/v2\/product_brand?post=741764"},{"taxonomy":"product_cat","embeddable":true,"href":"https:\/\/roveyayinevi.com.tr\/index.php\/wp-json\/wp\/v2\/product_cat?post=741764"},{"taxonomy":"product_tag","embeddable":true,"href":"https:\/\/roveyayinevi.com.tr\/index.php\/wp-json\/wp\/v2\/product_tag?post=741764"}],"curies":[{"name":"wp","href":"https:\/\/api.w.org\/{rel}","templated":true}]}}