{"id":741762,"date":"2025-08-28T00:56:23","date_gmt":"2025-08-27T21:56:23","guid":{"rendered":"https:\/\/roveyayinevi.com.tr\/index.php\/urun\/iktisat-ve-toplum-dergisi-140-sayi\/"},"modified":"2026-04-16T02:52:52","modified_gmt":"2026-04-15T23:52:52","slug":"iktisat-ve-toplum-dergisi-140-sayi","status":"publish","type":"product","link":"https:\/\/roveyayinevi.com.tr\/index.php\/urun\/iktisat-ve-toplum-dergisi-140-sayi\/","title":{"rendered":"\u0130ktisat Ve Toplum Dergisi 140. Say\u0131"},"content":{"rendered":"<p>Bu say\u0131da:   Yap\u0131sal Reformlar ve T\u00fcrkiye: Bir Kitap ve Arkas\u0131ndaki \u00d6yk\u00fc Mahfi E\u011filmez   Politik \u0130ktisat \u2013 Ekonomi Politik: Tarihsel ve Kavramsal Geli\u015fim Ercan Eren   \u0130ktisattan Politik \u0130ktisada Vedit \u0130nal   Yeniden Politik \u0130ktisat \u0130zzettin \u00d6nder   Politik \u0130ktisat H\u00fcseyin \u00d6zel   Ekonomi Politik Hi\u00e7 \u00d6lmedi ki\u2026 Ergun T\u00fcrkcan   \u0130stikrar Programlar\u0131n\u0131n Politik \u0130ktisad\u0131 Fatma Do\u011fruel, A. Suut Do\u011fruel   \u00dccret H\u0131rs\u0131zl\u0131\u011f\u0131 Alper Duman   Yuvarlak Masa: Tar\u0131m\u0131n Ekonomi Politi\u011fi \u00d6mer Faruk \u00c7olak, G\u00f6khan \u00d6zertan, Serdar Sayan   Finansal Okuryazarl\u0131k Notlar\u0131: Tasarruflar\u0131 Nas\u0131l De\u011ferlendiriyoruz? Devrim Dumluda\u011f<\/p>\n","protected":false},"excerpt":{"rendered":"<p>Bu say\u0131da: Yap\u0131sal Reformlar ve T\u00fcrkiye: Bir Kitap ve Arkas\u0131ndaki \u00d6yk\u00fc Mahfi E\u011filmez Politik \u0130ktisat \u2013 Ekonomi Politik: Tarihsel ve Kavramsal Geli\u015fim Ercan Eren \u0130ktisattan Politik<span class=\"excerpt-hellip\"> [\u2026]<\/span><\/p>\n","protected":false},"featured_media":0,"template":"","meta":{"_monsterinsights_skip_tracking":false,"_monsterinsights_sitenote_active":false,"_monsterinsights_sitenote_note":"","_monsterinsights_sitenote_category":0},"product_brand":[],"product_cat":[17574,13527],"product_tag":[],"class_list":{"0":"post-741762","1":"product","2":"type-product","3":"status-publish","5":"product_cat-politika","6":"product_cat-sureli-yayinlar","7":"pa_cilt-ciltsiz","8":"pa_tur-dergi","9":"pa_yayinevi-efil-yayinevi-dergi","10":"pa_yazar-efil-yayinevi-kolektif","12":"first","13":"instock","14":"sale","15":"shipping-taxable","16":"purchasable","17":"product-type-simple"},"_links":{"self":[{"href":"https:\/\/roveyayinevi.com.tr\/index.php\/wp-json\/wp\/v2\/product\/741762","targetHints":{"allow":["GET"]}}],"collection":[{"href":"https:\/\/roveyayinevi.com.tr\/index.php\/wp-json\/wp\/v2\/product"}],"about":[{"href":"https:\/\/roveyayinevi.com.tr\/index.php\/wp-json\/wp\/v2\/types\/product"}],"wp:attachment":[{"href":"https:\/\/roveyayinevi.com.tr\/index.php\/wp-json\/wp\/v2\/media?parent=741762"}],"wp:term":[{"taxonomy":"product_brand","embeddable":true,"href":"https:\/\/roveyayinevi.com.tr\/index.php\/wp-json\/wp\/v2\/product_brand?post=741762"},{"taxonomy":"product_cat","embeddable":true,"href":"https:\/\/roveyayinevi.com.tr\/index.php\/wp-json\/wp\/v2\/product_cat?post=741762"},{"taxonomy":"product_tag","embeddable":true,"href":"https:\/\/roveyayinevi.com.tr\/index.php\/wp-json\/wp\/v2\/product_tag?post=741762"}],"curies":[{"name":"wp","href":"https:\/\/api.w.org\/{rel}","templated":true}]}}