{"id":741761,"date":"2025-08-28T00:56:22","date_gmt":"2025-08-27T21:56:22","guid":{"rendered":"https:\/\/roveyayinevi.com.tr\/index.php\/urun\/cingirakli-deve\/"},"modified":"2026-04-16T02:52:52","modified_gmt":"2026-04-15T23:52:52","slug":"cingirakli-deve","status":"publish","type":"product","link":"https:\/\/roveyayinevi.com.tr\/index.php\/urun\/cingirakli-deve\/","title":{"rendered":"\u00c7\u0131ng\u0131rakl\u0131 Deve"},"content":{"rendered":"<p>Babas\u0131yla birlikte Tahran\u2019\u0131n yoksul semtlerinden birinde ya\u015fayan Latif\u2019in akl\u0131 fikri, sadece bir oyuncaktad\u0131r. Yal\u0131nayak ve a\u00e7 karn\u0131na gezdi\u011fi sokaklar, g\u00fcn\u00fcn sonunda hep \u00e7\u0131ng\u0131rakl\u0131 deveye \u00e7\u0131kmaktad\u0131r. Hayallerini s\u00fcsleyen oyunca\u011fa, yaln\u0131zca r\u00fcyalar\u0131nda kavu\u015fan bir \u00e7ocu\u011fun sorusu ge\u00e7erlili\u011fini h\u00e2l\u00e2 korumaktad\u0131r: Hakk\u0131m\u0131 nas\u0131l alaca\u011f\u0131m?   \u0130ran \u00e7ocuk edebiyat\u0131n\u0131n unutulmaz yazar\u0131 Samed Behrengi, okurlar\u0131n\u0131 yoksul bir \u00e7ocu\u011fun d\u00fc\u015flerine ortak ediyor. Zengin ve fakir ayr\u0131m\u0131n\u0131 \u00e7ocuksu bir bak\u0131\u015fla anlatan yazar, sahip olmak, \u00e7ocuk haklar\u0131, empati gibi kavramlar \u00fczerine d\u00fc\u015f\u00fcnd\u00fcrt\u00fcyor. <\/p>\n","protected":false},"excerpt":{"rendered":"<p>Babas\u0131yla birlikte Tahran\u2019\u0131n yoksul semtlerinden birinde ya\u015fayan Latif\u2019in akl\u0131 fikri, sadece bir oyuncaktad\u0131r. Yal\u0131nayak ve a\u00e7 karn\u0131na gezdi\u011fi sokaklar, g\u00fcn\u00fcn sonunda hep \u00e7\u0131ng\u0131rakl\u0131 deveye \u00e7\u0131kmaktad\u0131r. Hayallerini<span class=\"excerpt-hellip\"> [\u2026]<\/span><\/p>\n","protected":false},"featured_media":0,"template":"","meta":{"_monsterinsights_skip_tracking":false,"_monsterinsights_sitenote_active":false,"_monsterinsights_sitenote_note":"","_monsterinsights_sitenote_category":0},"product_brand":[],"product_cat":[12274,12284],"product_tag":[],"class_list":{"0":"post-741761","1":"product","2":"type-product","3":"status-publish","5":"product_cat-cocuk-ve-genclik-kitaplari","6":"product_cat-hikayeler","7":"pa_cilt-ciltsiz","8":"pa_tur-kitap","9":"pa_yayinevi-kirmizi-kedi-yayinevi","10":"pa_yazar-samed-behrengi","12":"first","13":"instock","14":"sale","15":"shipping-taxable","16":"purchasable","17":"product-type-simple"},"_links":{"self":[{"href":"https:\/\/roveyayinevi.com.tr\/index.php\/wp-json\/wp\/v2\/product\/741761","targetHints":{"allow":["GET"]}}],"collection":[{"href":"https:\/\/roveyayinevi.com.tr\/index.php\/wp-json\/wp\/v2\/product"}],"about":[{"href":"https:\/\/roveyayinevi.com.tr\/index.php\/wp-json\/wp\/v2\/types\/product"}],"wp:attachment":[{"href":"https:\/\/roveyayinevi.com.tr\/index.php\/wp-json\/wp\/v2\/media?parent=741761"}],"wp:term":[{"taxonomy":"product_brand","embeddable":true,"href":"https:\/\/roveyayinevi.com.tr\/index.php\/wp-json\/wp\/v2\/product_brand?post=741761"},{"taxonomy":"product_cat","embeddable":true,"href":"https:\/\/roveyayinevi.com.tr\/index.php\/wp-json\/wp\/v2\/product_cat?post=741761"},{"taxonomy":"product_tag","embeddable":true,"href":"https:\/\/roveyayinevi.com.tr\/index.php\/wp-json\/wp\/v2\/product_tag?post=741761"}],"curies":[{"name":"wp","href":"https:\/\/api.w.org\/{rel}","templated":true}]}}