{"id":741760,"date":"2025-08-28T00:56:21","date_gmt":"2025-08-27T21:56:21","guid":{"rendered":"https:\/\/roveyayinevi.com.tr\/index.php\/urun\/ejderha-hapsirigi\/"},"modified":"2026-04-16T02:52:52","modified_gmt":"2026-04-15T23:52:52","slug":"ejderha-hapsirigi","status":"publish","type":"product","link":"https:\/\/roveyayinevi.com.tr\/index.php\/urun\/ejderha-hapsirigi\/","title":{"rendered":"Ejderha Hap\u015f\u0131r\u0131\u011f\u0131"},"content":{"rendered":"<p>Kuyruklu, noktal\u0131, virg\u00fcll\u00fc, sakin mi sakin bir \u00f6yk\u00fc olacakt\u0131 bu! Tabii, bizim haylaz ejderha uslu durmay\u0131 ba\u015farabilseydi. Elinde karabiber tohumlar\u0131yla y\u00fcr\u00fcrken aya\u011f\u0131 ta\u015fa tak\u0131l\u0131p d\u00fc\u015ft\u00fc ve olanlar oldu.   Ha-ha-hap\u015fuuu!!!   \u00dcnlemler, \u201cHay\u0131\u0131\u0131\u0131r!\u201d diye bo\u015funa hayk\u0131rd\u0131. \u00dc\u00e7 noktalar ayr\u0131lmamak i\u00e7in birbirlerine tutunmaya \u00e7al\u0131\u015ft\u0131. Soru i\u015faretleri savulurken, \u201cNereye gidece\u011fiz?\u201d diye sordu. \u00d6yk\u00fcdeki herkes \u00e7ok \u015fa\u015fk\u0131nd\u0131. Ejderha da \u00f6ylece kalakalm\u0131\u015ft\u0131. Sol kula\u011f\u0131n\u0131 ka\u015f\u0131d\u0131, etraf\u0131na bak\u0131nd\u0131, akl\u0131na bir fikir geldi. Acaba yazar, ona yard\u0131m eder miydi?   <\/p>\n","protected":false},"excerpt":{"rendered":"<p>Kuyruklu, noktal\u0131, virg\u00fcll\u00fc, sakin mi sakin bir \u00f6yk\u00fc olacakt\u0131 bu! Tabii, bizim haylaz ejderha uslu durmay\u0131 ba\u015farabilseydi. Elinde karabiber tohumlar\u0131yla y\u00fcr\u00fcrken aya\u011f\u0131 ta\u015fa tak\u0131l\u0131p d\u00fc\u015ft\u00fc ve<span class=\"excerpt-hellip\"> [\u2026]<\/span><\/p>\n","protected":false},"featured_media":0,"template":"","meta":{"_monsterinsights_skip_tracking":false,"_monsterinsights_sitenote_active":false,"_monsterinsights_sitenote_note":"","_monsterinsights_sitenote_category":0},"product_brand":[],"product_cat":[12274,12284],"product_tag":[],"class_list":{"0":"post-741760","1":"product","2":"type-product","3":"status-publish","5":"product_cat-cocuk-ve-genclik-kitaplari","6":"product_cat-hikayeler","7":"pa_cilt-ciltsiz","8":"pa_tur-kitap","9":"pa_yayinevi-kirmizi-kedi-yayinevi","10":"pa_yazar-koray-avci-cakman","12":"first","13":"instock","14":"sale","15":"shipping-taxable","16":"purchasable","17":"product-type-simple"},"_links":{"self":[{"href":"https:\/\/roveyayinevi.com.tr\/index.php\/wp-json\/wp\/v2\/product\/741760","targetHints":{"allow":["GET"]}}],"collection":[{"href":"https:\/\/roveyayinevi.com.tr\/index.php\/wp-json\/wp\/v2\/product"}],"about":[{"href":"https:\/\/roveyayinevi.com.tr\/index.php\/wp-json\/wp\/v2\/types\/product"}],"wp:attachment":[{"href":"https:\/\/roveyayinevi.com.tr\/index.php\/wp-json\/wp\/v2\/media?parent=741760"}],"wp:term":[{"taxonomy":"product_brand","embeddable":true,"href":"https:\/\/roveyayinevi.com.tr\/index.php\/wp-json\/wp\/v2\/product_brand?post=741760"},{"taxonomy":"product_cat","embeddable":true,"href":"https:\/\/roveyayinevi.com.tr\/index.php\/wp-json\/wp\/v2\/product_cat?post=741760"},{"taxonomy":"product_tag","embeddable":true,"href":"https:\/\/roveyayinevi.com.tr\/index.php\/wp-json\/wp\/v2\/product_tag?post=741760"}],"curies":[{"name":"wp","href":"https:\/\/api.w.org\/{rel}","templated":true}]}}