{"id":741756,"date":"2025-08-28T00:56:16","date_gmt":"2025-08-27T21:56:16","guid":{"rendered":"https:\/\/roveyayinevi.com.tr\/index.php\/urun\/iste-mert-matematik-yarismasi\/"},"modified":"2026-04-16T02:52:52","modified_gmt":"2026-04-15T23:52:52","slug":"iste-mert-matematik-yarismasi","status":"publish","type":"product","link":"https:\/\/roveyayinevi.com.tr\/index.php\/urun\/iste-mert-matematik-yarismasi\/","title":{"rendered":"\u0130\u015fte Mert! \u2013 Matematik Yar\u0131\u015fmas\u0131"},"content":{"rendered":"<p>KAZANIMLAR SER\u0130S\u0130   Mert, Matematik Haftas\u0131\u2019n\u0131 kutlamak i\u00e7in s\u0131n\u0131fta d\u00fczenlenen yar\u0131\u015fmaya kat\u0131lacak. Ama matematik konusunda kendine hi\u00e7 g\u00fcvenmiyor. \u00d6\u011frenciler, yar\u0131\u015fmaya ikili tak\u0131mlar olarak kat\u0131lacaklar. Mert\u2019in ekip arkada\u015f\u0131, s\u0131n\u0131f\u0131n matematikte en ba\u015far\u0131l\u0131 \u00f6\u011frencisi Alican olacakm\u0131\u015f. Bakal\u0131m yar\u0131\u015fma nas\u0131l ge\u00e7ecek? \u0130\u015f birli\u011fi yapman\u0131n, d\u00fcr\u00fcst olman\u0131n ve ba\u015far\u0131y\u0131 da ba\u015far\u0131s\u0131zl\u0131\u011f\u0131 da olgunlukla kar\u015f\u0131layabilmenin \u00f6nemini anlatan bir \u00f6yk\u00fc.<\/p>\n","protected":false},"excerpt":{"rendered":"<p>KAZANIMLAR SER\u0130S\u0130 Mert, Matematik Haftas\u0131\u2019n\u0131 kutlamak i\u00e7in s\u0131n\u0131fta d\u00fczenlenen yar\u0131\u015fmaya kat\u0131lacak. Ama matematik konusunda kendine hi\u00e7 g\u00fcvenmiyor. \u00d6\u011frenciler, yar\u0131\u015fmaya ikili tak\u0131mlar olarak kat\u0131lacaklar. Mert\u2019in ekip arkada\u015f\u0131,<span class=\"excerpt-hellip\"> [\u2026]<\/span><\/p>\n","protected":false},"featured_media":0,"template":"","meta":{"_monsterinsights_skip_tracking":false,"_monsterinsights_sitenote_active":false,"_monsterinsights_sitenote_note":"","_monsterinsights_sitenote_category":0},"product_brand":[],"product_cat":[12274,15842],"product_tag":[],"class_list":{"0":"post-741756","1":"product","2":"type-product","3":"status-publish","5":"product_cat-cocuk-ve-genclik-kitaplari","6":"product_cat-egitici-kitaplar","7":"pa_cilt-ciltsiz","8":"pa_tur-kitap","9":"pa_yayinevi-is-bankasi-kultur-yayinlari","10":"pa_yazar-sally-rippin","12":"first","13":"instock","14":"sale","15":"shipping-taxable","16":"purchasable","17":"product-type-simple"},"_links":{"self":[{"href":"https:\/\/roveyayinevi.com.tr\/index.php\/wp-json\/wp\/v2\/product\/741756","targetHints":{"allow":["GET"]}}],"collection":[{"href":"https:\/\/roveyayinevi.com.tr\/index.php\/wp-json\/wp\/v2\/product"}],"about":[{"href":"https:\/\/roveyayinevi.com.tr\/index.php\/wp-json\/wp\/v2\/types\/product"}],"wp:attachment":[{"href":"https:\/\/roveyayinevi.com.tr\/index.php\/wp-json\/wp\/v2\/media?parent=741756"}],"wp:term":[{"taxonomy":"product_brand","embeddable":true,"href":"https:\/\/roveyayinevi.com.tr\/index.php\/wp-json\/wp\/v2\/product_brand?post=741756"},{"taxonomy":"product_cat","embeddable":true,"href":"https:\/\/roveyayinevi.com.tr\/index.php\/wp-json\/wp\/v2\/product_cat?post=741756"},{"taxonomy":"product_tag","embeddable":true,"href":"https:\/\/roveyayinevi.com.tr\/index.php\/wp-json\/wp\/v2\/product_tag?post=741756"}],"curies":[{"name":"wp","href":"https:\/\/api.w.org\/{rel}","templated":true}]}}