{"id":741754,"date":"2025-08-28T00:56:13","date_gmt":"2025-08-27T21:56:13","guid":{"rendered":"https:\/\/roveyayinevi.com.tr\/index.php\/urun\/sevimli-hayvanlar\/"},"modified":"2026-04-16T02:52:52","modified_gmt":"2026-04-15T23:52:52","slug":"sevimli-hayvanlar","status":"publish","type":"product","link":"https:\/\/roveyayinevi.com.tr\/index.php\/urun\/sevimli-hayvanlar\/","title":{"rendered":"Sevimli Hayvanlar"},"content":{"rendered":"<p>Merakl\u0131 kedi bah\u00e7ede dola\u015fan kaplumba\u011fay\u0131 izliyor, gelincik ailesi parkta oynuyor, pofuduk tav\u015fan yavrular\u0131n\u0131 besliyor. Boyalar\u0131n\u0131 kap ve sevimli hayvanlar\u0131n oyunlar\u0131na sen de kat\u0131l. \u00c7\u0131kartmalarla dolu bu e\u011flenceli boyama kitab\u0131 \u00e7ocuklar\u0131n dikkatlerini ve ince motor becerilerini geli\u015ftirmek amac\u0131yla haz\u0131rlanm\u0131\u015ft\u0131r. <\/p>\n","protected":false},"excerpt":{"rendered":"<p>Merakl\u0131 kedi bah\u00e7ede dola\u015fan kaplumba\u011fay\u0131 izliyor, gelincik ailesi parkta oynuyor, pofuduk tav\u015fan yavrular\u0131n\u0131 besliyor. Boyalar\u0131n\u0131 kap ve sevimli hayvanlar\u0131n oyunlar\u0131na sen de kat\u0131l. \u00c7\u0131kartmalarla dolu bu<span class=\"excerpt-hellip\"> [\u2026]<\/span><\/p>\n","protected":false},"featured_media":0,"template":"","meta":{"_monsterinsights_skip_tracking":false,"_monsterinsights_sitenote_active":false,"_monsterinsights_sitenote_note":"","_monsterinsights_sitenote_category":0},"product_brand":[],"product_cat":[12644,12274],"product_tag":[],"class_list":{"0":"post-741754","1":"product","2":"type-product","3":"status-publish","5":"product_cat-boyama-kitaplari","6":"product_cat-cocuk-ve-genclik-kitaplari","7":"pa_cilt-ciltsiz","8":"pa_tur-kitap","9":"pa_yayinevi-is-bankasi-kultur-yayinlari","10":"pa_yazar-is-bankasi-kultur-yayinlari-kolektif","12":"first","13":"instock","14":"sale","15":"shipping-taxable","16":"purchasable","17":"product-type-simple"},"_links":{"self":[{"href":"https:\/\/roveyayinevi.com.tr\/index.php\/wp-json\/wp\/v2\/product\/741754","targetHints":{"allow":["GET"]}}],"collection":[{"href":"https:\/\/roveyayinevi.com.tr\/index.php\/wp-json\/wp\/v2\/product"}],"about":[{"href":"https:\/\/roveyayinevi.com.tr\/index.php\/wp-json\/wp\/v2\/types\/product"}],"wp:attachment":[{"href":"https:\/\/roveyayinevi.com.tr\/index.php\/wp-json\/wp\/v2\/media?parent=741754"}],"wp:term":[{"taxonomy":"product_brand","embeddable":true,"href":"https:\/\/roveyayinevi.com.tr\/index.php\/wp-json\/wp\/v2\/product_brand?post=741754"},{"taxonomy":"product_cat","embeddable":true,"href":"https:\/\/roveyayinevi.com.tr\/index.php\/wp-json\/wp\/v2\/product_cat?post=741754"},{"taxonomy":"product_tag","embeddable":true,"href":"https:\/\/roveyayinevi.com.tr\/index.php\/wp-json\/wp\/v2\/product_tag?post=741754"}],"curies":[{"name":"wp","href":"https:\/\/api.w.org\/{rel}","templated":true}]}}