{"id":741753,"date":"2025-08-28T00:56:12","date_gmt":"2025-08-27T21:56:12","guid":{"rendered":"https:\/\/roveyayinevi.com.tr\/index.php\/urun\/darussaade-agasi-osmanli-sarayinda-afrikali-bir-guc-odagi\/"},"modified":"2026-04-16T02:52:52","modified_gmt":"2026-04-15T23:52:52","slug":"darussaade-agasi-osmanli-sarayinda-afrikali-bir-guc-odagi","status":"publish","type":"product","link":"https:\/\/roveyayinevi.com.tr\/index.php\/urun\/darussaade-agasi-osmanli-sarayinda-afrikali-bir-guc-odagi\/","title":{"rendered":"Dar\u00fcssaade A\u011fas\u0131 \u2013 Osmanli Saray\u0131nda Afrikali Bir G\u00fc\u00e7 Oda\u011f\u0131"},"content":{"rendered":"<p>\u201cJane Hathaway, adeta tarihin karanl\u0131\u011f\u0131ndan kurtard\u0131\u011f\u0131 Dar\u00fcssaade a\u011falar\u0131n\u0131n y\u00fcr\u00fctt\u00fckleri faaliyetlerin \u00e7ok farkl\u0131 alanlar\u0131 ve co\u011frafyalar\u0131 kapsad\u0131\u011f\u0131n\u0131, yaln\u0131z merkezleri say\u0131labilecek \u0130stanbul ve Kahire\u2019yle s\u0131n\u0131rl\u0131 kalmad\u0131\u011f\u0131n\u0131 g\u00f6steriyor.\u201d Caroline Finkel \u201cHathaway\u2019in bu kapsaml\u0131 ve b\u00fcy\u00fcleyici \u00e7al\u0131\u015fmas\u0131, had\u0131mlar\u0131n Do\u011fu Afrika\u2019dan Osmanl\u0131 saray\u0131na nas\u0131l bir yolculukla geldiklerini, padi\u015fahlar\u0131n ve sarayl\u0131lar\u0131n onlar\u0131 farkl\u0131 farkl\u0131 nedenlerle en y\u00fcksek konumlara nas\u0131l \u00e7\u0131kartt\u0131klar\u0131n\u0131 veya bir anda nas\u0131l yok ettiklerini g\u00f6steriyor. Yazar, bu kitapta, iradeleri d\u0131\u015f\u0131nda getirildikleri, a\u015fina olmad\u0131klar\u0131 bir d\u00fcnyada kendilerine bir yer edinmeye \u00e7al\u0131\u015fan ger\u00e7ek insanlar\u0131 \u00e7\u0131kar\u0131yor okurun kar\u015f\u0131s\u0131na.\u201d Suraiya Faroqhi \u201cKitapta, Dar\u00fcssaade a\u011fal\u0131\u011f\u0131 makam\u0131n\u0131n \u0130stanbul ve M\u0131s\u0131r\u2019daki iktidar \u00fcslerini kullan\u0131p 17. ve 18. y\u00fczy\u0131llarda g\u00fcc\u00fcn\u00fcn zirvesine ula\u015ft\u0131\u011f\u0131 ve 19. y\u00fczy\u0131l\u0131n reform d\u00f6neminde etkisini yitirdi\u011fi \u00e7arp\u0131c\u0131 bir tarihsel de\u011fi\u015fim \u00f6yk\u00fcs\u00fcyle kar\u015f\u0131la\u015f\u0131yoruz. Kimileri sadrazamla n\u00fcfuz rekabetine girebilen \u00e7ok canl\u0131 kahramanlar var bu \u00f6yk\u00fcde.\u201d Leslie P. Peirce Osmanl\u0131 saray\u0131nda dar\u00fcssaade a\u011fas\u0131 veya di\u011fer ad\u0131yla k\u0131zlar a\u011fas\u0131, bir\u00e7ok \u00e7eli\u015fkiyi \u015fahs\u0131nda cisimle\u015ftiren bir fig\u00fcrd\u00fc. Afrika\u2019dan getirilmi\u015f, had\u0131m edilmi\u015f bir k\u00f6leydi; as\u0131l ailesiyle ba\u011flar\u0131 tamamen kopar\u0131lm\u0131\u015ft\u0131, kendi ailesini kurmas\u0131 s\u00f6z konusu de\u011fildi. Buna kar\u015f\u0131l\u0131k, Osmanl\u0131 hanedan ailesinin \u00e7ok yak\u0131n\u0131na, mahrem d\u00fcnyas\u0131na girmi\u015fti ve o ailenin fertleriyle i\u00e7 i\u00e7e ya\u015f\u0131yordu: Padi\u015faha k\u0131z veya erkek evlad\u0131n\u0131n do\u011fdu\u011fu m\u00fcjdesini getiren, \u015fehzadelerin e\u011fitimiyle ilgilenen veya padi\u015faha annesinin \u00f6l\u00fcm haberini veren oydu. Bu konumu sayesinde Osmanl\u0131 saray\u0131nda son derece etkili, yeri geldi\u011finde sadrazamlarla rekabete girebilen bir g\u00fc\u00e7 oda\u011f\u0131 haline gelmi\u015fti. Jane Hathaway, Dar\u00fcssaade A\u011fas\u0131. Osmanl\u0131 Saray\u0131nda Afrikal\u0131 Bir G\u00fc\u00e7 Oda\u011f\u0131 \u2019nda, bu makam\u0131 ve \u00fc\u00e7 y\u00fcz y\u0131l\u0131 a\u015fan bir zaman dilimi boyunca bu makamda bulunanlar\u0131 mercek alt\u0131na al\u0131yor, 17. ve 18. y\u00fczy\u0131llar\u0131n krizlerinden 19. y\u00fczy\u0131l\u0131n reformlar\u0131na uzanan s\u00fcre\u00e7te meydana gelen d\u00f6n\u00fc\u015f\u00fcmlerin etkisiyle Dar\u00fcssaade a\u011fal\u0131\u011f\u0131n\u0131n ne gibi de\u011fi\u015fimler ge\u00e7irdi\u011fini anlat\u0131rken Osmanl\u0131 saray\u0131ndaki ve d\u00fcnyas\u0131ndaki derin d\u00f6n\u00fc\u015f\u00fcm\u00fc de g\u00f6zler \u00f6n\u00fcne seriyor. <\/p>\n","protected":false},"excerpt":{"rendered":"<p>\u201cJane Hathaway, adeta tarihin karanl\u0131\u011f\u0131ndan kurtard\u0131\u011f\u0131 Dar\u00fcssaade a\u011falar\u0131n\u0131n y\u00fcr\u00fctt\u00fckleri faaliyetlerin \u00e7ok farkl\u0131 alanlar\u0131 ve co\u011frafyalar\u0131 kapsad\u0131\u011f\u0131n\u0131, yaln\u0131z merkezleri say\u0131labilecek \u0130stanbul ve Kahire\u2019yle s\u0131n\u0131rl\u0131 kalmad\u0131\u011f\u0131n\u0131 g\u00f6steriyor.\u201d Caroline<span class=\"excerpt-hellip\"> [\u2026]<\/span><\/p>\n","protected":false},"featured_media":0,"template":"","meta":{"_monsterinsights_skip_tracking":false,"_monsterinsights_sitenote_active":false,"_monsterinsights_sitenote_note":"","_monsterinsights_sitenote_category":0},"product_brand":[],"product_cat":[12312,12304],"product_tag":[],"class_list":{"0":"post-741753","1":"product","2":"type-product","3":"status-publish","5":"product_cat-diger","6":"product_cat-tarih","7":"pa_cilt-ciltsiz","8":"pa_tur-kitap","9":"pa_yayinevi-is-bankasi-kultur-yayinlari","10":"pa_yazar-jane-hathaway","12":"first","13":"instock","14":"sale","15":"shipping-taxable","16":"purchasable","17":"product-type-simple"},"_links":{"self":[{"href":"https:\/\/roveyayinevi.com.tr\/index.php\/wp-json\/wp\/v2\/product\/741753","targetHints":{"allow":["GET"]}}],"collection":[{"href":"https:\/\/roveyayinevi.com.tr\/index.php\/wp-json\/wp\/v2\/product"}],"about":[{"href":"https:\/\/roveyayinevi.com.tr\/index.php\/wp-json\/wp\/v2\/types\/product"}],"wp:attachment":[{"href":"https:\/\/roveyayinevi.com.tr\/index.php\/wp-json\/wp\/v2\/media?parent=741753"}],"wp:term":[{"taxonomy":"product_brand","embeddable":true,"href":"https:\/\/roveyayinevi.com.tr\/index.php\/wp-json\/wp\/v2\/product_brand?post=741753"},{"taxonomy":"product_cat","embeddable":true,"href":"https:\/\/roveyayinevi.com.tr\/index.php\/wp-json\/wp\/v2\/product_cat?post=741753"},{"taxonomy":"product_tag","embeddable":true,"href":"https:\/\/roveyayinevi.com.tr\/index.php\/wp-json\/wp\/v2\/product_tag?post=741753"}],"curies":[{"name":"wp","href":"https:\/\/api.w.org\/{rel}","templated":true}]}}