{"id":741750,"date":"2025-08-28T00:56:09","date_gmt":"2025-08-27T21:56:09","guid":{"rendered":"https:\/\/roveyayinevi.com.tr\/index.php\/urun\/yapay-zekayi-yeniden-tasarlamak\/"},"modified":"2026-04-16T02:52:52","modified_gmt":"2026-04-15T23:52:52","slug":"yapay-zekayi-yeniden-tasarlamak","status":"publish","type":"product","link":"https:\/\/roveyayinevi.com.tr\/index.php\/urun\/yapay-zekayi-yeniden-tasarlamak\/","title":{"rendered":"Yapay Zekay\u0131 Yeniden Tasarlamak"},"content":{"rendered":"<p>\u201cDaha adil bir toplumun in\u015fas\u0131 i\u00e7in yeni teknolojiler nas\u0131l kullan\u0131labilir?\u201d sorusuna bir bak\u0131\u015f\u2026 Yapay zek\u00e2n\u0131n, insanlar\u0131 daha de\u011fersiz k\u0131lmas\u0131 ya da yak\u0131n zamanda bir s\u00fcper zek\u00e2 yaratmas\u0131 s\u00f6z konusu de\u011fil ancak yak\u0131n gelecekte ila\u00e7, e\u011flence ve ta\u015f\u0131mac\u0131l\u0131k sekt\u00f6rlerinde \u00e7\u0131\u011f\u0131r a\u00e7acak; i\u015fleri ve piyasalar\u0131 d\u00f6n\u00fc\u015ft\u00fcrecek ve son olarak, h\u00fck\u00fcmetlerin ve \u015firketlerin bireyler hakk\u0131nda sahip olduklar\u0131 bilgileri devasa bi\u00e7imde artt\u0131racak. Bug\u00fcn yapay zek\u00e2 ara\u015ft\u0131rmalar\u0131, demokratik y\u00f6neti\u015fimi baltalay\u0131\u015f\u0131n\u0131 g\u00f6z ard\u0131 ederek ve i\u015f\u00e7iler i\u00e7in yeni f\u0131rsatlar yaratmadan i\u015fleri d\u00f6n\u00fc\u015ft\u00fcrerek, yani toplumun dokusunda yaratt\u0131\u011f\u0131 tahribat\u0131 umursamayarak \u00f6n\u00fcndeki teknolojik engellere fazlas\u0131yla odaklanm\u0131\u015f durumda. Yapay zek\u00e2n\u0131n takip edece\u011fi y\u00f6n hen\u00fcz belli de\u011fil. Acemo\u011flu, yapay zek\u00e2n\u0131n demokratik \u00f6zg\u00fcrl\u00fckleri g\u00fc\u00e7lendirme ve refah payla\u015f\u0131m\u0131n\u0131 sa\u011flama potansiyelini masaya yat\u0131r\u0131yor. Fakat onu, bu \u015fekilde y\u00f6nlendirmek i\u00e7in b\u00fcy\u00fck \u00e7aba sarf edilmeli. Bunun i\u00e7in yeni fonlar, reg\u00fclasyonlar, yeni teknolojiler ve uygulan\u0131\u015flar\u0131 i\u00e7in d\u00fczenlemeler, yaz\u0131l\u0131mc\u0131lar i\u00e7in yeni normlar ve \u00f6nceliklerin belirlenmesi gerekiyor. Teknoloji ve iktisadi adaletin kesi\u015fti\u011fi noktada, bu kitap, bahsedilen zorluklar hakk\u0131nda tart\u0131\u015fmak ve yapay zek\u00e2n\u0131n geli\u015fiminin n\u00fcfusun en savunmas\u0131z b\u00f6l\u00fcm\u00fcn\u00fcn refah\u0131n\u0131 yok etmemesini sa\u011flamak amac\u0131yla, teknoloji \u015firketlerinin neler yapabilece\u011fini de\u011ferlendirmek i\u00e7in uzmanlar\u0131 bir araya getiriyor. <\/p>\n","protected":false},"excerpt":{"rendered":"<p>\u201cDaha adil bir toplumun in\u015fas\u0131 i\u00e7in yeni teknolojiler nas\u0131l kullan\u0131labilir?\u201d sorusuna bir bak\u0131\u015f\u2026 Yapay zek\u00e2n\u0131n, insanlar\u0131 daha de\u011fersiz k\u0131lmas\u0131 ya da yak\u0131n zamanda bir s\u00fcper zek\u00e2<span class=\"excerpt-hellip\"> [\u2026]<\/span><\/p>\n","protected":false},"featured_media":0,"template":"","meta":{"_monsterinsights_skip_tracking":false,"_monsterinsights_sitenote_active":false,"_monsterinsights_sitenote_note":"","_monsterinsights_sitenote_category":0},"product_brand":[],"product_cat":[13005,13006],"product_tag":[],"class_list":{"0":"post-741750","1":"product","2":"type-product","3":"status-publish","5":"product_cat-bilim-muhendislik","6":"product_cat-populer-bilim","7":"pa_cilt-ciltsiz","8":"pa_tur-kitap","9":"pa_yayinevi-efil-yayinevi","10":"pa_yazar-daron-acemoglu","12":"first","13":"instock","14":"sale","15":"shipping-taxable","16":"purchasable","17":"product-type-simple"},"_links":{"self":[{"href":"https:\/\/roveyayinevi.com.tr\/index.php\/wp-json\/wp\/v2\/product\/741750","targetHints":{"allow":["GET"]}}],"collection":[{"href":"https:\/\/roveyayinevi.com.tr\/index.php\/wp-json\/wp\/v2\/product"}],"about":[{"href":"https:\/\/roveyayinevi.com.tr\/index.php\/wp-json\/wp\/v2\/types\/product"}],"wp:attachment":[{"href":"https:\/\/roveyayinevi.com.tr\/index.php\/wp-json\/wp\/v2\/media?parent=741750"}],"wp:term":[{"taxonomy":"product_brand","embeddable":true,"href":"https:\/\/roveyayinevi.com.tr\/index.php\/wp-json\/wp\/v2\/product_brand?post=741750"},{"taxonomy":"product_cat","embeddable":true,"href":"https:\/\/roveyayinevi.com.tr\/index.php\/wp-json\/wp\/v2\/product_cat?post=741750"},{"taxonomy":"product_tag","embeddable":true,"href":"https:\/\/roveyayinevi.com.tr\/index.php\/wp-json\/wp\/v2\/product_tag?post=741750"}],"curies":[{"name":"wp","href":"https:\/\/api.w.org\/{rel}","templated":true}]}}