{"id":741747,"date":"2025-08-28T00:56:05","date_gmt":"2025-08-27T21:56:05","guid":{"rendered":"https:\/\/roveyayinevi.com.tr\/index.php\/urun\/jacobin-odasi-ciltli-2\/"},"modified":"2026-04-16T02:52:52","modified_gmt":"2026-04-15T23:52:52","slug":"jacobin-odasi-ciltli-2","status":"publish","type":"product","link":"https:\/\/roveyayinevi.com.tr\/index.php\/urun\/jacobin-odasi-ciltli-2\/","title":{"rendered":"Jacob\u2019in Odas\u0131 (Ciltli)"},"content":{"rendered":"<p>Virginia Woolf 1922 tarihli Jacob\u2019\u0131n Odas\u0131\u2019n\u0131 yazarken geleneksel kal\u0131plar\u0131n d\u0131\u015f\u0131na \u00e7\u0131km\u0131\u015f, \u201cyeni bir roman i\u00e7in yeni bir bi\u00e7im\u201d yaratmay\u0131 hedeflemi\u015fti. Victoria ve Edward d\u00f6nemlerinin uzla\u015f\u0131mlar\u0131na isyan eden yazara g\u00f6re, gelece\u011fin roman\u0131 \u201cmodern kurgu\u201d i\u00e7inde, g\u00fcndelik ya\u015fam\u0131n k\u00fc\u00e7\u00fck ayr\u0131nt\u0131lar\u0131na, ya\u015fanm\u0131\u015f deneyimlerin tesad\u00fcfi ger\u00e7ekli\u011fine odaklanmal\u0131yd\u0131. Y\u0131llar i\u00e7inde modernist roman\u0131n \u00f6nc\u00fclerinden biri haline gelen Woolf\u2019un bu ilk deneysel yap\u0131t\u0131n\u0131n merkezinde, Jacob Flanders\u2019\u0131n Victoria d\u00f6neminden Birinci D\u00fcnya Sava\u015f\u0131\u2019na uzanan ya\u015fam\u00f6yk\u00fcs\u00fc vard\u0131r. Ancak Jacob\u2019\u0131n Odas\u0131 geleneksel bir Bildungsroman de\u011fildir. Yazar karakter geli\u015fimi ve olay \u00f6rg\u00fcs\u00fc gibi uzla\u015f\u0131mlar\u0131 terk ederek, Jacob\u2019\u0131 \u00e7ocuklu\u011fundan, Cambridge \u00dcniversitesi\u2019ndeki \u00f6\u011frencili\u011finden, Londra\u2019daki a\u015fk maceralar\u0131ndan ve seyahatlerinden baz\u0131 sahne ve fragmanlarla sunar bize. Onu etraf\u0131ndaki insanlar\u0131n farkl\u0131 alg\u0131, duyum ve an\u0131lar\u0131 arac\u0131l\u0131\u011f\u0131yla tan\u0131r\u0131z ancak ve Jacob hakk\u0131nda onlar\u0131n aktard\u0131klar\u0131 kadar\u0131n\u0131 biliriz. Zira Woolf, Jacob\u2019\u0131n Odas\u0131\u2019n\u0131 \u201cb\u00fct\u00fcn\u00fcyle alacakaranl\u0131kta\u201d b\u0131rakmak istemi\u015ftir. <\/p>\n","protected":false},"excerpt":{"rendered":"<p>Virginia Woolf 1922 tarihli Jacob\u2019\u0131n Odas\u0131\u2019n\u0131 yazarken geleneksel kal\u0131plar\u0131n d\u0131\u015f\u0131na \u00e7\u0131km\u0131\u015f, \u201cyeni bir roman i\u00e7in yeni bir bi\u00e7im\u201d yaratmay\u0131 hedeflemi\u015fti. Victoria ve Edward d\u00f6nemlerinin uzla\u015f\u0131mlar\u0131na isyan<span class=\"excerpt-hellip\"> [\u2026]<\/span><\/p>\n","protected":false},"featured_media":0,"template":"","meta":{"_monsterinsights_skip_tracking":false,"_monsterinsights_sitenote_active":false,"_monsterinsights_sitenote_note":"","_monsterinsights_sitenote_category":0},"product_brand":[],"product_cat":[12291,26797],"product_tag":[],"class_list":{"0":"post-741747","1":"product","2":"type-product","3":"status-publish","5":"product_cat-edebiyat","6":"product_cat-modern-klasikler","7":"pa_cilt-ciltli","8":"pa_tur-kitap","9":"pa_yayinevi-is-bankasi-kultur-yayinlari","10":"pa_yazar-virginia-woolf","12":"first","13":"instock","14":"sale","15":"shipping-taxable","16":"purchasable","17":"product-type-simple"},"_links":{"self":[{"href":"https:\/\/roveyayinevi.com.tr\/index.php\/wp-json\/wp\/v2\/product\/741747","targetHints":{"allow":["GET"]}}],"collection":[{"href":"https:\/\/roveyayinevi.com.tr\/index.php\/wp-json\/wp\/v2\/product"}],"about":[{"href":"https:\/\/roveyayinevi.com.tr\/index.php\/wp-json\/wp\/v2\/types\/product"}],"wp:attachment":[{"href":"https:\/\/roveyayinevi.com.tr\/index.php\/wp-json\/wp\/v2\/media?parent=741747"}],"wp:term":[{"taxonomy":"product_brand","embeddable":true,"href":"https:\/\/roveyayinevi.com.tr\/index.php\/wp-json\/wp\/v2\/product_brand?post=741747"},{"taxonomy":"product_cat","embeddable":true,"href":"https:\/\/roveyayinevi.com.tr\/index.php\/wp-json\/wp\/v2\/product_cat?post=741747"},{"taxonomy":"product_tag","embeddable":true,"href":"https:\/\/roveyayinevi.com.tr\/index.php\/wp-json\/wp\/v2\/product_tag?post=741747"}],"curies":[{"name":"wp","href":"https:\/\/api.w.org\/{rel}","templated":true}]}}