{"id":741740,"date":"2025-08-28T00:55:57","date_gmt":"2025-08-27T21:55:57","guid":{"rendered":"https:\/\/roveyayinevi.com.tr\/index.php\/urun\/saray-rejiminin-cokusu\/"},"modified":"2026-04-16T02:52:51","modified_gmt":"2026-04-15T23:52:51","slug":"saray-rejiminin-cokusu","status":"publish","type":"product","link":"https:\/\/roveyayinevi.com.tr\/index.php\/urun\/saray-rejiminin-cokusu\/","title":{"rendered":"Saray Rejiminin \u00c7\u00f6k\u00fc\u015f\u00fc"},"content":{"rendered":"<p>\u201cBUG\u00dcN T\u00dcRK OLMAK ARTIK SU\u00c7 OLDU.\u201d   Sanc\u0131l\u0131 se\u00e7im s\u00fcre\u00e7leri, \u00e7al\u0131nd\u0131\u011f\u0131 iddia edilen oy pusulalar\u0131 ve kirli referandum sonras\u0131 T\u00fcrk devleti hem ekonomik hem de siyasi krizlere s\u00fcr\u00fcklendi. Covid-19 salg\u0131n\u0131yla birlikte T\u00fcrkiye\u2019de ya\u015fanan devlet krizi, milli birlik krizi, ekonomik kriz ve Suriyeliler ba\u015fta olmak \u00fczere s\u0131\u011f\u0131nmac\u0131lar krizi daha da derinle\u015fti ve bug\u00fcn art\u0131k a\u011f\u0131r bir ya\u015famsal tehditle kar\u015f\u0131 kar\u015f\u0131yay\u0131z. Bu a\u011f\u0131r bilan\u00e7odan iktidar kadar muhalefet de sorumludur. M\u00fclteci sorununa s\u0131f\u0131r toleransla yakla\u015fan Zafer Partisi Genel Ba\u015fkan\u0131 Prof. Dr. \u00dcmit \u00d6zda\u011f, SARAY REJ\u0130M\u0130N\u0130N \u00c7\u00d6K\u00dc\u015e\u00dc kitab\u0131nda T\u00fcrkiye\u2019nin kar\u015f\u0131 kar\u015f\u0131ya kald\u0131\u011f\u0131 a\u011f\u0131r ve \u00e7oklu krizi tahlil ederek, Erdo\u011fan\u2019\u0131n ve AKP\u2019nin sebep oldu\u011fu siyasal, ekonomik, sosyal ve jeopolitik \u00e7\u00f6k\u00fc\u015ften \u00fclkenin daha b\u00fcy\u00fck felaketlere s\u00fcr\u00fcklenmeden nas\u0131l kurtar\u0131laca\u011f\u0131n\u0131, uygulanan liberal ekonomik \u00e7\u00f6z\u00fcmler yerine karma ekonomi ve planl\u0131 kalk\u0131nma politikalar\u0131n\u0131n nas\u0131l ger\u00e7ekle\u015fece\u011fini anlat\u0131yor. Ya\u015fanan \u00e7oklu krizi a\u015fmak i\u00e7in bir yandan muhalefetin duru\u015f ve iradesini tart\u0131\u015f\u0131rken, di\u011fer yandan Atat\u00fcrk \u00e7izgisinde T\u00fcrk milliyet\u00e7ili\u011fi ve bilim-birlik-bar\u0131\u015f \u0131\u015f\u0131\u011f\u0131nda T\u00fcrkiye\u2019nin yeni yol haritas\u0131n\u0131 ortaya koyuyor. <\/p>\n","protected":false},"excerpt":{"rendered":"<p>\u201cBUG\u00dcN T\u00dcRK OLMAK ARTIK SU\u00c7 OLDU.\u201d Sanc\u0131l\u0131 se\u00e7im s\u00fcre\u00e7leri, \u00e7al\u0131nd\u0131\u011f\u0131 iddia edilen oy pusulalar\u0131 ve kirli referandum sonras\u0131 T\u00fcrk devleti hem ekonomik hem de siyasi krizlere<span class=\"excerpt-hellip\"> [\u2026]<\/span><\/p>\n","protected":false},"featured_media":0,"template":"","meta":{"_monsterinsights_skip_tracking":false,"_monsterinsights_sitenote_active":false,"_monsterinsights_sitenote_note":"","_monsterinsights_sitenote_category":0},"product_brand":[],"product_cat":[13590,12337],"product_tag":[],"class_list":{"0":"post-741740","1":"product","2":"type-product","3":"status-publish","5":"product_cat-arastirma-inceleme-politika-siyaset","6":"product_cat-politika-siyaset","7":"pa_cilt-ciltsiz","8":"pa_tur-kitap","9":"pa_yayinevi-destek-yayinlari","10":"pa_yazar-umit-ozdag","12":"first","13":"instock","14":"sale","15":"shipping-taxable","16":"purchasable","17":"product-type-simple"},"_links":{"self":[{"href":"https:\/\/roveyayinevi.com.tr\/index.php\/wp-json\/wp\/v2\/product\/741740","targetHints":{"allow":["GET"]}}],"collection":[{"href":"https:\/\/roveyayinevi.com.tr\/index.php\/wp-json\/wp\/v2\/product"}],"about":[{"href":"https:\/\/roveyayinevi.com.tr\/index.php\/wp-json\/wp\/v2\/types\/product"}],"wp:attachment":[{"href":"https:\/\/roveyayinevi.com.tr\/index.php\/wp-json\/wp\/v2\/media?parent=741740"}],"wp:term":[{"taxonomy":"product_brand","embeddable":true,"href":"https:\/\/roveyayinevi.com.tr\/index.php\/wp-json\/wp\/v2\/product_brand?post=741740"},{"taxonomy":"product_cat","embeddable":true,"href":"https:\/\/roveyayinevi.com.tr\/index.php\/wp-json\/wp\/v2\/product_cat?post=741740"},{"taxonomy":"product_tag","embeddable":true,"href":"https:\/\/roveyayinevi.com.tr\/index.php\/wp-json\/wp\/v2\/product_tag?post=741740"}],"curies":[{"name":"wp","href":"https:\/\/api.w.org\/{rel}","templated":true}]}}