{"id":741739,"date":"2025-08-28T00:55:56","date_gmt":"2025-08-27T21:55:56","guid":{"rendered":"https:\/\/roveyayinevi.com.tr\/index.php\/urun\/koru-korune-inanc\/"},"modified":"2026-04-16T02:52:51","modified_gmt":"2026-04-15T23:52:51","slug":"koru-korune-inanc","status":"publish","type":"product","link":"https:\/\/roveyayinevi.com.tr\/index.php\/urun\/koru-korune-inanc\/","title":{"rendered":"K\u00f6r\u00fc K\u00f6r\u00fcne \u0130nan\u00e7"},"content":{"rendered":"<p>TEMEL G\u00dcVEN DUYGUSU B\u0130R KEZ SARSILDI MI, \u00c7\u0130ZG\u0130S\u0130NDEN SAPAR VE ONUN YER\u0130N\u0130 K\u00d6R\u00dc K\u00d6R\u00dcNE \u0130NAN\u00c7 ALIR.   Sava\u015flar, ter\u00f6r eylemleri ve kriz d\u00f6nemlerinde toplumlar \u201cbiz\u201d ve \u201conlar\u201d olarak ikiye b\u00f6l\u00fcn\u00fcrler. Toplumsal gerileme durumlar\u0131nda gruplar, liderlerin g\u00f6r\u00fc\u015flerini ve g\u00f6sterdikleri y\u00f6n\u00fc, yap\u0131c\u0131 ya da y\u0131k\u0131c\u0131 olduklar\u0131na bakmaks\u0131z\u0131n takip etme e\u011filiminde olurlar. Bu kitab\u0131n amac\u0131, geni\u015f grup gerilemesinin maniple edilmesinin ve beraberindeki kimli\u011fi devam ettirme, koruma ve onarma ama\u00e7l\u0131 geni\u015f grup rit\u00fcellerinin, tariflere s\u0131\u011fmaz barbarl\u0131kta \u015fiddet eylemleri i\u00e7in gerekli atmosferi nas\u0131l haz\u0131rlayabildi\u011fini g\u00f6zler \u00f6n\u00fcne sermektir. 5 kez Nobel Bar\u0131\u015f \u00d6d\u00fcl\u00fc\u2019ne aday g\u00f6sterilen, pek \u00e7ok sayg\u0131n \u00f6d\u00fcle sahip olan Prof. Dr. Vam\u0131k D. Volkan, K\u00d6R\u00dc K\u00d6R\u00dcNE \u0130NAN\u00c7 isimli kitab\u0131nda, bug\u00fcn de halen sava\u015f\u0131n, \u015fiddetin ve \u0131rk\u00e7\u0131l\u0131\u011f\u0131n g\u00f6lgesinde olan bir d\u00fcnyay\u0131 anlamak isteyen herkes i\u00e7in zamans\u0131z, \u00f6l\u00fcms\u00fcz ve e\u015fsiz bir inceleme yap\u0131yor. Vam\u0131k D. Volkan, bir psikanalistin analitik zek\u00e2s\u0131n\u0131 ve g\u00f6r\u00fc\u015f\u00fcn\u00fc bireylerden toplumlara do\u011fru y\u00f6nlendiriyor ve bizleri \u00e7ok \u015fa\u015f\u0131rtan yarg\u0131lara, sonu\u00e7lara ula\u015f\u0131yor.   \u201cFreud\u2019un orijinal \u00e7\u0131k\u0131\u015f\u0131ndan sonra psikanalitik kitle psikolojisi alan\u0131nda yap\u0131lan belki de en \u00e7arp\u0131c\u0131 ve kapsaml\u0131 ara\u015ft\u0131rma.\u201d \u2013 Leo Rangel, Uluslararas\u0131 Psikanaliz Derne\u011fi Onursal Ba\u015fkan\u0131   <\/p>\n","protected":false},"excerpt":{"rendered":"<p>TEMEL G\u00dcVEN DUYGUSU B\u0130R KEZ SARSILDI MI, \u00c7\u0130ZG\u0130S\u0130NDEN SAPAR VE ONUN YER\u0130N\u0130 K\u00d6R\u00dc K\u00d6R\u00dcNE \u0130NAN\u00c7 ALIR. Sava\u015flar, ter\u00f6r eylemleri ve kriz d\u00f6nemlerinde toplumlar \u201cbiz\u201d ve \u201conlar\u201d<span class=\"excerpt-hellip\"> [\u2026]<\/span><\/p>\n","protected":false},"featured_media":0,"template":"","meta":{"_monsterinsights_skip_tracking":false,"_monsterinsights_sitenote_active":false,"_monsterinsights_sitenote_note":"","_monsterinsights_sitenote_category":0},"product_brand":[],"product_cat":[12358,12357],"product_tag":[],"class_list":{"0":"post-741739","1":"product","2":"type-product","3":"status-publish","5":"product_cat-genel-psikoloji","6":"product_cat-psikoloji","7":"pa_cilt-ciltsiz","8":"pa_tur-kitap","9":"pa_yayinevi-beyaz-baykus-yayinlari","10":"pa_yazar-vamik-d-volkan","12":"first","13":"instock","14":"sale","15":"shipping-taxable","16":"purchasable","17":"product-type-simple"},"_links":{"self":[{"href":"https:\/\/roveyayinevi.com.tr\/index.php\/wp-json\/wp\/v2\/product\/741739","targetHints":{"allow":["GET"]}}],"collection":[{"href":"https:\/\/roveyayinevi.com.tr\/index.php\/wp-json\/wp\/v2\/product"}],"about":[{"href":"https:\/\/roveyayinevi.com.tr\/index.php\/wp-json\/wp\/v2\/types\/product"}],"wp:attachment":[{"href":"https:\/\/roveyayinevi.com.tr\/index.php\/wp-json\/wp\/v2\/media?parent=741739"}],"wp:term":[{"taxonomy":"product_brand","embeddable":true,"href":"https:\/\/roveyayinevi.com.tr\/index.php\/wp-json\/wp\/v2\/product_brand?post=741739"},{"taxonomy":"product_cat","embeddable":true,"href":"https:\/\/roveyayinevi.com.tr\/index.php\/wp-json\/wp\/v2\/product_cat?post=741739"},{"taxonomy":"product_tag","embeddable":true,"href":"https:\/\/roveyayinevi.com.tr\/index.php\/wp-json\/wp\/v2\/product_tag?post=741739"}],"curies":[{"name":"wp","href":"https:\/\/api.w.org\/{rel}","templated":true}]}}