{"id":741737,"date":"2025-08-28T00:55:53","date_gmt":"2025-08-27T21:55:53","guid":{"rendered":"https:\/\/roveyayinevi.com.tr\/index.php\/urun\/nar-cicegi-gul-dali-igde-cicegi-askina\/"},"modified":"2026-04-16T02:52:51","modified_gmt":"2026-04-15T23:52:51","slug":"nar-cicegi-gul-dali-igde-cicegi-askina","status":"publish","type":"product","link":"https:\/\/roveyayinevi.com.tr\/index.php\/urun\/nar-cicegi-gul-dali-igde-cicegi-askina\/","title":{"rendered":"Nar \u00c7i\u00e7e\u011fi, G\u00fcl Dal\u0131, \u0130\u011fde \u00c7i\u00e7e\u011fi A\u015fk\u0131na"},"content":{"rendered":"<p>Nar \u00e7i\u00e7e\u011fi, G\u00fcl dal\u0131, \u0130\u011fde \u00e7i\u00e7e\u011fi a\u015fk\u0131na, Burnumda t\u00fct\u00fcyorsun\u2026 Akl\u0131mdas\u0131n, Fikrimdesin, \u0130\u00e7imdesin, Hi\u00e7 s\u00f6z\u00fcm\u00fcn ge\u00e7medi\u011fi bir yerdesin\u2026 Bilmem ki dilim bunu nas\u0131l anlats\u0131n\u2026 Y\u0131l de\u011fil, Ay de\u011fil, G\u00fcn de\u011fil, Gece de\u011fil sevgilim, Sen benim her \u201can\u0131ms\u0131n\u2026\u201d<\/p>\n","protected":false},"excerpt":{"rendered":"<p>Nar \u00e7i\u00e7e\u011fi, G\u00fcl dal\u0131, \u0130\u011fde \u00e7i\u00e7e\u011fi a\u015fk\u0131na, Burnumda t\u00fct\u00fcyorsun\u2026 Akl\u0131mdas\u0131n, Fikrimdesin, \u0130\u00e7imdesin, Hi\u00e7 s\u00f6z\u00fcm\u00fcn ge\u00e7medi\u011fi bir yerdesin\u2026 Bilmem ki dilim bunu nas\u0131l anlats\u0131n\u2026 Y\u0131l de\u011fil, Ay<span class=\"excerpt-hellip\"> [\u2026]<\/span><\/p>\n","protected":false},"featured_media":0,"template":"","meta":{"_monsterinsights_skip_tracking":false,"_monsterinsights_sitenote_active":false,"_monsterinsights_sitenote_note":"","_monsterinsights_sitenote_category":0},"product_brand":[],"product_cat":[12291,12509],"product_tag":[],"class_list":{"0":"post-741737","1":"product","2":"type-product","3":"status-publish","5":"product_cat-edebiyat","6":"product_cat-siir","7":"pa_cilt-ciltsiz","8":"pa_tur-kitap","9":"pa_yayinevi-luna-yayinlari","10":"pa_yazar-vahit-nizam-karabulut","12":"first","13":"instock","14":"sale","15":"shipping-taxable","16":"purchasable","17":"product-type-simple"},"_links":{"self":[{"href":"https:\/\/roveyayinevi.com.tr\/index.php\/wp-json\/wp\/v2\/product\/741737","targetHints":{"allow":["GET"]}}],"collection":[{"href":"https:\/\/roveyayinevi.com.tr\/index.php\/wp-json\/wp\/v2\/product"}],"about":[{"href":"https:\/\/roveyayinevi.com.tr\/index.php\/wp-json\/wp\/v2\/types\/product"}],"wp:attachment":[{"href":"https:\/\/roveyayinevi.com.tr\/index.php\/wp-json\/wp\/v2\/media?parent=741737"}],"wp:term":[{"taxonomy":"product_brand","embeddable":true,"href":"https:\/\/roveyayinevi.com.tr\/index.php\/wp-json\/wp\/v2\/product_brand?post=741737"},{"taxonomy":"product_cat","embeddable":true,"href":"https:\/\/roveyayinevi.com.tr\/index.php\/wp-json\/wp\/v2\/product_cat?post=741737"},{"taxonomy":"product_tag","embeddable":true,"href":"https:\/\/roveyayinevi.com.tr\/index.php\/wp-json\/wp\/v2\/product_tag?post=741737"}],"curies":[{"name":"wp","href":"https:\/\/api.w.org\/{rel}","templated":true}]}}