{"id":741733,"date":"2025-08-28T00:55:48","date_gmt":"2025-08-27T21:55:48","guid":{"rendered":"https:\/\/roveyayinevi.com.tr\/index.php\/urun\/elimi-tut\/"},"modified":"2026-04-15T03:03:30","modified_gmt":"2026-04-15T00:03:30","slug":"elimi-tut","status":"publish","type":"product","link":"https:\/\/roveyayinevi.com.tr\/index.php\/urun\/elimi-tut\/","title":{"rendered":"Elimi Tut"},"content":{"rendered":"<p>G\u00fczelli\u011fin tart\u0131\u015f\u0131lmaz; ama asla aidiyet hissedemedi\u011fim, i\u00e7inde iken, en ne\u015feli anlar\u0131mda bile derin bir h\u00fcz\u00fcn bulutunun etraf\u0131m\u0131 sard\u0131\u011f\u0131, kadim ve alacal\u0131 \u015fehir\u2026 Biliyorum ki, \u0130stanbul sevdal\u0131lar\u0131n\u0131n kar\u015f\u0131 duraca\u011f\u0131 bir itiraf olacak bu, ama ne yaz\u0131k ki, \u015fehir art\u0131k bana arabesk \u015fark\u0131larla harmanlanm\u0131\u015f, koyu bir karart\u0131dan ba\u015fka hi\u00e7 bir \u015feyi \u00e7a\u011fr\u0131\u015ft\u0131ram\u0131yor\u2026  <\/p>\n","protected":false},"excerpt":{"rendered":"<p>G\u00fczelli\u011fin tart\u0131\u015f\u0131lmaz; ama asla aidiyet hissedemedi\u011fim, i\u00e7inde iken, en ne\u015feli anlar\u0131mda bile derin bir h\u00fcz\u00fcn bulutunun etraf\u0131m\u0131 sard\u0131\u011f\u0131, kadim ve alacal\u0131 \u015fehir\u2026 Biliyorum ki, \u0130stanbul sevdal\u0131lar\u0131n\u0131n<span class=\"excerpt-hellip\"> [\u2026]<\/span><\/p>\n","protected":false},"featured_media":0,"template":"","meta":{"_monsterinsights_skip_tracking":false,"_monsterinsights_sitenote_active":false,"_monsterinsights_sitenote_note":"","_monsterinsights_sitenote_category":0},"product_brand":[],"product_cat":[12291,12711],"product_tag":[],"class_list":{"0":"post-741733","1":"product","2":"type-product","3":"status-publish","5":"product_cat-edebiyat","6":"product_cat-roman-oyku","7":"pa_cilt-ciltsiz","8":"pa_tur-kitap","9":"pa_yayinevi-gulnar-yayinlari","10":"pa_yazar-rahel-cela-behar","12":"first","13":"instock","14":"sale","15":"shipping-taxable","16":"purchasable","17":"product-type-simple"},"_links":{"self":[{"href":"https:\/\/roveyayinevi.com.tr\/index.php\/wp-json\/wp\/v2\/product\/741733","targetHints":{"allow":["GET"]}}],"collection":[{"href":"https:\/\/roveyayinevi.com.tr\/index.php\/wp-json\/wp\/v2\/product"}],"about":[{"href":"https:\/\/roveyayinevi.com.tr\/index.php\/wp-json\/wp\/v2\/types\/product"}],"wp:attachment":[{"href":"https:\/\/roveyayinevi.com.tr\/index.php\/wp-json\/wp\/v2\/media?parent=741733"}],"wp:term":[{"taxonomy":"product_brand","embeddable":true,"href":"https:\/\/roveyayinevi.com.tr\/index.php\/wp-json\/wp\/v2\/product_brand?post=741733"},{"taxonomy":"product_cat","embeddable":true,"href":"https:\/\/roveyayinevi.com.tr\/index.php\/wp-json\/wp\/v2\/product_cat?post=741733"},{"taxonomy":"product_tag","embeddable":true,"href":"https:\/\/roveyayinevi.com.tr\/index.php\/wp-json\/wp\/v2\/product_tag?post=741733"}],"curies":[{"name":"wp","href":"https:\/\/api.w.org\/{rel}","templated":true}]}}