{"id":741732,"date":"2025-08-28T00:55:47","date_gmt":"2025-08-27T21:55:47","guid":{"rendered":"https:\/\/roveyayinevi.com.tr\/index.php\/urun\/fisilti-2\/"},"modified":"2026-04-16T02:52:51","modified_gmt":"2026-04-15T23:52:51","slug":"fisilti-2","status":"publish","type":"product","link":"https:\/\/roveyayinevi.com.tr\/index.php\/urun\/fisilti-2\/","title":{"rendered":"F\u0131s\u0131lt\u0131"},"content":{"rendered":"<p>F\u0131s\u0131lt\u0131yla konu\u015fabiliyordu Ba\u015f\u0131n\u0131 sol omuzuma koydu Sokaklar\u0131 bembeyaz evleri ge\u00e7iyorum Kimseler duymas\u0131n Karaa\u011fac\u0131n dibine oturdum Gelen ge\u00e7en insanlar bana Adres sorsunlar istiyordum Sormuyorlard\u0131 dedi \u0130\u011fneyle tutturulmu\u015f foto\u011fraflar var Hepsinde g\u00f6zlerim kapal\u0131 Anneler y\u00fczlerini \u00f6p\u00fcyor U\u011furlarken \u00e7ocuklar\u0131n\u0131 O \u00e7ocuklar\u0131n akl\u0131nda Bayram \u015fark\u0131lar\u0131 vard\u0131 \u015eafaklar\u0131 bal\u0131\u011fa \u00e7\u0131k\u0131yorum K\u0131rm\u0131z\u0131 barbun ve istavritle d\u00f6n\u00fcyorum Avu\u00e7lar\u0131ma d\u00fc\u015f\u00fcyor ba\u015f\u0131 solgun Yorgun geyik, yaral\u0131 kaplan gibi Kuru bir yapra\u011f\u0131 kald\u0131r\u0131r gibi Kald\u0131rd\u0131 ba\u015f\u0131n\u0131 Bo\u015f bulunup g\u00fcler misin \u00f6l\u00fcm\u00fc g\u00f6r\u00fcnce Dedi; Ben sifilizim Ben d\u00fc\u015fk\u00fcnleri emziren yaras\u0131y\u0131m F\u0131s\u0131lt\u0131yla konu\u015fabiliyordu Katilimin adresini yazan d\u00fc\u015fman\u0131m. <\/p>\n","protected":false},"excerpt":{"rendered":"<p>F\u0131s\u0131lt\u0131yla konu\u015fabiliyordu Ba\u015f\u0131n\u0131 sol omuzuma koydu Sokaklar\u0131 bembeyaz evleri ge\u00e7iyorum Kimseler duymas\u0131n Karaa\u011fac\u0131n dibine oturdum Gelen ge\u00e7en insanlar bana Adres sorsunlar istiyordum Sormuyorlard\u0131 dedi \u0130\u011fneyle tutturulmu\u015f<span class=\"excerpt-hellip\"> [\u2026]<\/span><\/p>\n","protected":false},"featured_media":0,"template":"","meta":{"_monsterinsights_skip_tracking":false,"_monsterinsights_sitenote_active":false,"_monsterinsights_sitenote_note":"","_monsterinsights_sitenote_category":0},"product_brand":[],"product_cat":[12291,12509],"product_tag":[],"class_list":{"0":"post-741732","1":"product","2":"type-product","3":"status-publish","5":"product_cat-edebiyat","6":"product_cat-siir","7":"pa_cilt-ciltsiz","8":"pa_tur-kitap","9":"pa_yayinevi-gulnar-yayinlari","10":"pa_yazar-dilek-ozturk","12":"first","13":"instock","14":"sale","15":"shipping-taxable","16":"purchasable","17":"product-type-simple"},"_links":{"self":[{"href":"https:\/\/roveyayinevi.com.tr\/index.php\/wp-json\/wp\/v2\/product\/741732","targetHints":{"allow":["GET"]}}],"collection":[{"href":"https:\/\/roveyayinevi.com.tr\/index.php\/wp-json\/wp\/v2\/product"}],"about":[{"href":"https:\/\/roveyayinevi.com.tr\/index.php\/wp-json\/wp\/v2\/types\/product"}],"wp:attachment":[{"href":"https:\/\/roveyayinevi.com.tr\/index.php\/wp-json\/wp\/v2\/media?parent=741732"}],"wp:term":[{"taxonomy":"product_brand","embeddable":true,"href":"https:\/\/roveyayinevi.com.tr\/index.php\/wp-json\/wp\/v2\/product_brand?post=741732"},{"taxonomy":"product_cat","embeddable":true,"href":"https:\/\/roveyayinevi.com.tr\/index.php\/wp-json\/wp\/v2\/product_cat?post=741732"},{"taxonomy":"product_tag","embeddable":true,"href":"https:\/\/roveyayinevi.com.tr\/index.php\/wp-json\/wp\/v2\/product_tag?post=741732"}],"curies":[{"name":"wp","href":"https:\/\/api.w.org\/{rel}","templated":true}]}}