{"id":741731,"date":"2025-08-28T00:55:46","date_gmt":"2025-08-27T21:55:46","guid":{"rendered":"https:\/\/roveyayinevi.com.tr\/index.php\/urun\/gonul-aynasinda-gorduklerim\/"},"modified":"2026-04-16T02:52:51","modified_gmt":"2026-04-15T23:52:51","slug":"gonul-aynasinda-gorduklerim","status":"publish","type":"product","link":"https:\/\/roveyayinevi.com.tr\/index.php\/urun\/gonul-aynasinda-gorduklerim\/","title":{"rendered":"G\u00f6n\u00fcl Aynas\u0131nda G\u00f6rd\u00fcklerim"},"content":{"rendered":"<p>KALP DERG\u00c2HI \u0130ZZETT\u0130R D\u00fcnyada her \u00e2dem bir ba\u015fka \u00e2lemdir, Kaderi yazan hak elindeki kalemdir. Muhabbeti ba\u015flatan verilen selamd\u0131r, Kalp derg\u00e2h\u0131 izzettir sak\u0131n y\u0131kma ha!   Etraf\u0131na iyi bak \u00e2lemde neler oluyor, Dal\u0131ndaki goncalar vakitsiz soluyor, Zaman\u0131n \u00e7abuk ge\u00e7ip s\u00fcren doluyor, Kalp derg\u00e2h\u0131 izzettir sak\u0131n y\u0131kma ha!   \u0130nsanlar\u0131 anlamak hayat\u0131 anlamakt\u0131r, Yan yana gelip birbirini kollamakt\u0131r, Kenarda k\u00f6\u015fede garip kalmamakt\u0131r, Kalp derg\u00e2h\u0131 izzettir sak\u0131n y\u0131kma ha!   Kimse kimsenin i\u00e7indekini bilmiyor, Garibin ac\u0131s\u0131 katlan\u0131yor dinmiyor, Akan g\u00f6zya\u015f\u0131n\u0131 kimse g\u00f6r\u00fcp silmiyor, Kalp derg\u00e2h\u0131 izzettir sak\u0131n y\u0131kma ha!   \u0130yilik yapanlara bak\u0131p aptal sanma, Ya\u011fc\u0131lar\u0131n yalan iltifatlar\u0131na kanma, \u00d6nce \u00fcz\u00fcp sonra pi\u015fmanl\u0131kla yanma, Kalp derg\u00e2h\u0131 izzettir sak\u0131n y\u0131kma ha! \u2026 <\/p>\n","protected":false},"excerpt":{"rendered":"<p>KALP DERG\u00c2HI \u0130ZZETT\u0130R D\u00fcnyada her \u00e2dem bir ba\u015fka \u00e2lemdir, Kaderi yazan hak elindeki kalemdir. Muhabbeti ba\u015flatan verilen selamd\u0131r, Kalp derg\u00e2h\u0131 izzettir sak\u0131n y\u0131kma ha! Etraf\u0131na iyi<span class=\"excerpt-hellip\"> [\u2026]<\/span><\/p>\n","protected":false},"featured_media":0,"template":"","meta":{"_monsterinsights_skip_tracking":false,"_monsterinsights_sitenote_active":false,"_monsterinsights_sitenote_note":"","_monsterinsights_sitenote_category":0},"product_brand":[],"product_cat":[12291,12509],"product_tag":[],"class_list":{"0":"post-741731","1":"product","2":"type-product","3":"status-publish","5":"product_cat-edebiyat","6":"product_cat-siir","7":"pa_cilt-ciltsiz","8":"pa_tur-kitap","9":"pa_yayinevi-gulnar-yayinlari","10":"pa_yazar-huseyin-tasova","12":"first","13":"instock","14":"sale","15":"shipping-taxable","16":"purchasable","17":"product-type-simple"},"_links":{"self":[{"href":"https:\/\/roveyayinevi.com.tr\/index.php\/wp-json\/wp\/v2\/product\/741731","targetHints":{"allow":["GET"]}}],"collection":[{"href":"https:\/\/roveyayinevi.com.tr\/index.php\/wp-json\/wp\/v2\/product"}],"about":[{"href":"https:\/\/roveyayinevi.com.tr\/index.php\/wp-json\/wp\/v2\/types\/product"}],"wp:attachment":[{"href":"https:\/\/roveyayinevi.com.tr\/index.php\/wp-json\/wp\/v2\/media?parent=741731"}],"wp:term":[{"taxonomy":"product_brand","embeddable":true,"href":"https:\/\/roveyayinevi.com.tr\/index.php\/wp-json\/wp\/v2\/product_brand?post=741731"},{"taxonomy":"product_cat","embeddable":true,"href":"https:\/\/roveyayinevi.com.tr\/index.php\/wp-json\/wp\/v2\/product_cat?post=741731"},{"taxonomy":"product_tag","embeddable":true,"href":"https:\/\/roveyayinevi.com.tr\/index.php\/wp-json\/wp\/v2\/product_tag?post=741731"}],"curies":[{"name":"wp","href":"https:\/\/api.w.org\/{rel}","templated":true}]}}