{"id":741730,"date":"2025-08-28T00:55:44","date_gmt":"2025-08-27T21:55:44","guid":{"rendered":"https:\/\/roveyayinevi.com.tr\/index.php\/urun\/gultanem\/"},"modified":"2026-04-16T02:52:51","modified_gmt":"2026-04-15T23:52:51","slug":"gultanem","status":"publish","type":"product","link":"https:\/\/roveyayinevi.com.tr\/index.php\/urun\/gultanem\/","title":{"rendered":"G\u00fcltanem"},"content":{"rendered":"<p>Geceden ge\u00e7er her \u015fiirin yolu,kimisi g\u00fcne\u015fi selamlar  kimisi de gecede kal\u0131r. Gecede tutsak kalm\u0131\u015f m\u0131sralar\u0131m g\u00fcne\u015fi selamlas\u0131nlar istedim.   Bir g\u00fcn t\u00fcm karanl\u0131klar\u0131n ayd\u0131nl\u0131klara \u00e7\u0131kmas\u0131 dile\u011fiyle, iyi okumalar.   <\/p>\n","protected":false},"excerpt":{"rendered":"<p>Geceden ge\u00e7er her \u015fiirin yolu,kimisi g\u00fcne\u015fi selamlar kimisi de gecede kal\u0131r. Gecede tutsak kalm\u0131\u015f m\u0131sralar\u0131m g\u00fcne\u015fi selamlas\u0131nlar istedim. Bir g\u00fcn t\u00fcm karanl\u0131klar\u0131n ayd\u0131nl\u0131klara \u00e7\u0131kmas\u0131 dile\u011fiyle, iyi<span class=\"excerpt-hellip\"> [\u2026]<\/span><\/p>\n","protected":false},"featured_media":0,"template":"","meta":{"_monsterinsights_skip_tracking":false,"_monsterinsights_sitenote_active":false,"_monsterinsights_sitenote_note":"","_monsterinsights_sitenote_category":0},"product_brand":[],"product_cat":[12291,12509],"product_tag":[],"class_list":{"0":"post-741730","1":"product","2":"type-product","3":"status-publish","5":"product_cat-edebiyat","6":"product_cat-siir","7":"pa_cilt-ciltsiz","8":"pa_tur-kitap","9":"pa_yayinevi-gulnar-yayinlari","10":"pa_yazar-zuleyha-aydin-cengiz","12":"first","13":"instock","14":"sale","15":"shipping-taxable","16":"purchasable","17":"product-type-simple"},"_links":{"self":[{"href":"https:\/\/roveyayinevi.com.tr\/index.php\/wp-json\/wp\/v2\/product\/741730","targetHints":{"allow":["GET"]}}],"collection":[{"href":"https:\/\/roveyayinevi.com.tr\/index.php\/wp-json\/wp\/v2\/product"}],"about":[{"href":"https:\/\/roveyayinevi.com.tr\/index.php\/wp-json\/wp\/v2\/types\/product"}],"wp:attachment":[{"href":"https:\/\/roveyayinevi.com.tr\/index.php\/wp-json\/wp\/v2\/media?parent=741730"}],"wp:term":[{"taxonomy":"product_brand","embeddable":true,"href":"https:\/\/roveyayinevi.com.tr\/index.php\/wp-json\/wp\/v2\/product_brand?post=741730"},{"taxonomy":"product_cat","embeddable":true,"href":"https:\/\/roveyayinevi.com.tr\/index.php\/wp-json\/wp\/v2\/product_cat?post=741730"},{"taxonomy":"product_tag","embeddable":true,"href":"https:\/\/roveyayinevi.com.tr\/index.php\/wp-json\/wp\/v2\/product_tag?post=741730"}],"curies":[{"name":"wp","href":"https:\/\/api.w.org\/{rel}","templated":true}]}}