{"id":741728,"date":"2025-08-28T00:55:42","date_gmt":"2025-08-27T21:55:42","guid":{"rendered":"https:\/\/roveyayinevi.com.tr\/index.php\/urun\/ask-sandigimiz-saplantilar\/"},"modified":"2026-04-16T02:52:51","modified_gmt":"2026-04-15T23:52:51","slug":"ask-sandigimiz-saplantilar","status":"publish","type":"product","link":"https:\/\/roveyayinevi.com.tr\/index.php\/urun\/ask-sandigimiz-saplantilar\/","title":{"rendered":"A\u015fk Sand\u0131\u011f\u0131m\u0131z Saplant\u0131lar"},"content":{"rendered":"<p>Kitab\u0131n ismi sizce de biraz \u00fcrk\u00fct\u00fcc\u00fc de\u011fil mi? Ben saplant\u0131l\u0131 m\u0131y\u0131m korkusu sizi sarmadan s\u00f6yleyelim ki hepimiz bir \u015feylere az da olsa saplant\u0131l\u0131y\u0131z. Saplant\u0131, anlam\u0131na bak\u0131ld\u0131\u011f\u0131nda; \u201cbilincin tak\u0131l\u0131p kald\u0131\u011f\u0131, kurtulamad\u0131\u011f\u0131, d\u00fczeltemedi\u011fi yanl\u0131\u015f bir tasar\u0131m\u201d olarak tan\u0131mlan\u0131yor. Peki bu \u2018error\u2019 veren tasar\u0131m, a\u015fk ile nas\u0131l bir hal alabiliyor? Bu eser \u00f6ncelikle a\u015fk\u0131 anlamaya, kendi a\u015fk anlay\u0131\u015f\u0131n\u0131 tan\u0131maya yard\u0131mc\u0131 oluyor, sonra ise a\u015fk zannedilen ve \u00e7\u0131kmazlara giden duygular, bozukluklar ve rahats\u0131zl\u0131klar\u0131 i\u015faret ediyor. A\u015fk Sand\u0131\u011f\u0131m\u0131z Saplant\u0131lar, insan\u0131n a\u015fka giden yolunu yaban otlar\u0131ndan temizlemek ve g\u00fcl bah\u00e7elerine varmak i\u00e7in bir rehber niteli\u011finde. \u201c\u00c7\u00f6z\u00fcms\u00fcz hi\u00e7bir \u015fey yok, sadece \u00e7\u00f6z\u00fcm\u00fc aramaya niyete ihtiya\u00e7 var.\u201d <\/p>\n","protected":false},"excerpt":{"rendered":"<p>Kitab\u0131n ismi sizce de biraz \u00fcrk\u00fct\u00fcc\u00fc de\u011fil mi? Ben saplant\u0131l\u0131 m\u0131y\u0131m korkusu sizi sarmadan s\u00f6yleyelim ki hepimiz bir \u015feylere az da olsa saplant\u0131l\u0131y\u0131z. Saplant\u0131, anlam\u0131na bak\u0131ld\u0131\u011f\u0131nda;<span class=\"excerpt-hellip\"> [\u2026]<\/span><\/p>\n","protected":false},"featured_media":0,"template":"","meta":{"_monsterinsights_skip_tracking":false,"_monsterinsights_sitenote_active":false,"_monsterinsights_sitenote_note":"","_monsterinsights_sitenote_category":0},"product_brand":[],"product_cat":[12358,12357],"product_tag":[],"class_list":{"0":"post-741728","1":"product","2":"type-product","3":"status-publish","5":"product_cat-genel-psikoloji","6":"product_cat-psikoloji","7":"pa_cilt-ciltsiz","8":"pa_tur-kitap","9":"pa_yayinevi-pozitif-yayinlari","10":"pa_yazar-aysel-tasdemir","12":"first","13":"instock","14":"sale","15":"shipping-taxable","16":"purchasable","17":"product-type-simple"},"_links":{"self":[{"href":"https:\/\/roveyayinevi.com.tr\/index.php\/wp-json\/wp\/v2\/product\/741728","targetHints":{"allow":["GET"]}}],"collection":[{"href":"https:\/\/roveyayinevi.com.tr\/index.php\/wp-json\/wp\/v2\/product"}],"about":[{"href":"https:\/\/roveyayinevi.com.tr\/index.php\/wp-json\/wp\/v2\/types\/product"}],"wp:attachment":[{"href":"https:\/\/roveyayinevi.com.tr\/index.php\/wp-json\/wp\/v2\/media?parent=741728"}],"wp:term":[{"taxonomy":"product_brand","embeddable":true,"href":"https:\/\/roveyayinevi.com.tr\/index.php\/wp-json\/wp\/v2\/product_brand?post=741728"},{"taxonomy":"product_cat","embeddable":true,"href":"https:\/\/roveyayinevi.com.tr\/index.php\/wp-json\/wp\/v2\/product_cat?post=741728"},{"taxonomy":"product_tag","embeddable":true,"href":"https:\/\/roveyayinevi.com.tr\/index.php\/wp-json\/wp\/v2\/product_tag?post=741728"}],"curies":[{"name":"wp","href":"https:\/\/api.w.org\/{rel}","templated":true}]}}