{"id":741726,"date":"2025-08-28T00:55:40","date_gmt":"2025-08-27T21:55:40","guid":{"rendered":"https:\/\/roveyayinevi.com.tr\/index.php\/urun\/bizanscilik-ve-slavlik\/"},"modified":"2026-04-16T02:52:51","modified_gmt":"2026-04-15T23:52:51","slug":"bizanscilik-ve-slavlik","status":"publish","type":"product","link":"https:\/\/roveyayinevi.com.tr\/index.php\/urun\/bizanscilik-ve-slavlik\/","title":{"rendered":"Bizans\u00e7\u0131l\u0131k ve Slavl\u0131k"},"content":{"rendered":"<p>Arka kapak yaz\u0131s\u0131 : \u201cPeki biz ne diye endi\u015feleniyoruz? Avusturya ve T\u00fcrkiye h\u00e2l\u00e2 ayakta durmuyor mu en nihayetinde? Avusturya ve T\u00fcrkiye\u2019nin \u00f6mr\u00fc uzun olsun (bilhassa bu sonuncusunun). T\u00fcrkiye\u2019nin varl\u0131\u011f\u0131n\u0131 s\u00fcrd\u00fcrmesinin hem bizim i\u00e7in hem de Do\u011fu\u2019da bizle ayn\u0131 inanc\u0131 payla\u015fan \u00e7o\u011funluk i\u00e7in faydal\u0131 bir \u015fey oldu\u011funun bug\u00fcn dahi pek \u00e7ok ki\u015fi fark\u0131nda. Rus d\u00fc\u015f\u00fcnce hayat\u0131n\u0131n en zengin ve \u00fcretken oldu\u011fu on dokuzuncu as\u0131r, sosyal ve siyasi ya\u015famda da olduk\u00e7a \u00e7alkant\u0131l\u0131 ve hareketli bir devir olmu\u015ftur. Elinizdeki eser, Rus d\u00fc\u015f\u00fcnce hayat\u0131n\u0131n nevi \u015fahs\u0131na m\u00fcnhas\u0131r bir kalemi, bir t\u0131p doktoru ve tecr\u00fcbeli bir diplomat olan Konstantin Nikolayevi\u00e7 Leontyev\u2019in kendi toplumu ve devleti ba\u015fta olmak \u00fczere Slav halklar\u0131n\u0131n siyasi vaziyetlerine dair koydu\u011fu tan\u0131lar\u0131 ve \u00c7arl\u0131k rejiminin bek\u00e2s\u0131 i\u00e7in yazd\u0131\u011f\u0131 \u201cyegane kurtulu\u015f re\u00e7etesini\u201d i\u00e7ermektedir. \u0130mparatorlu\u011funun kapsaml\u0131 reformlara giri\u015fti\u011fi bir ortamda otokrasinin savunusunu veren d\u00fc\u015f\u00fcn\u00fcr, ortaya koydu\u011fu yakla\u015f\u0131mla Rusya\u2019n\u0131n ni\u00e7in di\u011fer devletlerden farkl\u0131 oldu\u011funu ve olmas\u0131 gerekti\u011fini izah etmektedir. Rus siyasi k\u00fclt\u00fcr\u00fcn\u00fcn Bat\u0131\u2019n\u0131nkinden farkl\u0131 bir geli\u015fim s\u00fcrecine sahip olu\u015funu Bizans miras\u00e7\u0131l\u0131\u011f\u0131 zaviyesinden ele alan Leontyev, panslavist ideolojiye de a\u011f\u0131r ele\u015ftiriler getirmektedir. \u0130mparatorluk T\u00fcrkiye\u2019sinde Dersaadet, Selanik, Girit (Hanya), Tul\u00e7a, Yanya ve Edirne\u2019de, Avusturya-Macaristan \u0130mparatorlu\u011fu\u2019nun ise Bohemya Eyaleti\u2019ndeki Rus el\u00e7iliklerinde 1863-1872 y\u0131llar\u0131 aras\u0131nda yo\u011fun ve \u00fcretken bir diplomatl\u0131k kariyerine sahip olan Leontyev\u2019in siyasi ve felsefi g\u00f6r\u00fc\u015flerini ihtiva eden ve ba\u015fyap\u0131t\u0131 olarak kabul edilen Bizans\u00e7\u0131l\u0131k ve Slavl\u0131k adl\u0131 eseri, on dokuzuncu as\u0131r Rus entelekt\u00fcel tarihine \u0131\u015f\u0131k tutarken okurunu da Rusya\u2019n\u0131n uluslararas\u0131 ili\u015fkilerde d\u00fcnk\u00fc ve bug\u00fcnk\u00fc konumunu d\u00fc\u015f\u00fcnmeye sevk etmektedir. Yazar Hakk\u0131nda: Rus diplomat, t\u0131p doktoru, d\u00fc\u015f\u00fcn\u00fcr ve yazar. 13 Ocak 1831\u2019de Rusya \u0130mparatorlu\u011fu Kaluga Guberniyas\u0131\u2019nda dvoryan bir ailede d\u00fcnyaya gelmi\u015ftir. Leontyevlerin soyu, Ryazan boyarlar\u0131ndan gelme olup Ulu\u011f Orda\u2019dan Rus knezliklerine iltihak eden Batur Mirza\u2019ya dayanmaktad\u0131r. 1849-1854 y\u0131llar\u0131 aras\u0131nda Moskova \u00dcniversitesi T\u0131p Fak\u00fcltesi\u2019nde e\u011fitim g\u00f6rm\u00fc\u015ft\u00fcr. Mezuniyeti sonras\u0131nda K\u0131r\u0131m Harbi\u2019nde askeri s\u0131hhiye olarak cepheye g\u00f6nderilmi\u015ftir. 1857\u2019de askeri doktorluktan istifa ederek 1860\u2019a dek sivil doktorluk yapm\u0131\u015ft\u0131r. 1861\u2019de K\u0131r\u0131m\u2019da Grek k\u00f6kenli bir t\u00fcccar\u0131n k\u0131z\u0131 olan Yelizaveta Pavlovna Politova ile evlenmi\u015ftir. 1863\u2019te D\u0131\u015fi\u015fleri Bakanl\u0131\u011f\u0131nda diplomatl\u0131k kariyerine dragoman (terc\u00fcman) olarak ba\u015flayan Leontyev, s\u0131ras\u0131yla Hanya, Edirne, \u0130stanbul, Tul\u00e7a, Yanya, Selanik ve Bohemya\u2019da 1872\u2019ye dek konsolosluk ve ba\u015fkonsolosluk g\u00f6revlerini icra etmi\u015ftir. Atlatt\u0131\u011f\u0131 \u00f6l\u00fcmc\u00fcl koleradan sonra kendisini manast\u0131r hayat\u0131na adam\u0131\u015ft\u0131r. \u00c7e\u015fitli gazetelerde ve yay\u0131nevlerinde \u00fcstlendi\u011fi g\u00f6revlerle d\u00fc\u015f\u00fcnce d\u00fcnyas\u0131ndan Danilyevski, Tolstoy ve Turgenyev gibi simalarla m\u00fcnasebetlerini s\u00fcrd\u00fcrm\u00fc\u015ft\u00fcr. Lev Tolstoy ve Fyodor Dostoyevski\u2019yi \u201cpembe Hristiyanl\u0131kla\u201d itham ederken, demokratikle\u015fme ve Panslavizm\u2019e kar\u015f\u0131 otokrasiyi savundu\u011fu \u00e7ok say\u0131da felsefi, siyasi ve edebi eserler kaleme alm\u0131\u015ft\u0131r. Siyasi yaz\u0131lar\u0131nda \u015eark Meselesi, edebi eserlerinde ise Do\u011fu Hristiyanl\u0131\u011f\u0131 ve \u0130slam d\u00fcnyas\u0131 \u00f6nemli bir yer tutmaktad\u0131r. 12 Kas\u0131m 1891\u2019de Moskova\u2019da Aziz Sergius\u2019un Teslis Manast\u0131r\u0131\u2019nda 60 ya\u015f\u0131nda iken zat\u00fcrreye yakalanarak vefat etmi\u015ftir. <\/p>\n","protected":false},"excerpt":{"rendered":"<p>Arka kapak yaz\u0131s\u0131 : \u201cPeki biz ne diye endi\u015feleniyoruz? Avusturya ve T\u00fcrkiye h\u00e2l\u00e2 ayakta durmuyor mu en nihayetinde? Avusturya ve T\u00fcrkiye\u2019nin \u00f6mr\u00fc uzun olsun (bilhassa bu<span class=\"excerpt-hellip\"> [\u2026]<\/span><\/p>\n","protected":false},"featured_media":0,"template":"","meta":{"_monsterinsights_skip_tracking":false,"_monsterinsights_sitenote_active":false,"_monsterinsights_sitenote_note":"","_monsterinsights_sitenote_category":0},"product_brand":[],"product_cat":[12312,12304],"product_tag":[],"class_list":{"0":"post-741726","1":"product","2":"type-product","3":"status-publish","5":"product_cat-diger","6":"product_cat-tarih","7":"pa_cilt-ciltsiz","8":"pa_tur-kitap","9":"pa_yayinevi-vakifbank-kultur-yayinlari","10":"pa_yazar-konstantin-nikolayevic-leontyev","12":"first","13":"instock","14":"sale","15":"shipping-taxable","16":"purchasable","17":"product-type-simple"},"_links":{"self":[{"href":"https:\/\/roveyayinevi.com.tr\/index.php\/wp-json\/wp\/v2\/product\/741726","targetHints":{"allow":["GET"]}}],"collection":[{"href":"https:\/\/roveyayinevi.com.tr\/index.php\/wp-json\/wp\/v2\/product"}],"about":[{"href":"https:\/\/roveyayinevi.com.tr\/index.php\/wp-json\/wp\/v2\/types\/product"}],"wp:attachment":[{"href":"https:\/\/roveyayinevi.com.tr\/index.php\/wp-json\/wp\/v2\/media?parent=741726"}],"wp:term":[{"taxonomy":"product_brand","embeddable":true,"href":"https:\/\/roveyayinevi.com.tr\/index.php\/wp-json\/wp\/v2\/product_brand?post=741726"},{"taxonomy":"product_cat","embeddable":true,"href":"https:\/\/roveyayinevi.com.tr\/index.php\/wp-json\/wp\/v2\/product_cat?post=741726"},{"taxonomy":"product_tag","embeddable":true,"href":"https:\/\/roveyayinevi.com.tr\/index.php\/wp-json\/wp\/v2\/product_tag?post=741726"}],"curies":[{"name":"wp","href":"https:\/\/api.w.org\/{rel}","templated":true}]}}