{"id":741722,"date":"2025-08-28T00:55:35","date_gmt":"2025-08-27T21:55:35","guid":{"rendered":"https:\/\/roveyayinevi.com.tr\/index.php\/urun\/devrim-erbil-sanat-ulkesi-ciltli\/"},"modified":"2026-04-16T02:52:51","modified_gmt":"2026-04-15T23:52:51","slug":"devrim-erbil-sanat-ulkesi-ciltli","status":"publish","type":"product","link":"https:\/\/roveyayinevi.com.tr\/index.php\/urun\/devrim-erbil-sanat-ulkesi-ciltli\/","title":{"rendered":"Devrim Erbil &#8211; Sanat \u00dclkesi (Ciltli)"},"content":{"rendered":"<p>Sanat \u00dclkesi serisi, \u00e7ocuklara T\u00fcrkiye\u2019nin sanat\u00e7\u0131lar\u0131n\u0131 tan\u0131tmay\u0131 ve onlar\u0131n zihinlerinde bu \u00fclkenin \u00e7izgilerine dair bir imge olu\u015fturmay\u0131 ama\u00e7l\u0131yor. Serinin ilk kitab\u0131 Devrim Erbil, sanat\u00e7\u0131n\u0131n kendi dilinden anlat\u0131m\u0131 ile keyifli bir okuma ve \u00f6\u011frenme deneyimi sunuyor. <\/p>\n","protected":false},"excerpt":{"rendered":"<p>Sanat \u00dclkesi serisi, \u00e7ocuklara T\u00fcrkiye\u2019nin sanat\u00e7\u0131lar\u0131n\u0131 tan\u0131tmay\u0131 ve onlar\u0131n zihinlerinde bu \u00fclkenin \u00e7izgilerine dair bir imge olu\u015fturmay\u0131 ama\u00e7l\u0131yor. Serinin ilk kitab\u0131 Devrim Erbil, sanat\u00e7\u0131n\u0131n kendi dilinden<span class=\"excerpt-hellip\"> [\u2026]<\/span><\/p>\n","protected":false},"featured_media":0,"template":"","meta":{"_monsterinsights_skip_tracking":false,"_monsterinsights_sitenote_active":false,"_monsterinsights_sitenote_note":"","_monsterinsights_sitenote_category":0},"product_brand":[],"product_cat":[12291,50487],"product_tag":[],"class_list":{"0":"post-741722","1":"product","2":"type-product","3":"status-publish","5":"product_cat-edebiyat","6":"product_cat-kurgu","7":"pa_cilt-ciltli","8":"pa_tur-kitap","9":"pa_yayinevi-ketebe-yayinlari","10":"pa_yazar-devrim-erbil","12":"first","13":"instock","14":"sale","15":"shipping-taxable","16":"purchasable","17":"product-type-simple"},"_links":{"self":[{"href":"https:\/\/roveyayinevi.com.tr\/index.php\/wp-json\/wp\/v2\/product\/741722","targetHints":{"allow":["GET"]}}],"collection":[{"href":"https:\/\/roveyayinevi.com.tr\/index.php\/wp-json\/wp\/v2\/product"}],"about":[{"href":"https:\/\/roveyayinevi.com.tr\/index.php\/wp-json\/wp\/v2\/types\/product"}],"wp:attachment":[{"href":"https:\/\/roveyayinevi.com.tr\/index.php\/wp-json\/wp\/v2\/media?parent=741722"}],"wp:term":[{"taxonomy":"product_brand","embeddable":true,"href":"https:\/\/roveyayinevi.com.tr\/index.php\/wp-json\/wp\/v2\/product_brand?post=741722"},{"taxonomy":"product_cat","embeddable":true,"href":"https:\/\/roveyayinevi.com.tr\/index.php\/wp-json\/wp\/v2\/product_cat?post=741722"},{"taxonomy":"product_tag","embeddable":true,"href":"https:\/\/roveyayinevi.com.tr\/index.php\/wp-json\/wp\/v2\/product_tag?post=741722"}],"curies":[{"name":"wp","href":"https:\/\/api.w.org\/{rel}","templated":true}]}}