{"id":741721,"date":"2025-08-28T00:55:34","date_gmt":"2025-08-27T21:55:34","guid":{"rendered":"https:\/\/roveyayinevi.com.tr\/index.php\/urun\/meraklisina-ekonomi\/"},"modified":"2026-04-16T02:52:50","modified_gmt":"2026-04-15T23:52:50","slug":"meraklisina-ekonomi","status":"publish","type":"product","link":"https:\/\/roveyayinevi.com.tr\/index.php\/urun\/meraklisina-ekonomi\/","title":{"rendered":"Merakl\u0131s\u0131na Ekonomi"},"content":{"rendered":"<p>Fiyatlar, piyasalar, kahve ve gayrimenkul\u2026   Merakl\u0131s\u0131na Ekonomi, \u00e7a\u011fda\u015f ekonominin temel konular\u0131na ilgi \u00e7ekici bir ilk ad\u0131m.    K\u00fcresel durgunlu\u011fu, d\u00fcnya ticareti, konut ve d\u00f6viz piyasalar\u0131ndaki de\u011fi\u015fen kal\u0131plar\u0131 dikkate alarak g\u00fcncel pek \u00e7ok konuyu i\u00e7eren bu eser, farkl\u0131 ekonomik sistemlerin i\u015fleyi\u015fi, piyasa ekonomilerinin y\u00fckseli\u015f ve d\u00fc\u015f\u00fc\u015f d\u00f6ng\u00fcs\u00fc, fiyat-arz-talep etkile\u015fimi gibi konular\u0131 ele al\u0131yor, bankac\u0131l\u0131k ve finans sekt\u00f6r\u00fcn\u00fcn rol\u00fc ile ekonominin \u00e7evre \u00fczerindeki etkisine de\u011finiyor.     Geli\u015fmekte olan ekonomilerin kar\u015f\u0131 kar\u015f\u0131ya oldu\u011fu se\u00e7enekler ve finansal \u00e7\u00f6k\u00fc\u015f\u00fcn ak\u0131beti gibi konular\u0131 kapsayan yeni vaka \u00e7al\u0131\u015fmalar\u0131 ile eri\u015filebilir bir rehber, ekonominin nas\u0131l \u00e7al\u0131\u015ft\u0131\u011f\u0131n\u0131 anlamak isteyen herkes i\u00e7in temel bir kaynak. <\/p>\n","protected":false},"excerpt":{"rendered":"<p>Fiyatlar, piyasalar, kahve ve gayrimenkul\u2026 Merakl\u0131s\u0131na Ekonomi, \u00e7a\u011fda\u015f ekonominin temel konular\u0131na ilgi \u00e7ekici bir ilk ad\u0131m. K\u00fcresel durgunlu\u011fu, d\u00fcnya ticareti, konut ve d\u00f6viz piyasalar\u0131ndaki de\u011fi\u015fen kal\u0131plar\u0131<span class=\"excerpt-hellip\"> [\u2026]<\/span><\/p>\n","protected":false},"featured_media":0,"template":"","meta":{"_monsterinsights_skip_tracking":false,"_monsterinsights_sitenote_active":false,"_monsterinsights_sitenote_note":"","_monsterinsights_sitenote_category":0},"product_brand":[],"product_cat":[20333,13043],"product_tag":[],"class_list":{"0":"post-741721","1":"product","2":"type-product","3":"status-publish","5":"product_cat-diger-ekonomi","6":"product_cat-ekonomi","7":"pa_cilt-ciltsiz","8":"pa_tur-kitap","9":"pa_yayinevi-nova-kitap","10":"pa_yazar-tony-cleaver","12":"first","13":"instock","14":"sale","15":"shipping-taxable","16":"purchasable","17":"product-type-simple"},"_links":{"self":[{"href":"https:\/\/roveyayinevi.com.tr\/index.php\/wp-json\/wp\/v2\/product\/741721","targetHints":{"allow":["GET"]}}],"collection":[{"href":"https:\/\/roveyayinevi.com.tr\/index.php\/wp-json\/wp\/v2\/product"}],"about":[{"href":"https:\/\/roveyayinevi.com.tr\/index.php\/wp-json\/wp\/v2\/types\/product"}],"wp:attachment":[{"href":"https:\/\/roveyayinevi.com.tr\/index.php\/wp-json\/wp\/v2\/media?parent=741721"}],"wp:term":[{"taxonomy":"product_brand","embeddable":true,"href":"https:\/\/roveyayinevi.com.tr\/index.php\/wp-json\/wp\/v2\/product_brand?post=741721"},{"taxonomy":"product_cat","embeddable":true,"href":"https:\/\/roveyayinevi.com.tr\/index.php\/wp-json\/wp\/v2\/product_cat?post=741721"},{"taxonomy":"product_tag","embeddable":true,"href":"https:\/\/roveyayinevi.com.tr\/index.php\/wp-json\/wp\/v2\/product_tag?post=741721"}],"curies":[{"name":"wp","href":"https:\/\/api.w.org\/{rel}","templated":true}]}}