{"id":741718,"date":"2025-08-28T00:55:30","date_gmt":"2025-08-27T21:55:30","guid":{"rendered":"https:\/\/roveyayinevi.com.tr\/index.php\/urun\/isik-denizden-yansir\/"},"modified":"2026-04-16T02:52:50","modified_gmt":"2026-04-15T23:52:50","slug":"isik-denizden-yansir","status":"publish","type":"product","link":"https:\/\/roveyayinevi.com.tr\/index.php\/urun\/isik-denizden-yansir\/","title":{"rendered":"I\u015f\u0131k Denizden Yans\u0131r"},"content":{"rendered":"<p>Ger\u00e7ek Bir Hayat Hik\u00e2yesi!   \u201c\u0130nsan yavrusunun do\u011fumu i\u00e7in mucize diyorlar, bir de psikolojik do\u011fumuna \u015fahitlik etseler acaba ne derler?\u201d   Uzman Psikolog Okan G\u00fcnay I\u015f\u0131k Denizden Yans\u0131r kitab\u0131nda, gen\u00e7 bir kad\u0131n dan\u0131\u015fan\u0131n\u0131n, Mana\u2019n\u0131n \u00e7arp\u0131c\u0131 \u00f6yk\u00fcs\u00fcyle bulu\u015fturuyor bizleri. Uzun y\u0131llara dayal\u0131 bu terapi yolculu\u011funda Mana\u2019n\u0131n \u00e7evresini ku\u015fatan umutsuzluk duvarlar\u0131n\u0131 y\u0131kma m\u00fccadelesine, inan\u00e7lar\u0131n\u0131 sorgulay\u0131\u015f\u0131na, ruhsal \u00e7at\u0131\u015fmalar\u0131na tan\u0131k olacaks\u0131n\u0131z. Mana\u2019n\u0131n aile i\u00e7i \u015fiddetle, sevgisizlikle ku\u015fat\u0131lm\u0131\u015f hayat\u0131nda, kurtulu\u015f olarak g\u00f6r\u00fcp yeni bir tutsakl\u0131\u011fa d\u00f6n\u00fc\u015fen evlili\u011finde ya\u015fad\u0131klar\u0131, sars\u0131c\u0131 ve bir o kadar da tan\u0131d\u0131k gelecek sizlere.   Okan G\u00fcnay, Mana\u2019n\u0131n i\u00e7 d\u00fcnyas\u0131nda bir b\u00fct\u00fcnl\u00fck kurma ve hayat\u0131n\u0131 yeniden, kendisi i\u00e7in var etme m\u00fccadelesini bir roman s\u00fcr\u00fckleyicili\u011finde aktar\u0131rken ayn\u0131 zamanda \u201cnormal\u201d olan\u0131, \u201cg\u00fcndelik\u201d olan\u0131 sorgulatmay\u0131 ba\u015far\u0131yor. \u00dczerinde g\u00fcvenle ya\u015fad\u0131\u011f\u0131m\u0131z \u201cnormallik\u201d k\u0131tas\u0131 d\u00fc\u015f\u00fcnd\u00fc\u011f\u00fcm\u00fcz kadar sa\u011flam m\u0131 acaba?   <\/p>\n","protected":false},"excerpt":{"rendered":"<p>Ger\u00e7ek Bir Hayat Hik\u00e2yesi! \u201c\u0130nsan yavrusunun do\u011fumu i\u00e7in mucize diyorlar, bir de psikolojik do\u011fumuna \u015fahitlik etseler acaba ne derler?\u201d Uzman Psikolog Okan G\u00fcnay I\u015f\u0131k Denizden Yans\u0131r<span class=\"excerpt-hellip\"> [\u2026]<\/span><\/p>\n","protected":false},"featured_media":0,"template":"","meta":{"_monsterinsights_skip_tracking":false,"_monsterinsights_sitenote_active":false,"_monsterinsights_sitenote_note":"","_monsterinsights_sitenote_category":0},"product_brand":[],"product_cat":[12291,12711],"product_tag":[],"class_list":{"0":"post-741718","1":"product","2":"type-product","3":"status-publish","5":"product_cat-edebiyat","6":"product_cat-roman-oyku","7":"pa_cilt-ciltsiz","8":"pa_tur-kitap","9":"pa_yayinevi-muptela-yayinevi","10":"pa_yazar-okan-gunay","12":"first","13":"instock","14":"sale","15":"shipping-taxable","16":"purchasable","17":"product-type-simple"},"_links":{"self":[{"href":"https:\/\/roveyayinevi.com.tr\/index.php\/wp-json\/wp\/v2\/product\/741718","targetHints":{"allow":["GET"]}}],"collection":[{"href":"https:\/\/roveyayinevi.com.tr\/index.php\/wp-json\/wp\/v2\/product"}],"about":[{"href":"https:\/\/roveyayinevi.com.tr\/index.php\/wp-json\/wp\/v2\/types\/product"}],"wp:attachment":[{"href":"https:\/\/roveyayinevi.com.tr\/index.php\/wp-json\/wp\/v2\/media?parent=741718"}],"wp:term":[{"taxonomy":"product_brand","embeddable":true,"href":"https:\/\/roveyayinevi.com.tr\/index.php\/wp-json\/wp\/v2\/product_brand?post=741718"},{"taxonomy":"product_cat","embeddable":true,"href":"https:\/\/roveyayinevi.com.tr\/index.php\/wp-json\/wp\/v2\/product_cat?post=741718"},{"taxonomy":"product_tag","embeddable":true,"href":"https:\/\/roveyayinevi.com.tr\/index.php\/wp-json\/wp\/v2\/product_tag?post=741718"}],"curies":[{"name":"wp","href":"https:\/\/api.w.org\/{rel}","templated":true}]}}