{"id":741715,"date":"2025-08-28T00:55:25","date_gmt":"2025-08-27T21:55:25","guid":{"rendered":"https:\/\/roveyayinevi.com.tr\/index.php\/urun\/kotu-tohumlar\/"},"modified":"2026-04-16T02:52:50","modified_gmt":"2026-04-15T23:52:50","slug":"kotu-tohumlar","status":"publish","type":"product","link":"https:\/\/roveyayinevi.com.tr\/index.php\/urun\/kotu-tohumlar\/","title":{"rendered":"K\u00f6t\u00fc Tohumlar"},"content":{"rendered":"<p>Denemekten sak\u0131nmayan bir yazar\u0131n ilk roman\u0131: K\u00f6t\u00fc Tohumlar.   As\u0131m Erayd\u0131n, postmodern edebiyat\u0131n t\u00fcm imk\u00e2nlar\u0131ndan faydalanarak kaleme ald\u0131\u011f\u0131 roman\u0131nda kimlik, varolu\u015f, bo\u015fluk, hi\u00e7lik, zihin ve haf\u0131za gibi bir\u00e7ok meseleyi oyunun par\u00e7as\u0131 h\u00e2line getiriyor; kendisini de \u00fcstkurmacan\u0131n merkezine yerle\u015ftiriyor. Roman\u0131n, bir roman yazmak isteyen \u2013ve i\u015fte yaz\u0131yor g\u00f6r\u00fcnen\u2013 ba\u015fki\u015fisiyle birlikte okuru ge\u00e7mi\u015fe yolculu\u011fa dahil ederken, bu yolculu\u011fun karanl\u0131k olaca\u011f\u0131n\u0131n sinyallerini en ba\u015fta veriyor.   Erayd\u0131n\u2019\u0131n roman\u0131, bir an\u0131lar toplam\u0131. \u0130nsan ya\u015fad\u0131klar\u0131n\u0131 elbette unutur \u2013 ama ne kadar\u0131n\u0131?   \u201cBen mi \u00e7ok duygusald\u0131m yoksa insan Euripides\u2019in dedi\u011fi gibi endi\u015feden mi yarat\u0131lm\u0131\u015ft\u0131 ya da ba\u015fka bir bilgenin dedi\u011fi gibi utan\u00e7tan m\u0131? Geriye d\u00f6n\u00fcnce tek t\u00fck se\u00e7ilen mutlu anlar\u0131n bir anda ge\u00e7ip gitmesi; ac\u0131n\u0131n ve utanc\u0131n zaman\u0131 da utand\u0131r\u0131rcas\u0131na yava\u015f yava\u015f akmas\u0131, y\u0131llar sonra gelip uykuyu ka\u00e7\u0131rmas\u0131 herkesin do\u011fas\u0131nda olan bir \u015fey miydi? \u0130nsan bu muydu? Yoksa sadece benim gibi zay\u0131f insanlar m\u0131 b\u00f6yle hissediyordu?\u201d <\/p>\n","protected":false},"excerpt":{"rendered":"<p>Denemekten sak\u0131nmayan bir yazar\u0131n ilk roman\u0131: K\u00f6t\u00fc Tohumlar. As\u0131m Erayd\u0131n, postmodern edebiyat\u0131n t\u00fcm imk\u00e2nlar\u0131ndan faydalanarak kaleme ald\u0131\u011f\u0131 roman\u0131nda kimlik, varolu\u015f, bo\u015fluk, hi\u00e7lik, zihin ve haf\u0131za gibi<span class=\"excerpt-hellip\"> [\u2026]<\/span><\/p>\n","protected":false},"featured_media":0,"template":"","meta":{"_monsterinsights_skip_tracking":false,"_monsterinsights_sitenote_active":false,"_monsterinsights_sitenote_note":"","_monsterinsights_sitenote_category":0},"product_brand":[],"product_cat":[12291,12711],"product_tag":[],"class_list":{"0":"post-741715","1":"product","2":"type-product","3":"status-publish","5":"product_cat-edebiyat","6":"product_cat-roman-oyku","7":"pa_cilt-ciltsiz","8":"pa_tur-kitap","9":"pa_yayinevi-ithaki-yayinlari","10":"pa_yazar-asim-eraydin","12":"first","13":"instock","14":"sale","15":"shipping-taxable","16":"purchasable","17":"product-type-simple"},"_links":{"self":[{"href":"https:\/\/roveyayinevi.com.tr\/index.php\/wp-json\/wp\/v2\/product\/741715","targetHints":{"allow":["GET"]}}],"collection":[{"href":"https:\/\/roveyayinevi.com.tr\/index.php\/wp-json\/wp\/v2\/product"}],"about":[{"href":"https:\/\/roveyayinevi.com.tr\/index.php\/wp-json\/wp\/v2\/types\/product"}],"wp:attachment":[{"href":"https:\/\/roveyayinevi.com.tr\/index.php\/wp-json\/wp\/v2\/media?parent=741715"}],"wp:term":[{"taxonomy":"product_brand","embeddable":true,"href":"https:\/\/roveyayinevi.com.tr\/index.php\/wp-json\/wp\/v2\/product_brand?post=741715"},{"taxonomy":"product_cat","embeddable":true,"href":"https:\/\/roveyayinevi.com.tr\/index.php\/wp-json\/wp\/v2\/product_cat?post=741715"},{"taxonomy":"product_tag","embeddable":true,"href":"https:\/\/roveyayinevi.com.tr\/index.php\/wp-json\/wp\/v2\/product_tag?post=741715"}],"curies":[{"name":"wp","href":"https:\/\/api.w.org\/{rel}","templated":true}]}}