{"id":741713,"date":"2025-08-28T00:55:22","date_gmt":"2025-08-27T21:55:22","guid":{"rendered":"https:\/\/roveyayinevi.com.tr\/index.php\/urun\/haz-2\/"},"modified":"2026-04-16T02:52:50","modified_gmt":"2026-04-15T23:52:50","slug":"haz-2","status":"publish","type":"product","link":"https:\/\/roveyayinevi.com.tr\/index.php\/urun\/haz-2\/","title":{"rendered":"Haz"},"content":{"rendered":"<p>Dylan Thomas \u00d6d\u00fcl\u00fc Kazanan\u0131Kirkus \u00d6d\u00fcl\u00fc Kazanan\u0131National Book Critics Circle En \u0130yi \u00c7\u0131k\u0131\u015f Kitab\u0131 \u00d6d\u00fcl\u00fc Kazanan\u0131\u0130lk kitab\u0131 Haz\u2019\u0131 yay\u0131mlad\u0131\u011f\u0131nda siyah kad\u0131n edebiyat\u0131na bomba gibi d\u00fc\u015fen Leilani, ressaml\u0131\u011f\u0131n\u0131n da etkisiyle d\u00fczyaz\u0131s\u0131n\u0131 farkl\u0131 tonlar ve \u0131st\u0131rap dolu f\u0131r\u00e7a darbelerini \u00e7a\u011fr\u0131\u015ft\u0131ran renklerle dolduruyor. Dilinin ihti\u015fam\u0131, c\u00fcmlelerinin s\u00fcrprizleri ve ke\u015ffedilmemi\u015f y\u00f6nleriyle insan\u0131 sarmal\u0131yor. Haz, kapitalizmin, \u0131rk\u00e7\u0131l\u0131\u011f\u0131n ve cinsiyet\u00e7ili\u011fin cenderesine s\u0131k\u0131\u015fm\u0131\u015f, istikrar ve \u015fefkat isteyen zorluk i\u00e7indeki gen\u00e7 bir kad\u0131n\u0131 merkezine al\u0131yor.Edie yirmili ya\u015flar\u0131nda hayatta t\u00f6kezlemeye ba\u015fl\u0131yor. Vasat bir apartman dairesinde ya\u015f\u0131yor, i\u015fine gidip geliyor, do\u011fru ki\u015fiyi bir t\u00fcrl\u00fc bulam\u0131yor. Ayn\u0131 zamanda, i\u00e7inde kaynayan sanata ara s\u0131ra da olsa can veriyor. Kurallar \u00e7er\u00e7evesinde a\u00e7\u0131k bir evlilik ya\u015fayan Eric ve Rebecca ile tan\u0131\u015f\u0131yor. \u0130\u015fsiz kald\u0131\u011f\u0131nda Eric\u2019in evine davet ediliyor. Rebecca i\u00e7in teredd\u00fctl\u00fc bir m\u00fcttefik ve evlatl\u0131k k\u0131z\u0131na fiili bir rol model h\u00e2line geliyor.Jilet gibi keskin, kurnazca komik ve fazlas\u0131yla s\u00fcr\u00fckleyici olan Haz, \u00e7alkant\u0131l\u0131 bir \u00e7a\u011fda hayat\u0131n\u0131 \u2013a\u00e7l\u0131\u011f\u0131n\u0131, \u00f6fkesini\u2013 anlamland\u0131rmaya \u00e7al\u0131\u015fan gen\u00e7 bir kad\u0131n\u0131n portresi.\u201cE\u011flenceli ve \u00f6l\u00fcmc\u00fcl.\u201d \u2013Zadie Smith\u201cLeilani\u2019nin ilk roman\u0131 yaz gibi: Buzun \u00e7at\u0131rdayarak erimesi gibi mahmur damlalara d\u00f6n\u00fc\u015fen c\u00fcmleler; tepeden a\u015fa\u011f\u0131 \u00e7\u0131lg\u0131nca ileri at\u0131lan bir bisiklet gibi bir hik\u00e2ye.\u201d \u2013The New York Times Book Review<\/p>\n","protected":false},"excerpt":{"rendered":"<p>Dylan Thomas \u00d6d\u00fcl\u00fc Kazanan\u0131Kirkus \u00d6d\u00fcl\u00fc Kazanan\u0131National Book Critics Circle En \u0130yi \u00c7\u0131k\u0131\u015f Kitab\u0131 \u00d6d\u00fcl\u00fc Kazanan\u0131\u0130lk kitab\u0131 Haz\u2019\u0131 yay\u0131mlad\u0131\u011f\u0131nda siyah kad\u0131n edebiyat\u0131na bomba gibi d\u00fc\u015fen Leilani, ressaml\u0131\u011f\u0131n\u0131n<span class=\"excerpt-hellip\"> [\u2026]<\/span><\/p>\n","protected":false},"featured_media":0,"template":"","meta":{"_monsterinsights_skip_tracking":false,"_monsterinsights_sitenote_active":false,"_monsterinsights_sitenote_note":"","_monsterinsights_sitenote_category":0},"product_brand":[],"product_cat":[12291,12711],"product_tag":[],"class_list":{"0":"post-741713","1":"product","2":"type-product","3":"status-publish","5":"product_cat-edebiyat","6":"product_cat-roman-oyku","7":"pa_cilt-ciltsiz","8":"pa_tur-kitap","9":"pa_yayinevi-ithaki-yayinlari","10":"pa_yazar-raven-leilani","12":"first","13":"instock","14":"sale","15":"shipping-taxable","16":"purchasable","17":"product-type-simple"},"_links":{"self":[{"href":"https:\/\/roveyayinevi.com.tr\/index.php\/wp-json\/wp\/v2\/product\/741713","targetHints":{"allow":["GET"]}}],"collection":[{"href":"https:\/\/roveyayinevi.com.tr\/index.php\/wp-json\/wp\/v2\/product"}],"about":[{"href":"https:\/\/roveyayinevi.com.tr\/index.php\/wp-json\/wp\/v2\/types\/product"}],"wp:attachment":[{"href":"https:\/\/roveyayinevi.com.tr\/index.php\/wp-json\/wp\/v2\/media?parent=741713"}],"wp:term":[{"taxonomy":"product_brand","embeddable":true,"href":"https:\/\/roveyayinevi.com.tr\/index.php\/wp-json\/wp\/v2\/product_brand?post=741713"},{"taxonomy":"product_cat","embeddable":true,"href":"https:\/\/roveyayinevi.com.tr\/index.php\/wp-json\/wp\/v2\/product_cat?post=741713"},{"taxonomy":"product_tag","embeddable":true,"href":"https:\/\/roveyayinevi.com.tr\/index.php\/wp-json\/wp\/v2\/product_tag?post=741713"}],"curies":[{"name":"wp","href":"https:\/\/api.w.org\/{rel}","templated":true}]}}