{"id":741712,"date":"2025-08-28T00:55:21","date_gmt":"2025-08-27T21:55:21","guid":{"rendered":"https:\/\/roveyayinevi.com.tr\/index.php\/urun\/sessiz-sakinin-gurultulu-maceralari-5\/"},"modified":"2026-04-16T02:52:50","modified_gmt":"2026-04-15T23:52:50","slug":"sessiz-sakinin-gurultulu-maceralari-5","status":"publish","type":"product","link":"https:\/\/roveyayinevi.com.tr\/index.php\/urun\/sessiz-sakinin-gurultulu-maceralari-5\/","title":{"rendered":"Sessiz Sakin\u2019in G\u00fcr\u00fclt\u00fcl\u00fc Maceralar\u0131 5"},"content":{"rendered":"<p>G\u00dcLMEKTEN KIRILACA\u011eINIZ ACAY\u0130P MACERALAR BU K\u0130TAPTA! Merhaba Cankada\u015flar! Bu sefer acayip, gizemli, \u00e7ok \u00e7\u0131lg\u0131n bir hazine av\u0131 ile kar\u015f\u0131n\u0131zday\u0131m. Maceraya Civildek Ku\u015f Cenneti&#8217;nde ba\u015flad\u0131m. Orada Aynal\u0131 Baba diye biri \u00e7\u0131kt\u0131 kar\u015f\u0131ma. Sonras\u0131nda neler ya\u015fad\u0131m neler&#8230; Ne ara Peri Bacalar\u0131&#8217;na gittim? Hangi ara Pamukkale&#8217;ye vard\u0131m? K\u0131z Kulesi&#8217;ne nas\u0131l gidip, orada hi\u00e7 kimsenin konu\u015famad\u0131\u011f\u0131 birileriyle konu\u015ftum? \u0130shak Pa\u015fa Saray\u0131&#8217;nda neden kalorifer tamircili\u011fi yapt\u0131m? Bo\u011faz K\u00f6pr\u00fcs\u00fc&#8217;n\u00fc ne zaman ge\u00e7tim de S\u00fcleymaniye Camisi&#8217;ne vard\u0131m? Hadi hepsine tamam desem; nas\u0131l koca bir hazine buldum?   Ama i\u015fin \u015fu k\u0131sm\u0131 \u00e7ok net: \u015eahane bir macera ya\u015fad\u0131m!   Hadi \u015fimdi hazineyi bir de beraber bulal\u0131m Cankada\u015flar\u0131m!<\/p>\n","protected":false},"excerpt":{"rendered":"<p>G\u00dcLMEKTEN KIRILACA\u011eINIZ ACAY\u0130P MACERALAR BU K\u0130TAPTA! Merhaba Cankada\u015flar! Bu sefer acayip, gizemli, \u00e7ok \u00e7\u0131lg\u0131n bir hazine av\u0131 ile kar\u015f\u0131n\u0131zday\u0131m. Maceraya Civildek Ku\u015f Cenneti&#8217;nde ba\u015flad\u0131m. Orada Aynal\u0131<span class=\"excerpt-hellip\"> [\u2026]<\/span><\/p>\n","protected":false},"featured_media":0,"template":"","meta":{"_monsterinsights_skip_tracking":false,"_monsterinsights_sitenote_active":false,"_monsterinsights_sitenote_note":"","_monsterinsights_sitenote_category":0},"product_brand":[],"product_cat":[12689,12274],"product_tag":[],"class_list":{"0":"post-741712","1":"product","2":"type-product","3":"status-publish","5":"product_cat-cizgi-roman-cocuk-ve-genclik-kitaplari","6":"product_cat-cocuk-ve-genclik-kitaplari","7":"pa_cilt-ciltsiz","8":"pa_tur-kitap","9":"pa_yayinevi-genc-hayat","10":"pa_yazar-melih-tugtag","12":"first","13":"instock","14":"sale","15":"shipping-taxable","16":"purchasable","17":"product-type-simple"},"_links":{"self":[{"href":"https:\/\/roveyayinevi.com.tr\/index.php\/wp-json\/wp\/v2\/product\/741712","targetHints":{"allow":["GET"]}}],"collection":[{"href":"https:\/\/roveyayinevi.com.tr\/index.php\/wp-json\/wp\/v2\/product"}],"about":[{"href":"https:\/\/roveyayinevi.com.tr\/index.php\/wp-json\/wp\/v2\/types\/product"}],"wp:attachment":[{"href":"https:\/\/roveyayinevi.com.tr\/index.php\/wp-json\/wp\/v2\/media?parent=741712"}],"wp:term":[{"taxonomy":"product_brand","embeddable":true,"href":"https:\/\/roveyayinevi.com.tr\/index.php\/wp-json\/wp\/v2\/product_brand?post=741712"},{"taxonomy":"product_cat","embeddable":true,"href":"https:\/\/roveyayinevi.com.tr\/index.php\/wp-json\/wp\/v2\/product_cat?post=741712"},{"taxonomy":"product_tag","embeddable":true,"href":"https:\/\/roveyayinevi.com.tr\/index.php\/wp-json\/wp\/v2\/product_tag?post=741712"}],"curies":[{"name":"wp","href":"https:\/\/api.w.org\/{rel}","templated":true}]}}