{"id":741711,"date":"2025-08-28T00:55:20","date_gmt":"2025-08-27T21:55:20","guid":{"rendered":"https:\/\/roveyayinevi.com.tr\/index.php\/urun\/sessiz-sakinin-gurultulu-maceralari-4\/"},"modified":"2026-04-16T02:52:50","modified_gmt":"2026-04-15T23:52:50","slug":"sessiz-sakinin-gurultulu-maceralari-4","status":"publish","type":"product","link":"https:\/\/roveyayinevi.com.tr\/index.php\/urun\/sessiz-sakinin-gurultulu-maceralari-4\/","title":{"rendered":"Sessiz Sakin\u2019in G\u00fcr\u00fclt\u00fcl\u00fc Maceralar\u0131 4"},"content":{"rendered":"<p>G\u00dcLMEKTEN KIRILACA\u011eINIZ ACAY\u0130P MACERALAR BU K\u0130TAPTA! Heyyy Cankada\u015flar! Beni unutmad\u0131n\u0131z de\u011fil mi? Ben, Sessiz Sakin. D\u00fcnyan\u0131n en \u00fc\u015fenge\u00e7 macerac\u0131s\u0131! Bu sefer okula gelen &#8220;yeni \u00e7ocuk\u201d y\u00fcz\u00fcnden t\u00fcrl\u00fc maceralar, acayip korkular ya\u015fad\u0131m. Alt\u0131n K\u0131zlar bu kadar \u015feyi nereden biliyor? Yeni \u00e7ocu\u011fun nesi acayip? Neden ondan korktum?  Yeni \u00e7ocuk bir canavar m\u0131yd\u0131? Canavar de\u011filse haylaz ya da tehlikeli olabilir miydi?  Yeni \u00e7ocuk neden ailemi ele ge\u00e7irmeye \u00e7al\u0131\u015f\u0131yor? Yoksa o uzayl\u0131 m\u0131? Allah&#8217;\u0131m ben bu kadar soruyu nas\u0131l cevaplayaca\u011f\u0131m? Ehehe ehehe! Unuttum ya hu. Zaten ben bu sorular\u0131n cevab\u0131n\u0131 kitab\u0131n i\u00e7inde verdim.     O zaman okuyup cevaplar\u0131 bulal\u0131m; kimmi\u015f bu yeni \u00e7ocuk?<\/p>\n","protected":false},"excerpt":{"rendered":"<p>G\u00dcLMEKTEN KIRILACA\u011eINIZ ACAY\u0130P MACERALAR BU K\u0130TAPTA! Heyyy Cankada\u015flar! Beni unutmad\u0131n\u0131z de\u011fil mi? Ben, Sessiz Sakin. D\u00fcnyan\u0131n en \u00fc\u015fenge\u00e7 macerac\u0131s\u0131! Bu sefer okula gelen &#8220;yeni \u00e7ocuk\u201d y\u00fcz\u00fcnden<span class=\"excerpt-hellip\"> [\u2026]<\/span><\/p>\n","protected":false},"featured_media":0,"template":"","meta":{"_monsterinsights_skip_tracking":false,"_monsterinsights_sitenote_active":false,"_monsterinsights_sitenote_note":"","_monsterinsights_sitenote_category":0},"product_brand":[],"product_cat":[12689,12274],"product_tag":[],"class_list":{"0":"post-741711","1":"product","2":"type-product","3":"status-publish","5":"product_cat-cizgi-roman-cocuk-ve-genclik-kitaplari","6":"product_cat-cocuk-ve-genclik-kitaplari","7":"pa_cilt-ciltsiz","8":"pa_tur-kitap","9":"pa_yayinevi-genc-hayat","10":"pa_yazar-melih-tugtag","12":"first","13":"instock","14":"sale","15":"shipping-taxable","16":"purchasable","17":"product-type-simple"},"_links":{"self":[{"href":"https:\/\/roveyayinevi.com.tr\/index.php\/wp-json\/wp\/v2\/product\/741711","targetHints":{"allow":["GET"]}}],"collection":[{"href":"https:\/\/roveyayinevi.com.tr\/index.php\/wp-json\/wp\/v2\/product"}],"about":[{"href":"https:\/\/roveyayinevi.com.tr\/index.php\/wp-json\/wp\/v2\/types\/product"}],"wp:attachment":[{"href":"https:\/\/roveyayinevi.com.tr\/index.php\/wp-json\/wp\/v2\/media?parent=741711"}],"wp:term":[{"taxonomy":"product_brand","embeddable":true,"href":"https:\/\/roveyayinevi.com.tr\/index.php\/wp-json\/wp\/v2\/product_brand?post=741711"},{"taxonomy":"product_cat","embeddable":true,"href":"https:\/\/roveyayinevi.com.tr\/index.php\/wp-json\/wp\/v2\/product_cat?post=741711"},{"taxonomy":"product_tag","embeddable":true,"href":"https:\/\/roveyayinevi.com.tr\/index.php\/wp-json\/wp\/v2\/product_tag?post=741711"}],"curies":[{"name":"wp","href":"https:\/\/api.w.org\/{rel}","templated":true}]}}