{"id":741710,"date":"2025-08-28T00:55:19","date_gmt":"2025-08-27T21:55:19","guid":{"rendered":"https:\/\/roveyayinevi.com.tr\/index.php\/urun\/sessiz-sakinin-gurultulu-maceralari-3\/"},"modified":"2026-04-16T02:52:50","modified_gmt":"2026-04-15T23:52:50","slug":"sessiz-sakinin-gurultulu-maceralari-3","status":"publish","type":"product","link":"https:\/\/roveyayinevi.com.tr\/index.php\/urun\/sessiz-sakinin-gurultulu-maceralari-3\/","title":{"rendered":"Sessiz Sakin\u2019in G\u00fcr\u00fclt\u00fcl\u00fc Maceralar\u0131 3"},"content":{"rendered":"<p>G\u00dcLMEKTEN KIRILACA\u011eINIZ ACAY\u0130P MACERALAR BU K\u0130TAPTA!   Merhaba Cankada\u015flar ve kendini Cankada\u015f hissedenler! Tahmin edin ne oldu? Evet, evet yine tembellik etmeyi planlarken ba\u015f\u0131ma bir ton i\u015f a\u00e7t\u0131m. Neymi\u015f efendim; tek ba\u015f\u0131ma bir okul gazetesi \u00e7\u0131kartacakm\u0131\u015f\u0131m! Peh! Ger\u00e7i a\u00e7\u0131k s\u00f6ylemek gerekirse; benim i\u00e7in k\u00f6t\u00fc olan bu haber, sizin i\u00e7in m\u00fcjde say\u0131l\u0131r. \u00c7\u00fcnk\u00fc acayip bir gazete oldu ya hu! Bu gazetenin i\u00e7inde dedektiflik hik\u00e2yelerinden modaya, canavarlardan bulmacalara, r\u00f6portajlardan gizemli olaylara kadar bir s\u00fcr\u00fc \u015fey var. Daha ne olsun! Not: Ben bu kadar zahmet edip yazd\u0131m, siz de al\u0131p okursunuz de\u011fil mi? \u015eahanesiniz Cankada\u015flar.   <\/p>\n","protected":false},"excerpt":{"rendered":"<p>G\u00dcLMEKTEN KIRILACA\u011eINIZ ACAY\u0130P MACERALAR BU K\u0130TAPTA! Merhaba Cankada\u015flar ve kendini Cankada\u015f hissedenler! Tahmin edin ne oldu? Evet, evet yine tembellik etmeyi planlarken ba\u015f\u0131ma bir ton i\u015f<span class=\"excerpt-hellip\"> [\u2026]<\/span><\/p>\n","protected":false},"featured_media":0,"template":"","meta":{"_monsterinsights_skip_tracking":false,"_monsterinsights_sitenote_active":false,"_monsterinsights_sitenote_note":"","_monsterinsights_sitenote_category":0},"product_brand":[],"product_cat":[12689,12274],"product_tag":[],"class_list":{"0":"post-741710","1":"product","2":"type-product","3":"status-publish","5":"product_cat-cizgi-roman-cocuk-ve-genclik-kitaplari","6":"product_cat-cocuk-ve-genclik-kitaplari","7":"pa_cilt-ciltsiz","8":"pa_tur-kitap","9":"pa_yayinevi-genc-hayat","10":"pa_yazar-melih-tugtag","12":"first","13":"instock","14":"sale","15":"shipping-taxable","16":"purchasable","17":"product-type-simple"},"_links":{"self":[{"href":"https:\/\/roveyayinevi.com.tr\/index.php\/wp-json\/wp\/v2\/product\/741710","targetHints":{"allow":["GET"]}}],"collection":[{"href":"https:\/\/roveyayinevi.com.tr\/index.php\/wp-json\/wp\/v2\/product"}],"about":[{"href":"https:\/\/roveyayinevi.com.tr\/index.php\/wp-json\/wp\/v2\/types\/product"}],"wp:attachment":[{"href":"https:\/\/roveyayinevi.com.tr\/index.php\/wp-json\/wp\/v2\/media?parent=741710"}],"wp:term":[{"taxonomy":"product_brand","embeddable":true,"href":"https:\/\/roveyayinevi.com.tr\/index.php\/wp-json\/wp\/v2\/product_brand?post=741710"},{"taxonomy":"product_cat","embeddable":true,"href":"https:\/\/roveyayinevi.com.tr\/index.php\/wp-json\/wp\/v2\/product_cat?post=741710"},{"taxonomy":"product_tag","embeddable":true,"href":"https:\/\/roveyayinevi.com.tr\/index.php\/wp-json\/wp\/v2\/product_tag?post=741710"}],"curies":[{"name":"wp","href":"https:\/\/api.w.org\/{rel}","templated":true}]}}