{"id":741706,"date":"2025-08-28T00:55:13","date_gmt":"2025-08-27T21:55:13","guid":{"rendered":"https:\/\/roveyayinevi.com.tr\/index.php\/urun\/aslinda-o-olmedi\/"},"modified":"2026-04-16T02:52:50","modified_gmt":"2026-04-15T23:52:50","slug":"aslinda-o-olmedi","status":"publish","type":"product","link":"https:\/\/roveyayinevi.com.tr\/index.php\/urun\/aslinda-o-olmedi\/","title":{"rendered":"Asl\u0131nda O \u00d6lmedi"},"content":{"rendered":"<p>G\u00fcndelik hayat\u0131n neredeyse b\u00fct\u00fcn konular\u0131n\u0131 ortak paydada b\u00fct\u00fcnleyebilece\u011fimiz ba\u015fl\u0131k: hayat-memat dengesi. Hayat k\u0131sm\u0131 her g\u00fcn dilimizde. Mutluluk endeksleri, ya\u015fam\u0131n nas\u0131l programlan\u0131p y\u00f6netilece\u011fini anlatan ki\u015fisel geli\u015fim kitaplar\u0131&#8230; Dengeyi sa\u011flayan \u00f6l\u00fcm \u015fuuru, hayat\u0131n i\u00e7indeki yerini ve anlam\u0131n\u0131 giderek kaybediyor. Ekranlarda her g\u00fcn onlarca ki\u015finin \u00f6l\u00fcm haberine tan\u0131k tutuldu\u011fumuz halde \u201c\u00f6l\u00fcm \u015fuuru\u201dna sahip olmak y\u00fcz sene \u00f6ncesine nazaran daha zor.   T\u0131p teknolojisi bir taraftan insanlar\u0131 \u00f6l\u00fcme ikna ediyor ve \u201conurlu ya\u015fam\u201d \u00fczerinden \u201c\u0131smarlama \u00f6l\u00fcm\u201d hizmeti sunuyor; di\u011fer taraftan ise transh\u00fcmanizme ivme kazand\u0131rarak \u201c\u00f6l\u00fcms\u00fczl\u00fck stratejileri\u201d ile oyal\u0131yor. Oyal\u0131yor, \u00e7\u00fcnk\u00fc her ikisinde de ki\u015fiye \u201c\u00f6l\u00fcml\u00fcl\u00fckle y\u00fczle\u015fme\u201d imk\u00e2n\u0131 ve f\u0131rsat\u0131 sunmuyor.   Hayat-memat dengesinin t\u0131bbi destek alarak bir an \u00f6nce \u00f6lmek isteyenler ile sonsuza kadar ya\u015famak isteyenler aras\u0131nda nas\u0131l bir sal\u0131n\u0131m g\u00f6sterece\u011fi, \u00f6n\u00fcm\u00fczdeki y\u0131llarda sosyolojinin en \u00f6nemli konular\u0131ndan biri olmaya devam edecek gibi g\u00f6r\u00fcn\u00fcyor.   Hayat ve \u00f6l\u00fcm t\u0131bbile\u015firken, art\u0131k \u201cburada\u201d olmayan\u0131n gidi\u015fi magazinle\u015ftiriliyor.  Bu kitaptaki metinler, \u015f\u00f6hret \u00f6l\u00fcmlerinden \u00f6lmeyi \u00f6\u011frenme at\u00f6lyelerine, g\u00fcndelik hayatta, \u00f6l\u00fcm\u00fcn ebed\u00ee \u00e2lemi unutturan bir dil ile \u201csahnelendi\u011fi\u201d zamanlar\u0131n k\u0131sa bir kayd\u0131&#8230;<\/p>\n","protected":false},"excerpt":{"rendered":"<p>G\u00fcndelik hayat\u0131n neredeyse b\u00fct\u00fcn konular\u0131n\u0131 ortak paydada b\u00fct\u00fcnleyebilece\u011fimiz ba\u015fl\u0131k: hayat-memat dengesi. Hayat k\u0131sm\u0131 her g\u00fcn dilimizde. Mutluluk endeksleri, ya\u015fam\u0131n nas\u0131l programlan\u0131p y\u00f6netilece\u011fini anlatan ki\u015fisel geli\u015fim kitaplar\u0131&#8230;<span class=\"excerpt-hellip\"> [\u2026]<\/span><\/p>\n","protected":false},"featured_media":0,"template":"","meta":{"_monsterinsights_skip_tracking":false,"_monsterinsights_sitenote_active":false,"_monsterinsights_sitenote_note":"","_monsterinsights_sitenote_category":0},"product_brand":[],"product_cat":[13072,12291],"product_tag":[],"class_list":{"0":"post-741706","1":"product","2":"type-product","3":"status-publish","5":"product_cat-arastirma-inceleme-referans","6":"product_cat-edebiyat","7":"pa_cilt-ciltsiz","8":"pa_tur-kitap","9":"pa_yayinevi-profil-kitap","10":"pa_yazar-fatma-barbarosoglu","12":"first","13":"instock","14":"sale","15":"shipping-taxable","16":"purchasable","17":"product-type-simple"},"_links":{"self":[{"href":"https:\/\/roveyayinevi.com.tr\/index.php\/wp-json\/wp\/v2\/product\/741706","targetHints":{"allow":["GET"]}}],"collection":[{"href":"https:\/\/roveyayinevi.com.tr\/index.php\/wp-json\/wp\/v2\/product"}],"about":[{"href":"https:\/\/roveyayinevi.com.tr\/index.php\/wp-json\/wp\/v2\/types\/product"}],"wp:attachment":[{"href":"https:\/\/roveyayinevi.com.tr\/index.php\/wp-json\/wp\/v2\/media?parent=741706"}],"wp:term":[{"taxonomy":"product_brand","embeddable":true,"href":"https:\/\/roveyayinevi.com.tr\/index.php\/wp-json\/wp\/v2\/product_brand?post=741706"},{"taxonomy":"product_cat","embeddable":true,"href":"https:\/\/roveyayinevi.com.tr\/index.php\/wp-json\/wp\/v2\/product_cat?post=741706"},{"taxonomy":"product_tag","embeddable":true,"href":"https:\/\/roveyayinevi.com.tr\/index.php\/wp-json\/wp\/v2\/product_tag?post=741706"}],"curies":[{"name":"wp","href":"https:\/\/api.w.org\/{rel}","templated":true}]}}