{"id":741704,"date":"2025-08-28T00:55:12","date_gmt":"2025-08-27T21:55:12","guid":{"rendered":"https:\/\/roveyayinevi.com.tr\/index.php\/urun\/tohumlarin-zaferi\/"},"modified":"2026-04-16T02:52:50","modified_gmt":"2026-04-15T23:52:50","slug":"tohumlarin-zaferi","status":"publish","type":"product","link":"https:\/\/roveyayinevi.com.tr\/index.php\/urun\/tohumlarin-zaferi\/","title":{"rendered":"Tohumlar\u0131n Zaferi"},"content":{"rendered":"<p>\u0130\u00c7ER\u0130K TANITIMI: \u201cHem bir ke\u015fif yolculu\u011fu hem de bir davet olan bu kitap, tohumlar\u0131n evrim, do\u011fa tarihi ve insan k\u00fclt\u00fcr\u00fc boyunca a\u00e7t\u0131\u011f\u0131 dolamba\u00e7l\u0131 yolu takip ettik\u00e7e b\u00fcy\u00fcyen merak\u0131mla birlikte artan bir ilgiden do\u011fdu. Ara\u015ft\u0131rma yapt\u0131\u011f\u0131m ormanlar ve laboratuvarlardan ba\u015flay\u0131p yol boyunca tan\u0131\u015ft\u0131\u011f\u0131m bah\u00e7\u0131vanlar\u0131n, botanik\u00e7ilerin, k\u00e2\u015fiflerin, \u00e7ift\u00e7ilerin, tarih\u00e7ilerin, ke\u015fi\u015flerin \u2013ve elbette harikulade bitkilerin, onlara ba\u011f\u0131ml\u0131 olan hayvanlar\u0131n, ku\u015flar\u0131n, b\u00f6ceklerin\u2013 k\u0131lavuzlu\u011funda hik\u00e2yenin geli\u015fmesini izledim. Tohumlar\u0131n ortak \u00f6zelliklerinden biri onlar\u0131 bulmak i\u00e7in uzaklara bakmam\u0131za gerek olmamas\u0131d\u0131r, \u00e7\u00fcnk\u00fc tohumlar d\u00fcnyam\u0131z\u0131n ayr\u0131lmaz bir par\u00e7as\u0131d\u0131r. \u201cEvet, bir tohumlar d\u00fcnyas\u0131nda ya\u015f\u0131yoruz. Sabah kahvemizden, onun yan\u0131nda yedi\u011fimiz \u00e7\u00f6rekten tutun da k\u0131yafetlerimizin dokundu\u011fu pamu\u011fa, yatmadan \u00f6nce i\u00e7ti\u011fimiz bir fincan kakaolu s\u00fcte kadar tohumlar g\u00fcn boyu bizimledir. Tohumlardan yiyecekler, alkoll\u00fc i\u00e7kiler, ya\u011flar, baharatlar, zehirler, yak\u0131tlar, iplikler, boyalar elde ediyoruz. Tohumlar d\u00fcnyadaki hayat\u0131n temel yap\u0131ta\u015flar\u0131d\u0131r; farkl\u0131 beslenme al\u0131\u015fkanl\u0131klar\u0131n\u0131n, ekonomilerin ve ya\u015fam tarzlar\u0131n\u0131n temelini onlar olu\u015fturur. Keza, vah\u015fi do\u011fadaki ya\u015fama dayanak olu\u015fturanlar da yine onlard\u0131r. \u201cPeki tohumlar nas\u0131l bu kadar ba\u015far\u0131l\u0131 oldu? Tohumlar\u0131n ve onlar\u0131 ta\u015f\u0131yan bitkilerin gezegenimizi tepeden t\u0131rna\u011fa de\u011fi\u015ftirmelerine imk\u00e2n tan\u0131yan \u00f6zellikleri, al\u0131\u015fkanl\u0131klar\u0131 nelerdi? Bu sorunun cevab\u0131, elinizdeki kitab\u0131n anlat\u0131s\u0131n\u0131 kuruyor ve sadece tohumlar\u0131n do\u011fada nas\u0131l serpildiklerini de\u011fil, insanlar i\u00e7in neden bu kadar elzem olduklar\u0131n\u0131 da a\u00e7\u0131kl\u0131\u011fa kavu\u015fturuyor.\u201d \u2014 Thor Hanson   YAZAR HAKKINDA: Amerikal\u0131 biyolog ve yazar Thor Hanson Pasifik K\u0131y\u0131 B\u00f6lgesi\u2019nde do\u011fup b\u00fcy\u00fcd\u00fc. Erken ya\u015flardan itibaren do\u011faya duydu\u011fu ilgi onu koruma biyolojisi alan\u0131na y\u00f6neltti. Redlands \u00dcniversitesi\u2019nden mezun olduktan sonra mast\u0131r\u0131n\u0131 Vermont \u00dcniversitesi\u2019nde, doktoras\u0131n\u0131 ise Idaho \u00dcniversitesi\u2019nde tamamlad\u0131. Ara\u015ft\u0131rmalar\u0131 ve koruma faaliyetleri vesilesiyle d\u00fcnyan\u0131n bir\u00e7ok yerini ziyaret eden Hanson, Orta Amerika\u2019daki a\u011fa\u00e7lar\u0131 ve \u00f6t\u00fcc\u00fc ku\u015flar\u0131, Tanzanya\u2019daki ku\u015f yuvalar\u0131n\u0131, Afrika\u2019daki akbabalar\u0131n beslenme bi\u00e7imlerini inceledi. \u00c7o\u011funlukla do\u011fal sistemlerle be\u015feri sistemlerin kesi\u015fim noktalar\u0131nda \u00e7al\u0131\u015farak habitat par\u00e7alanmas\u0131, tehlike alt\u0131ndaki t\u00fcrler ve sava\u015f\u0131n ekolojik etkileri \u00fczerine ara\u015ft\u0131rmalar y\u00fcr\u00fctt\u00fc. Yazd\u0131\u011f\u0131 kitap ve makalelerin yan\u0131 s\u0131ra do\u011fa koruma \u00f6rg\u00fctlerine dan\u0131\u015fmanl\u0131k da yapan Hanson, halen e\u015fi ve o\u011fluyla birlikte Pasifik K\u0131y\u0131 B\u00f6lgesi\u2019ndeki bir adada ya\u015f\u0131yor. Ar\u0131lar\u0131n Bildikleri ile Pacific Northwest Kitap \u00d6d\u00fcl\u00fc\u2019ne lay\u0131k g\u00f6r\u00fclen yazar\u0131n di\u011fer kitaplar\u0131 \u015funlard\u0131r: Bartholomew Quill (2016; \u00e7ocuk kitab\u0131), The Triumph of Seeds (2015; Phi Beta Kappa \u00d6d\u00fcl\u00fc, Pacific Northwest Kitap \u00d6d\u00fcl\u00fc), Feathers (2011; John Burroughs Madalyas\u0131, AAAS\/Subaru \u00d6d\u00fcl\u00fc, Pacific Northwest Kitap \u00d6d\u00fcl\u00fc) ve The Inpenetrable Forest (2008; USA Book News \u00d6d\u00fcl\u00fc). <\/p>\n","protected":false},"excerpt":{"rendered":"<p>\u0130\u00c7ER\u0130K TANITIMI: \u201cHem bir ke\u015fif yolculu\u011fu hem de bir davet olan bu kitap, tohumlar\u0131n evrim, do\u011fa tarihi ve insan k\u00fclt\u00fcr\u00fc boyunca a\u00e7t\u0131\u011f\u0131 dolamba\u00e7l\u0131 yolu takip ettik\u00e7e<span class=\"excerpt-hellip\"> [\u2026]<\/span><\/p>\n","protected":false},"featured_media":0,"template":"","meta":{"_monsterinsights_skip_tracking":false,"_monsterinsights_sitenote_active":false,"_monsterinsights_sitenote_note":"","_monsterinsights_sitenote_category":0},"product_brand":[],"product_cat":[13005,13006],"product_tag":[],"class_list":{"0":"post-741704","1":"product","2":"type-product","3":"status-publish","5":"product_cat-bilim-muhendislik","6":"product_cat-populer-bilim","7":"pa_cilt-ciltsiz","8":"pa_tur-kitap","9":"pa_yayinevi-metis-yayinlari","10":"pa_yazar-thor-hanson","12":"first","13":"instock","14":"sale","15":"shipping-taxable","16":"purchasable","17":"product-type-simple"},"_links":{"self":[{"href":"https:\/\/roveyayinevi.com.tr\/index.php\/wp-json\/wp\/v2\/product\/741704","targetHints":{"allow":["GET"]}}],"collection":[{"href":"https:\/\/roveyayinevi.com.tr\/index.php\/wp-json\/wp\/v2\/product"}],"about":[{"href":"https:\/\/roveyayinevi.com.tr\/index.php\/wp-json\/wp\/v2\/types\/product"}],"wp:attachment":[{"href":"https:\/\/roveyayinevi.com.tr\/index.php\/wp-json\/wp\/v2\/media?parent=741704"}],"wp:term":[{"taxonomy":"product_brand","embeddable":true,"href":"https:\/\/roveyayinevi.com.tr\/index.php\/wp-json\/wp\/v2\/product_brand?post=741704"},{"taxonomy":"product_cat","embeddable":true,"href":"https:\/\/roveyayinevi.com.tr\/index.php\/wp-json\/wp\/v2\/product_cat?post=741704"},{"taxonomy":"product_tag","embeddable":true,"href":"https:\/\/roveyayinevi.com.tr\/index.php\/wp-json\/wp\/v2\/product_tag?post=741704"}],"curies":[{"name":"wp","href":"https:\/\/api.w.org\/{rel}","templated":true}]}}