{"id":741702,"date":"2025-08-28T00:55:10","date_gmt":"2025-08-27T21:55:10","guid":{"rendered":"https:\/\/roveyayinevi.com.tr\/index.php\/urun\/sinema-ve-toplumsal-cinsiyet\/"},"modified":"2026-04-16T02:52:50","modified_gmt":"2026-04-15T23:52:50","slug":"sinema-ve-toplumsal-cinsiyet","status":"publish","type":"product","link":"https:\/\/roveyayinevi.com.tr\/index.php\/urun\/sinema-ve-toplumsal-cinsiyet\/","title":{"rendered":"Sinema ve Toplumsal Cinsiyet"},"content":{"rendered":"<p>2010- 2020 y\u0131llar\u0131 aras\u0131nda \u00e7ekilmi\u015f on iki filme odaklanan Sinema ve Toplumsal Cinsiyet\u2019in ana temalar\u0131 patriyarka, kad\u0131n\u0131n \u00f6zne olarak varl\u0131\u011f\u0131, kad\u0131n eme\u011fi, anne k\u0131z ve k\u0131z karde\u015f ili\u015fkileri. S\u00f6z konusu filmlerin baz\u0131lar\u0131nda g\u00f6r\u00fcn\u00fcr ve somut, baz\u0131lar\u0131ndaysa g\u00f6r\u00fcnmeyen ve anlat\u0131 d\u0131\u015f\u0131nda b\u0131rak\u0131lan bir babaya duyulan \u00f6zlem, baba eksikli\u011finden kaynaklanan sorunlar s\u00f6z konusudur. Babay\u0131 kamusal alan ve \u00f6zg\u00fcrl\u00fckle, anneyi ise \u00e7ocukla yak\u0131n ili\u015fkiden sorumlu k\u0131lan yap\u0131, anneye \u201ckad\u0131n\u201d olarak di\u015fil kimli\u011fi ile farkl\u0131 bir birey olma hakk\u0131 tan\u0131maz.Bu kitapta, kad\u0131n karakterlerin bak\u0131\u015f, ses ve ta\u015fra \u00f6zelinde mekanda varolu\u015flar\u0131 \u00fczerinden \u00f6zne olma olas\u0131l\u0131klar\u0131 tart\u0131\u015f\u0131lmakta, patriyarkal yap\u0131, emek g\u00fcc\u00fc i\u00e7erisindeki konumlar\u0131, anne-k\u0131z ili\u015fkileri g\u00f6z \u00f6n\u00fcne al\u0131narak filmlere dair b\u00fct\u00fcnl\u00fckl\u00fc bir \u00e7er\u00e7eve olu\u015fturulmaya \u00e7al\u0131\u015f\u0131lmaktad\u0131r.   <\/p>\n","protected":false},"excerpt":{"rendered":"<p>2010- 2020 y\u0131llar\u0131 aras\u0131nda \u00e7ekilmi\u015f on iki filme odaklanan Sinema ve Toplumsal Cinsiyet\u2019in ana temalar\u0131 patriyarka, kad\u0131n\u0131n \u00f6zne olarak varl\u0131\u011f\u0131, kad\u0131n eme\u011fi, anne k\u0131z ve k\u0131z<span class=\"excerpt-hellip\"> [\u2026]<\/span><\/p>\n","protected":false},"featured_media":0,"template":"","meta":{"_monsterinsights_skip_tracking":false,"_monsterinsights_sitenote_active":false,"_monsterinsights_sitenote_note":"","_monsterinsights_sitenote_category":0},"product_brand":[],"product_cat":[12364],"product_tag":[],"class_list":{"0":"post-741702","1":"product","2":"type-product","3":"status-publish","5":"product_cat-genel-konular","6":"pa_cilt-ciltsiz","7":"pa_tur-kitap","8":"pa_yayinevi-nika-yayinevi","9":"pa_yazar-gul-yasarturk","11":"first","12":"instock","13":"sale","14":"shipping-taxable","15":"purchasable","16":"product-type-simple"},"_links":{"self":[{"href":"https:\/\/roveyayinevi.com.tr\/index.php\/wp-json\/wp\/v2\/product\/741702","targetHints":{"allow":["GET"]}}],"collection":[{"href":"https:\/\/roveyayinevi.com.tr\/index.php\/wp-json\/wp\/v2\/product"}],"about":[{"href":"https:\/\/roveyayinevi.com.tr\/index.php\/wp-json\/wp\/v2\/types\/product"}],"wp:attachment":[{"href":"https:\/\/roveyayinevi.com.tr\/index.php\/wp-json\/wp\/v2\/media?parent=741702"}],"wp:term":[{"taxonomy":"product_brand","embeddable":true,"href":"https:\/\/roveyayinevi.com.tr\/index.php\/wp-json\/wp\/v2\/product_brand?post=741702"},{"taxonomy":"product_cat","embeddable":true,"href":"https:\/\/roveyayinevi.com.tr\/index.php\/wp-json\/wp\/v2\/product_cat?post=741702"},{"taxonomy":"product_tag","embeddable":true,"href":"https:\/\/roveyayinevi.com.tr\/index.php\/wp-json\/wp\/v2\/product_tag?post=741702"}],"curies":[{"name":"wp","href":"https:\/\/api.w.org\/{rel}","templated":true}]}}